{"id":32705,"date":"2015-04-27T15:40:58","date_gmt":"2015-04-27T15:40:58","guid":{"rendered":"http:\/\/helseforhandleren.no\/?page_id=32705"},"modified":"2024-03-10T12:52:26","modified_gmt":"2024-03-10T12:52:26","slug":"about-baldron","status":"publish","type":"page","link":"https:\/\/helseforhandleren.no\/de\/about-baldron\/","title":{"rendered":"\u00dcber Baldron"},"content":{"rendered":"<div class=\"fusion-fullwidth fullwidth-box fusion-builder-row-1 fusion-flex-container nonhundred-percent-fullwidth non-hundred-percent-height-scrolling\" style=\"--awb-border-radius-top-left:0px;--awb-border-radius-top-right:0px;--awb-border-radius-bottom-right:0px;--awb-border-radius-bottom-left:0px;--awb-flex-wrap:wrap;\" ><div class=\"fusion-builder-row fusion-row fusion-flex-align-items-flex-start fusion-flex-content-wrap\" style=\"max-width:1248px;margin-left: calc(-4% \/ 2 );margin-right: calc(-4% \/ 2 );\"><div class=\"fusion-layout-column fusion_builder_column fusion-builder-column-0 fusion_builder_column_1_1 1_1 fusion-flex-column\" style=\"--awb-bg-size:cover;--awb-width-large:100%;--awb-margin-top-large:0px;--awb-spacing-right-large:1.92%;--awb-margin-bottom-large:0px;--awb-spacing-left-large:1.92%;--awb-width-medium:100%;--awb-spacing-right-medium:1.92%;--awb-spacing-left-medium:1.92%;--awb-width-small:100%;--awb-spacing-right-small:1.92%;--awb-spacing-left-small:1.92%;\"><div class=\"fusion-column-wrapper fusion-flex-justify-content-flex-start fusion-content-layout-column\"><div class=\"fusion-text fusion-text-1\"><p>Raphael Kleimann\u00a0(Dornach, Schweiz und Oslo, Norwegen) ist P\u00e4dagoge, Baumpfleger, Forscher und Therapeut\u00a0\u2013 und der Entwickler der <a href=\"https:\/\/helseforhandleren.no\/de\/produkt-kategorie\/baldron-misteltree-essences-de\/\" rev=\"en_rl_none\">BALDRON Mistel-Bl\u00fctenessenzen<\/a>. Er ist therapeutisch, forschend und sozialk\u00fcnstlerisch in einer Vielzahl von Projekten in Europa t\u00e4tig.<br \/>\nSeit 2004 Mit-Gr\u00fcnder einer Reihe gemeinn\u00fctziger wie auch unternehmerischer Initiativen f\u00fcr eine angewandte spirituelle \u00d6kologie und praktischen Br\u00fcckenbau zwischen Mensch und Natur:\u00a0 \u00a0<a href=\"http:\/\/freearth.org\/\">Freearth.org<\/a>, <a href=\"https:\/\/beedynamic.no\/\" rev=\"en_rl_none\">BeeDynamic<\/a>, Nordic Light Association und vor allem\u00a0<a href=\"https:\/\/baldron.org\/\">BALDRON<\/a>, mit dem Motto: &#8222;Earth Health Co-Creation&#8220;.<br \/>\n17 Jahre T\u00e4tigkeit in Norwegen, u.a. als Waldorflehrer, Baumpfleger und als Mit-Initiator von internationalen Konferenzen wie &#8222;<a href=\"https:\/\/summerweek.baldron.org\/summer-weeks-2017\/?lang=de\" rev=\"en_rl_none\">Sommerwochen Spirituelle \u00d6kologie<\/a>&#8222;, &#8222;<a href=\"https:\/\/www.conception.no\/media\/portfolio\/pdf\/poster1.pdf\" rev=\"en_rl_none\">Wireless Humanity<\/a>&#8220; ; &#8222;<a href=\"https:\/\/www.youtube.com\/playlist?list=PL38CE643D234D3DE3\" rev=\"en_rl_none\">Wassersymposium<\/a>&#8222;;\u00a0 &#8222;<a href=\"https:\/\/baldron.org\/wp-content\/uploads\/2012\/04\/Light-Conference_English.pdf\" rev=\"en_rl_none\">Light Conference<\/a>&#8222;.<br \/>\nIn seine therapeutische Praxis l\u00e4sst er die vielf\u00e4ltigen Erfahrungen als Umwelt- und Energiemediziner (u.a. 7 Jahre Training mit <a href=\"https:\/\/stilton.no\/authors\/11-audun-myskja\" rev=\"en_rl_none\">Dr. Audun Myskja<\/a>) und <a href=\"https:\/\/www.bildekraefte.de\/\" rev=\"en_rl_none\">Bildekr\u00e4fteforscher <\/a>einflie\u00dfen. Aus der eigenen Betroffenheit als Elektrosensibler hat er sich zudem einen umfangreichen Schatz von F\u00e4higkeiten und baubiologischen Ma\u00dfnahmen erarbeitet, aus dem er anderen &#8222;higly sensitive persons&#8220; zu einem reicheren Leben verhelfen m\u00f6chte.<br \/>\nAlle diese Wahrnehmungsebenen schlie\u00dfen sich zusammen in der\u00a0 &#8222;Geo-Biographie&#8220; , einer Heilmethode f\u00fcr den spirituell selbstverantwortlichen Menschen der Gegenwart.<br \/>\nSeit 2015\u00a0 intensive und vielsprachige Vortrags- und Kurst\u00e4tigkeit in ganz Europa,\u00a0zu Themen wie:<br \/>\n-Strahlung und Gesundheit,<br \/>\n&#8211; spirituelle \u00d6kologie<br \/>\n-5G und Digitalisierung,<br \/>\n-(Elektro-)Sensibilit\u00e4t als Chance,<br \/>\n-Lichtbiologie &#8211; Lichtverschmutzung &#8211; Lichtheilung,<br \/>\netc.\u00a0 \u2013<br \/>\noft begleitet auch durch die heilende Perspektiven mit den Baldron MistleTree Essences\u00a0(\u201eGeo-Biographie\u201c).<br \/>\nSo hat er u.a. beigetragen zu<br \/>\nder <a href=\"https:\/\/dgeim.de\/doppelkongress-19-20-mai-2019\/referenten-und-themen-dgeim-doppelkongress-2019\/\" rev=\"en_rl_none\">Jubil\u00e4umskonferenz 2019<\/a> der Deutschen Gesellschaft f\u00fcr Energie- und Informationsmedizin (<a href=\"https:\/\/dgeim.de\/\" rev=\"en_rl_none\">DGEIM<\/a>) und dem <a href=\"https:\/\/www.biokrebs-kongress.de\/\" rev=\"en_rl_none\">Biokrebs<\/a> &#8211; <a href=\"https:\/\/www.biokrebs-kongress.de\/\" rev=\"en_rl_none\">Patienten-Arzt-Kongress<\/a> der <a href=\"https:\/\/www.biokrebs.de\/\" rev=\"en_rl_none\">Gesellschaft f\u00fcr Biologische Krebsabwehr<\/a>,<br \/>\n&#8211; <a href=\"http:\/\/www.flowertherapyworlday.com\/en\/project\/\" rev=\"en_rl_none\">Flowertherapy World Day<\/a>,<br \/>\nund einer Reihe\u00a0anthroposophischer Veranstaltungen wie z.B. dem<br \/>\n&#8211;<a href=\"http:\/\/kolisko-academy.org\/courses\/clinical-foundation-course\/description\/\" rev=\"en_rl_none\">Clinical Foundation Course<\/a> der Kolisko Akademie f\u00fcr Anthroposophische Medizin,<br \/>\n-der <a href=\"http:\/\/www.meditation.goetheanum.org\/die-initiative\/die-initiative\/\" rev=\"en_rl_none\">Meditation World Wide Conference 2017<\/a>und der<br \/>\n&#8211;<a href=\"https:\/\/medsektion-goetheanum.org\/veranstaltungen\/\" rev=\"en_rl_none\">Jahreskonferenz der Medizinischen Sektion am Goetheanum in Dornach<\/a>.<br \/>\nSeine ausgedehnten Vortragsreisen\u00a0\u00a0&#8211; zwischen Milano und Stavanger, in Mittel- und Osteuropa bis nach Bukarest, Moskau und\u00a0Irkutsk\u00a0 &#8211; sind f\u00fcr ihn immer auch Gelegenheiten,\u00a0 Menschen, Sprachen\u00a0 und Landschaften durch pers\u00f6nliche Begegnungen tiefer zu verstehen.<br \/>\nDerzeitige Forschungsschwerpunkte in Dornach \/Schweiz:<br \/>\n-Mistel-Essenzen in der Landschaft;<br \/>\n-Spirituelle Hintergr\u00fcnde und und Entwicklungsperspektiven im Zeitgeschehen;<br \/>\n-Geo-Biographie;<br \/>\n-Resilienzst\u00e4rkung\u00a0 durch Mistel-Bienen-Essenzen;<br \/>\n-Heilkr\u00e4fte und Zeitgestalt des Jahreslaufes;<br \/>\n-Dynamische Dialoge: Essenzen und Eurythmie.<\/p>\n<h2><\/h2>\n<\/div><\/div><\/div><\/div><\/div>\n","protected":false},"excerpt":{"rendered":"","protected":false},"author":3,"featured_media":0,"parent":0,"menu_order":0,"comment_status":"closed","ping_status":"closed","template":"","meta":{"footnotes":""},"class_list":["post-32705","page","type-page","status-publish","hentry"],"_links":{"self":[{"href":"https:\/\/helseforhandleren.no\/de\/wp-json\/wp\/v2\/pages\/32705","targetHints":{"allow":["GET"]}}],"collection":[{"href":"https:\/\/helseforhandleren.no\/de\/wp-json\/wp\/v2\/pages"}],"about":[{"href":"https:\/\/helseforhandleren.no\/de\/wp-json\/wp\/v2\/types\/page"}],"author":[{"embeddable":true,"href":"https:\/\/helseforhandleren.no\/de\/wp-json\/wp\/v2\/users\/3"}],"replies":[{"embeddable":true,"href":"https:\/\/helseforhandleren.no\/de\/wp-json\/wp\/v2\/comments?post=32705"}],"version-history":[{"count":0,"href":"https:\/\/helseforhandleren.no\/de\/wp-json\/wp\/v2\/pages\/32705\/revisions"}],"wp:attachment":[{"href":"https:\/\/helseforhandleren.no\/de\/wp-json\/wp\/v2\/media?parent=32705"}],"curies":[{"name":"wp","href":"https:\/\/api.w.org\/{rel}","templated":true}]}}