{"id":32711,"date":"2015-04-27T15:45:57","date_gmt":"2015-04-27T15:45:57","guid":{"rendered":"http:\/\/helseforhandleren.no\/?page_id=32711"},"modified":"2024-03-10T12:38:57","modified_gmt":"2024-03-10T12:38:57","slug":"bedingungen","status":"publish","type":"page","link":"https:\/\/helseforhandleren.no\/de\/bedingungen\/","title":{"rendered":"Impressum"},"content":{"rendered":"<div class=\"fusion-fullwidth fullwidth-box fusion-builder-row-1 fusion-flex-container nonhundred-percent-fullwidth non-hundred-percent-height-scrolling\" style=\"--awb-border-radius-top-left:0px;--awb-border-radius-top-right:0px;--awb-border-radius-bottom-right:0px;--awb-border-radius-bottom-left:0px;--awb-flex-wrap:wrap;\" ><div class=\"fusion-builder-row fusion-row fusion-flex-align-items-flex-start fusion-flex-content-wrap\" style=\"max-width:1248px;margin-left: calc(-4% \/ 2 );margin-right: calc(-4% \/ 2 );\"><div class=\"fusion-layout-column fusion_builder_column fusion-builder-column-0 fusion_builder_column_1_1 1_1 fusion-flex-column\" style=\"--awb-bg-size:cover;--awb-width-large:100%;--awb-margin-top-large:0px;--awb-spacing-right-large:1.92%;--awb-margin-bottom-large:0px;--awb-spacing-left-large:1.92%;--awb-width-medium:100%;--awb-spacing-right-medium:1.92%;--awb-spacing-left-medium:1.92%;--awb-width-small:100%;--awb-spacing-right-small:1.92%;--awb-spacing-left-small:1.92%;\"><div class=\"fusion-column-wrapper fusion-flex-justify-content-flex-start fusion-content-layout-column\"><div class=\"fusion-title title fusion-title-1 fusion-sep-none fusion-title-text fusion-title-size-one\" style=\"--awb-margin-top-small:10px;--awb-margin-right-small:0px;--awb-margin-bottom-small:10px;--awb-margin-left-small:0px;\"><h1 class=\"fusion-title-heading title-heading-left\" style=\"margin:0;\">Impressum<\/h1><\/div><div class=\"fusion-text fusion-text-1\"><h1><strong>BALDRON Germany<\/strong><\/h1>\n<p><strong>Raphael Kleimann<\/strong><\/p>\n<p>Dumte 17, 48565 Steinfurt, Germany<\/p>\n<p>Telephone +49 2552 9234999<\/p>\n<p>Email:\u00a0<u><a href=\"mailto:raphael@baldron.com\">raphael@baldron.com<\/a><\/u><\/p>\n<p>Internett:\u00a0<a href=\"https:\/\/helseforhandleren.no\/de\/\">https:\/\/helseforhandleren.no\/de\/<\/a><\/p>\n<p><strong>Konto:<\/strong><\/p>\n<p><strong>BALDRON Germany<\/strong><\/p>\n<p><strong>IBAN: DE77 4035 1060 0073123861<\/strong><\/p>\n<p><strong>BIC \/SWIFT: WELADED1STF<\/strong><\/p>\n<p>Kreissparkasse Steinfurt Kroosgang 17, 48565 Steinfurt,\u00a0BLZ 40351060<\/p>\n<p>Kontonr.: 73123861<\/p>\n<p><strong>Steuernummer<\/strong>\u00a0<strong>460\/766\/01087*\u00a0<\/strong>German Tax ID<\/p>\n<p><strong>Umsatzsteuer-Identifikationsnummer (USt-IdNr): DE334476773 * (<\/strong>Value-Added-Tax Registration Number (VAT ID\/VAT Reg No)<\/p>\n<p><strong>\u00a0<\/strong>* Entsprechend der Kleinunternehmer-Regel ist BALDRON Germany nicht umsatzsteuerpflichtig, hat aber dennoch eine\u00a0Umsatzsteuer-Identifikationsnummer<\/p>\n<p>* Being a small business, BALDRON Germany is exempted from VAT, but still has a VAT ID (value added tax identification number)<\/p>\n<p>* Conform\u00e9ment \u00e0 la r\u00e8gle des petites entreprises, BALDRON Germany n\u2019est pas soumise \u00e0 la TVA, mais quand meme poss\u00e8de un num\u00e9ro de TVA<\/p>\n<p><strong>Inhaltlich Verantwortlicher gem\u00e4\u00df \u00a7 55 Abs. 2 RStV:<\/strong>\u00a0Raphael Kleimann (Anschrift wie oben)<br \/>\n<strong><br \/>\nHaftungshinweis:<\/strong>\u00a0Trotz sorgf\u00e4ltiger inhaltlicher Kontrolle \u00fcbernehmen wir keine Haftung f\u00fcr die Inhalte externer Links. F\u00fcr den Inhalt der verlinkten Seiten sind ausschlie\u00dflich deren Betreiber verantwortlich.<strong>Online-Streitbeilegung gem\u00e4\u00df Art. 14 Abs. 1 ODR-VO:\u00a0<\/strong>Die Europ\u00e4ische Kommission stellt eine Plattform zur Online-Streitbeilegung (OS) bereit, die Sie unter\u00a0<a href=\"http:\/\/ec.europa.eu\/consumers\/odr\/\">http:\/\/ec.europa.eu\/consumers\/odr\/\u00a0<\/a>\u00a0finden.<\/p>\n<h2>General<\/h2>\n<p>Diese Verkaufsbedingungen gelten f\u00fcr alle Verk\u00e4ufe von Waren aus BALDRON Org.<\/p>\n<p>Org. Nr. 987846097 Mehrwertsteuer, f\u00fcr die Verbraucher, und Store Sales. Kundenauftragsbest\u00e4tigung \/ Reservierung zusammen mit diesen Bedingungen die gesamten Auftrags Grundlage f\u00fcr den Handel. Alle Informationen auf unseren Seiten sind auf Norwegisch geschrieben. BALDRON als F\u00f6rderer der in diesem Online-Shop pr\u00e4sentiert Produkte und Dienstleistungen. Durch die handels\u00fcblichen, in so einem Kauf Beziehung zwischen Ihnen als Kunde und Verk\u00e4ufer eingetragen. Die Verk\u00e4ufe an die Verbraucher in das Verbraucherrecht und Verbraucherrecht geregelt. Der Verbraucherrat hat Informationen \u00fcber den Kunden die Rechte von Versandhandel vorbereitet. Dazu geh\u00f6rten Hardware.<\/p>\n<p>Alle Lieferfristen sind als Richtwerte und Abweichungen vom angegebenen Lieferzeit betrachtet werden nicht Lieferfrist ohne weitere Ank\u00fcndigung angegeben. Jede nach der Bestellung auftreten Preis wird nicht r\u00fcckwirkend.<\/p>\n<p>Alle Preise verstehen sich inklusive Mehrwertsteuer und exklusive Versandkosten und Steuern, wenn nicht anders im Angebot angegeben.<\/p>\n<p>Alle Anfragen in Bezug auf Produkte und Dienstleistungen f\u00fcr unsere Kunden zu richten.<\/p>\n<h2>Zahlungsmethoden<\/h2>\n<p>Wenn man auf die Zahlung kommt, hat die folgenden Optionen:<\/p>\n<ul>\n<li>Vorkasse: Wir verpacken bereiten Waren zu uns und sendet dem Kunden dann Rechnung mit Giro. Sobald wir Best\u00e4tigung der Zahlung beschleunigten Paket Beitrag Service-Paket oder ein gleichwertiges Produkt erhalten haben.<\/li>\n<li>(Coming sp\u00e4ter : ) VISA, Mastercard und American Express. Dies ist die schnellste L\u00f6sung f\u00fcr Sie, um das Einzelteil empfangen. Artikel mit der n\u00e4chsten Post zugestellt.<\/li>\n<\/ul>\n<h2>Versand<\/h2>\n<p>Wir versenden alle Waren innerhalb Norwegen Posten und zus\u00e4tzlich zu den auf der Ware angegebenen Preisen kommen die Fracht in \u00dcbereinstimmung mit der Unternehmens regul\u00e4ren Preis. Die Preise variieren je Gewicht \/ Volumen der Sendung. Um im Ausland k\u00f6nnen w\u00e4hlen, UPS verwenden.<\/p>\n<h2>Lieferung<\/h2>\n<p>Die Ware wird entweder Luftpost oder Dienstleistungspaket, das im Grunde an die angegebene Adresse des K\u00e4ufers kommt zum n\u00e4chsten Postamt im Zusammenhang gesendet. Wir k\u00f6nnen Pakete von max senden. 30 kg mit Posten aus Angst vor Verletzungen. F\u00fcr gr\u00f6\u00dfere Pakete mit godsbil, verwenden andere Verlader.<\/p>\n<h2>Lieferung<\/h2>\n<p>Die Waren werden verpackt und fortlaufend nach der Zahlung, normalerweise innerhalb einer Woche. Die meisten Einzelteile auf Lager sind. Artikel nicht auf Lager haben eine Lieferzeit von 2-3 Wochen. Produkt Sendungen passiert K\u00e4uferrisiko, Versicherung muss von jedem Kunden organisiert werden. Ausl\u00e4ndische Kunden sind f\u00fcr die Einhaltung der geltenden Vorschriften f\u00fcr die Einfuhr- und Zoll verantwortlich. Wenn w\u00e4hrend des Transports Sch\u00e4den gilt Spediteur Schadenr\u00fcckstellungen.Wie der Artikel auf Lager ist, und wir Zahlung gesendet Artikel-Regel mit der aktuellen Post erhalten haben. Norwegian Kunden werden in der Regel nach 2-4 Tagen empfangen das Einzelteil.<\/p>\n<p>In zeitweise kann einige Verz\u00f6gerungen vor allem in Zeiten, wo BALDRON Academy hat wichtige Ereignisse eintreten. Wir verpflichten uns nicht, diese Lieferzeiten in den folgenden Wochenenden, Feiertagen und Festen zu halten: Osterferien (Palm Samstag sogar 2.p\u00e5skedag), Sommerferien, aber auch Weihnachten und Neujahr 24.12. auf 6,1. Baldron ihren eigenen Urlaub ist in der Regel auf der Website www.baldron.org angek\u00fcndigt.<\/p>\n<h2>Garantie<\/h2>\n<p>Unsere Garantien beinhaltet keine Einschr\u00e4nkungen Audiocasts f\u00fcr Waren unter Verbraucherrecht.<\/p>\n<p>Auf jeden fehlenden, verkauft nur verpflichtet, die Lieferung der Teile die defekt sind, ersetzen. Wir sind nur f\u00fcr das Produkt selbst verantwortlich, um nicht um Folge, Missbrauch und Montagekosten zu Verz\u00f6gerungen usw. verbunden Wenn der Kunde andere Gewerke verwendet versuchen, Fehler und Vers\u00e4umnisse zu korrigieren, sind wir nicht mehr f\u00fcr das Produkt oder die damit verbundenen Kosten verantwortlich .<\/p>\n<p>Wenn eine solche Notwendigkeit entsteht, werden wir kontaktiert werden und entscheiden, wie und mit wem der Fehler behoben ist. Auf jeden sichtbaren Sch\u00e4den an der Verpackung bei Lieferung, muss diese auf dem Kassenbon oder Frachtbrief vermerkt der Kunde wird gebeten, nach Erhalt zu unterzeichnen. M\u00e4ngel, die sp\u00e4ter angezeigt wird, m\u00fcssen Sie uns so schnell wie m\u00f6glich und nicht sp\u00e4ter als zwei Monate nach dem festgestellt wird, mitgeteilt werden.<\/p>\n<h2>Zur\u00fccktreten<\/h2>\n<p>Unter Bezugnahme auf die norwegische Eink\u00e4ufe. Bestimmte Waren au\u00dfer returreretten: tilklippete Stoffe, Folien usw. und Elektronikger\u00e4ten und Telefonen mm. Beachten Sie, dass der Akt Auszug aus Verbraucherrat \u2013 15. Juni 2001 Gesetz \u00fcber die Offenlegung und K\u00fchlung usw. fern Absatz und Umsatz au\u00dferhalb einer dauerhaften Absatz (das Gesetz) gilt. 1. Mai 2001 Die Sonder Das Gesetz ist, dass Sie die M\u00f6glichkeit, aus einer impulsiven Kauf ohne dass dem Verk\u00e4ufer, warum Sie kaufen m\u00f6chten abgesagt rechtfertigen zu bekommen. Das Gesetz gilt f\u00fcr Vertr\u00e4ge zum Kauf oder zur Miete, die Sie in au\u00dferhalb Verkaufsstelle oder durch Fernabsatz eingegeben haben. Das Gesetz gilt f\u00fcr den Kauf von Waren und Dienstleistungen. Es gilt auch f\u00fcr den Kauf von Dingen gemacht oder hergestellt durch den K\u00e4ufer muss (Herstellungs K\u00e4ufe) werden. Gesetz gilt nur f\u00fcr 14 Tage ab Erhalt des Artikels. Hat der Kunde ein R\u00fccksendeformular entweder in der Auftragsbest\u00e4tigung oder mit der Lieferung von Produkten, die nicht erhalten haben, verl\u00e4ngert diese Frist um drei Monate. Nach der R\u00fcckkehr von Waren auf R\u00fcckzug, m\u00fcssen Sie Versandkosten zu decken, zu verkaufen (Empf\u00e4nger)<\/p>\n<h2>Wenn das Gesetz gilt<\/h2>\n<p>Gesetz gilt, wenn sie au\u00dferhalb des Verk\u00e4ufers permanente Vertrieb, wie zB Haust\u00fcrgesch\u00e4ften, Ausstellungs Vertrieb, Stra\u00dfenverkauf, Hausverk\u00e4ufe (Homeparties) und Vertrieb am Arbeitsplatz Umsatz kommen. Der Gesamtbetrag muss \u00fcber 300 Millionen sein. Das Gesetz gilt auch f\u00fcr Fernabsatz wie Versandhandel, Internet-Vertrieb, Telemarketing, TV-Shop, sowie einzelne Auftr\u00e4ge im Clubmitgliedschaften (z. Buch und Rekord-Clubs). In solchen Fernabsatz gelten Ziehen Act jeden Betrag. F\u00fcr das Widerrufsrecht gelten, muss das Produkt uns in der gleichen Menge und Zustand geliefert werden, wie Kunden erhalten haben. Das Produkt wird in der Originalverpackung an uns zur\u00fcckzusenden, zusammen mit einem R\u00fccksendeformular.<\/p>\n<p><strong>Wenn das Gesetz nicht anzuwenden<\/strong><\/p>\n<ul>\n<li>Wenn der Artikel nicht auf praktisch die gleiche Beschaffenheit und Menge (dh Originalverpackung, Zubeh\u00f6r, etc ..) und dem Schaden und Verschlechterung durch Fahrl\u00e4ssigkeit oder mangelnde Sorgfalt verursacht durch den Verbraucher zur\u00fcckgegeben werden.<\/li>\n<li>Waren, wo die tats\u00e4chliche Liefer hat dazu gef\u00fchrt, dass sie sich nicht auf Verbrauchsmaterialien, Zubeh\u00f6r und Speichermedien Daten, Audio und Video-Produkte zur\u00fcckerstattet, wenn das Siegel gebrochen ist und die Verpackung ge\u00f6ffnet wird.<\/li>\n<li>Wenn Sie montieren, Ladeger\u00e4t, Klingeln mit, Schutzfolie abziehen, entfernen Sie Plastikfolie auf Handb\u00fccher, Abl\u00f6sung vom Kabel ol.<\/li>\n<\/ul>\n<p><strong>Verfahren zum Widerruf<\/strong><\/p>\n<ul>\n<li>Es sollte Originalverpackung f\u00fcr den R\u00fccksendung der Sache verwendet werden<\/li>\n<li>Alle Zubeh\u00f6rteile im Produkt enthalten muss vollst\u00e4ndig zur\u00fcckgegeben werden<\/li>\n<li>Sie m\u00fcssen Versandkosten zur\u00fcck an den Verk\u00e4ufer zu decken<\/li>\n<li>Nehmen Norwegische Post Package w. Servicepaket. Dann erhalten Sie eine Quittung mit einer sendingsnr bekommen. Bewahren Sie diese.<\/li>\n<li>Seien Sie besonders Verpackungen au\u00dferhalb der Originalverpackung auf, um sie nicht zu besch\u00e4digen.<\/li>\n<\/ul>\n<p>Hinweis: Wenn die oben genannten Punkte nicht Follow-up, wird das Einzelteil zur\u00fcck Sie werden Gr\u00fcnde R\u00fcckzug zur\u00fcckgegangen.<\/p>\n<h2>R\u00fcckg\u00e4ngig Form der Ware beigef\u00fcgt<\/h2>\n<p>Ein Standard bereuen Form, die Ware zu begleiten. Dies sollte durch den Verk\u00e4ufer abgeschlossen werden, und wird durch den K\u00e4ufer verwendet, um den Verk\u00e4ufer, dass er \/ sie auf das Widerrufsrecht nutzen m\u00f6chte benachrichtigt werden. K\u00e4ufer ist nicht verpflichtet, Undo-Formular. Mitteilung an den H\u00e4ndler sollte schriftlich erteilt werden, wenn die Stornierung Rechte verwenden m\u00f6chte. Standard Undo Form kann aus dem Ministerium f\u00fcr Kinder- und Familienangelegenheiten erhalten, m\u00f6glicherweise direkt von der Website heruntergeladen werden.<\/p>\n<\/div><\/div><\/div><\/div><\/div>\n","protected":false},"excerpt":{"rendered":"","protected":false},"author":1,"featured_media":0,"parent":0,"menu_order":0,"comment_status":"closed","ping_status":"closed","template":"","meta":{"footnotes":""},"class_list":["post-32711","page","type-page","status-publish","hentry"],"_links":{"self":[{"href":"https:\/\/helseforhandleren.no\/de\/wp-json\/wp\/v2\/pages\/32711","targetHints":{"allow":["GET"]}}],"collection":[{"href":"https:\/\/helseforhandleren.no\/de\/wp-json\/wp\/v2\/pages"}],"about":[{"href":"https:\/\/helseforhandleren.no\/de\/wp-json\/wp\/v2\/types\/page"}],"author":[{"embeddable":true,"href":"https:\/\/helseforhandleren.no\/de\/wp-json\/wp\/v2\/users\/1"}],"replies":[{"embeddable":true,"href":"https:\/\/helseforhandleren.no\/de\/wp-json\/wp\/v2\/comments?post=32711"}],"version-history":[{"count":0,"href":"https:\/\/helseforhandleren.no\/de\/wp-json\/wp\/v2\/pages\/32711\/revisions"}],"wp:attachment":[{"href":"https:\/\/helseforhandleren.no\/de\/wp-json\/wp\/v2\/media?parent=32711"}],"curies":[{"name":"wp","href":"https:\/\/api.w.org\/{rel}","templated":true}]}}