{"id":17021,"date":"2014-08-10T10:00:44","date_gmt":"2014-08-10T10:00:44","guid":{"rendered":"http:\/\/helseforhandleren.no\/butikk\/ukategorisert\/re-lux-ionisator-harmonisering-av-stromledninger-2\/"},"modified":"2024-04-05T09:23:44","modified_gmt":"2024-04-05T09:23:44","slug":"re-lux-ionisator-harmonisering-av-stromledninger","status":"publish","type":"product","link":"https:\/\/helseforhandleren.no\/de\/geschaeft\/strahlung-emf-de\/elektro-de\/re-lux-ionisator-harmonisering-av-stromledninger\/","title":{"rendered":"RE LUX Ionisator"},"content":{"rendered":"<h4>Inhaltsstoffe<\/h4>\n<p>Silicium, Magnesium, Bienenwachs, Gold, Tonholz Fichte<\/p>\n<h4>Ma\u00dfe<\/h4>\n<p>19 x 17 x 5,5 cm<\/p>\n","protected":false},"excerpt":{"rendered":"<div class=\"mod_article zusatz\"><span class=\"\" lang=\"no\"><span class=\"\" lang=\"no\"><span title=\"Funktion und Anwendung&lt;\/p&gt;<br \/>\n&lt;p&gt;&#8220;>Funktion und Anwendung<\/span><\/span><\/span><\/p>\n<p>\u00a0<\/p>\n<p><span class=\"\" lang=\"no\"><span class=\"\" lang=\"no\"><span title=\"Weitgehend bekannt ist, dass die von au\u00dfen eindringenden sowie die im Raum selbst erzeugten Funkfelder Belastungen hervorrufen.\">Weitgehend bekannt ist, dass die von au\u00dfen eindringenden sowie die im Raum selbst erzeugten Funkfelder Belastungen hervorrufen. <\/span><span title=\"Weniger jedoch das Ph\u00e4nomen der \u201eschmutzigen Elektrizit\u00e4t&quot; (Engl. dirty electricity): aus den \u2013 oftmals schlecht isolierten \u2013 Stromleitungen k\u00f6nnen sich st\u00f6rende Spannungsfelder in den Raum hinein ausbreiten.&lt;\/p&gt;<br \/>\n&lt;p&gt;&#8220;>Weniger jedoch das Ph\u00e4nomen der &#8222;schmutzigen Elektrizit\u00e4t&#8220; (Engl skitten elektrisitet.): Aus den &#8211; oftmals schlecht isolierten &#8211; Stromleitungen k\u00f6nnen sich st\u00f6rende Spannungsfelder i hiet Raum hinein ausbreiten.<\/span><\/span><\/span><\/p>\n<p>\u00a0<\/p>\n<p><span class=\"\" lang=\"no\"><span class=\"\" lang=\"no\"><span title=\"Der RE LUX Ionisator wurde speziell zur Umwandlung der St\u00f6rfelder von schlecht isolierten Leitungen und elektrischen Ger\u00e4ten entwickelt.\">Der RE LUX Ionisator wurde Speziell zur Umwandlung der St\u00f6rfelder von schlecht isolierten Leitungen und elektrischen Ger\u00e4ten entwickelt. <\/span><span title=\"Er wirkt direkt auf die hausinternen Stromleitungen sowie alle daran angeschlossenen Ger\u00e4te (zur Umwandlung der Funkfelder dagegen bieten wir RE LUX II, Re Lux III und das RE LUX Gesteinsmehl an).&lt;br \/&gt;<br \/>\n&#8222;>Er wirkt direkt auf die hausinternen Stromleitungen sowie alle daran angeschlossenen Ger\u00e4te (zur Umwandlung der Funkfelder dagegen bieten wir RE LUX II, Re Lux III und das RE LUX Gesteinsmehl en).<br \/> <\/span><span title=\"Die Installation ist einfach: der Re Lux Ionisator wird mit dem mitgelieferten Klettband am Sicherungskasten angebracht.\">D\u00f8 Installasjon ist einfach: der Re Lux Ionisator wird mit dem mitgelieferten Klettband er Sicherungskasten angebracht. <\/span><span title=\"Es m\u00fcssen keine Installationen ge\u00e4ndert oder Leitungen unterbrochen werden.&lt;\/p&gt;<br \/>\n&lt;p&gt;&#8220;>Es m\u00fcssen keine INSTALLATIONEN ge\u00e4ndert oder Leitungen unterbrochen werden.<\/span><\/span><\/span><\/p>\n<p>\u00a0<\/p>\n<p><span id=\"result_box\" class=\"\" lang=\"no\"><span title=\"Anmerkung: Sind in der eigenen Wohnung Funktechniken wie DECT-Telefon und W-LAN im Einsatz, empfehlen wir als ersten Schritt zur Elektrosmogreduzierung die Umstellung auf kabelgebundene Ger\u00e4te.\">Anmerkung: Sind in der eigenen Wohnung Funktechniken wie DECT-Telefon und W-LAN im Einsatz, empfehlen wir als ersten Schritt zur Elektrosmogreduzierung d\u00f8 Umstellung auf kabelgebundene Ger\u00e4te.<\/span><\/span><\/div>\n","protected":false},"featured_media":81500,"comment_status":"closed","ping_status":"closed","template":"","meta":[],"product_brand":[],"product_cat":[1048,553,1184],"product_tag":[560,561,562,563,564,803,565,804,566,567,568,569,805,570,806,571,807,808,572],"class_list":{"0":"post-17021","1":"product","2":"type-product","3":"status-publish","4":"has-post-thumbnail","6":"product_cat-elektro-de","7":"product_cat-skjerming-de","8":"product_cat-re-lux-nb-de","9":"product_tag-alternativ-de","10":"product_tag-alternativ-helse-de","11":"product_tag-amulett-de","12":"product_tag-amulett-alternativ-eter-relux-findeisen-straling-antroposofi-orgon-energi-de","13":"product_tag-antroposofi-de","14":"product_tag-energetisk-skjerming-de","15":"product_tag-energi-de","16":"product_tag-energimedisin-de","17":"product_tag-eter-de","18":"product_tag-eterteknologi-de","19":"product_tag-findeisen-de","20":"product_tag-findeisen-straling-antroposofi-orgon-energi-de","21":"product_tag-gesundheit-de","22":"product_tag-orgon-de","23":"product_tag-re-lux-nb-de","24":"product_tag-relux-de","25":"product_tag-skjerming-alternativ-de","26":"product_tag-strahlung-emf-de","27":"product_tag-straling-de","29":"first","30":"instock","31":"purchasable","32":"product-type-simple"},"_links":{"self":[{"href":"https:\/\/helseforhandleren.no\/de\/wp-json\/wp\/v2\/product\/17021","targetHints":{"allow":["GET"]}}],"collection":[{"href":"https:\/\/helseforhandleren.no\/de\/wp-json\/wp\/v2\/product"}],"about":[{"href":"https:\/\/helseforhandleren.no\/de\/wp-json\/wp\/v2\/types\/product"}],"replies":[{"embeddable":true,"href":"https:\/\/helseforhandleren.no\/de\/wp-json\/wp\/v2\/comments?post=17021"}],"wp:featuredmedia":[{"embeddable":true,"href":"https:\/\/helseforhandleren.no\/de\/wp-json\/wp\/v2\/media\/81500"}],"wp:attachment":[{"href":"https:\/\/helseforhandleren.no\/de\/wp-json\/wp\/v2\/media?parent=17021"}],"wp:term":[{"taxonomy":"product_brand","embeddable":true,"href":"https:\/\/helseforhandleren.no\/de\/wp-json\/wp\/v2\/product_brand?post=17021"},{"taxonomy":"product_cat","embeddable":true,"href":"https:\/\/helseforhandleren.no\/de\/wp-json\/wp\/v2\/product_cat?post=17021"},{"taxonomy":"product_tag","embeddable":true,"href":"https:\/\/helseforhandleren.no\/de\/wp-json\/wp\/v2\/product_tag?post=17021"}],"curies":[{"name":"wp","href":"https:\/\/api.w.org\/{rel}","templated":true}]}}