{"id":17150,"date":"2015-02-26T10:44:38","date_gmt":"2015-02-26T10:44:38","guid":{"rendered":"http:\/\/helseforhandleren.no\/butikk\/ukategorisert\/eterkilde-aurum-2-2\/"},"modified":"2024-04-05T09:23:54","modified_gmt":"2024-04-05T09:23:54","slug":"eterkilde-aurum-2","status":"publish","type":"product","link":"https:\/\/helseforhandleren.no\/de\/geschaeft\/abschirmung\/skjerming-de\/eterkilde-aurum-2\/","title":{"rendered":"Aetherquelle Aurum Glaslinse"},"content":{"rendered":"<p>!! Die Aetherquelle Aurum Glaslinse ist derzeit leider ausverkauft !!<\/p>\n<p>Vorbestellungen k\u00f6nnen Sie gerne telefonisch oder per Email aufgeben.<\/p>\n<p>Harmonie und Gleichgewicht<\/p>\n<p>Die Energien der Aetherquelle Aurum (lat. Gold) Glaslinse I durchstr\u00f6men vom Herzen ausgehend den ganzen K\u00f6rper. Sie beleben zudem die gesamte Raumatmosph\u00e4re und lassen den Raum von innen strahlen.<\/p>\n<p> Dadurch werden, am K\u00f6rper angewendet, die Lebenskr\u00e4fte in ein harmonisches Gleichgewicht gebracht und alle rhythmischen Prozesse angeregt.<\/p>\n<p>Seelisch kann der Mensch zur Ruhe kommen und gelassener mit dem Leben umgehen. \u00dcberdies vermittelt das sanfte Rosa der Glasfarbgebung das liebevolle Zu-Sich-kommen in einem gekl\u00e4rten, geborgenen ReLux-Raumklima.<\/p>\n<p> F\u00fcr die Aurum-Glaslinse haben wir wieder intensiv mit dem Glask\u00fcnstler Lucien Turci vom Verein Lichtblick  zusammengearbeitet. In einem handwerklich au\u00dferordentlich schwierigen Prozess werden ausgesuchte Substanzen in eine Speziallegierung eingeschmolzen und in eine besondere Form gebracht. So k\u00f6nnen die Aurum-Energien in einen weiten Umkreis \u00fcbertragen werden.<\/p>\n<p>Die Glaslinse Aurum kann Wegbegleiter sein auf Reisen. Man kann sie am Arbeitsplatz, sowie zuhause platzieren.<\/p>\n<p>Je bewusster der Anwender sich mit diesem \u201eGoldst\u00fcck\u201c verbindet, desto deutlicher kann die friedliche Stimmung auf Mensch und Raum \u00fcbergehen und so innere Balance erreichbar und erlebbar machen.<\/p>\n<p>Das Gold<\/p>\n<p>Gold (lat. aurum) wird seit Jahrtausenden dort eingesetzt, wo das Edelste, das Erhabenste und H\u00f6chste im Menschen ber\u00fchrt werden soll. Es ist das Metall der K\u00f6nige und G\u00f6tter. In M\u00e4rchen und Mythen ist es Symbol f\u00fcr Weisheit und Vollkommenheit.<br \/>\nVon ihm gehen Eigenschaften aus, die seit fr\u00fchester Geschichte mit der Sonne und dem Herzen in enger Verbindung gesehen werden.<\/p>\n<p>Unter den sieben Hauptmetallen vereinigen sich im Gold die h\u00f6chsten Werte physikalischer und chemischer Eigenschaften und halten sich im stabilen Gleichgewicht. Harmonie und Gleichgewicht sind \u2013 dem Gold vergleichbar \u2013 die Funktionen des Herzens, mit denen es zwischen allen polaren Prozessen des menschlichen Organismus steht.<\/p>\n","protected":false},"excerpt":{"rendered":"<p>!! Die Aetherquelle Aurum Glaslinse ist derzeit leider ausverkauft !!<\/p>\n<p>Vorbestellungen k\u00f6nnen Sie gerne telefonisch oder per Email aufgeben.<\/p>\n<p>Glaslinse f\u00fcr R\u00e4ume und Au\u00dfenbereiche<br \/>\nAufkommen ausgeglichener Gelassenheit,<br \/>\nStimmungsaufhellung Angenehme Ruhe, die sich vom Herzen ausgehend im K\u00f6rper ausbreitet,<br \/>\nSt\u00e4rkung der Herz- und Atmungsdynamik<\/p>\n","protected":false},"featured_media":81517,"comment_status":"closed","ping_status":"closed","template":"","meta":[],"product_brand":[],"product_cat":[553,834,555,1184],"product_tag":[560,561,562,564,803,565,804,566,567,568,569,805,570,806,571,807,808,572],"class_list":{"0":"post-17150","1":"product","2":"type-product","3":"status-publish","4":"has-post-thumbnail","6":"product_cat-skjerming-de","7":"product_cat-energi-farge-de","8":"product_cat-energimedisin-de","9":"product_cat-re-lux-nb-de","10":"product_tag-alternativ-de","11":"product_tag-alternativ-helse-de","12":"product_tag-amulett-de","13":"product_tag-antroposofi-de","14":"product_tag-energetisk-skjerming-de","15":"product_tag-energi-de","16":"product_tag-energimedisin-de","17":"product_tag-eter-de","18":"product_tag-eterteknologi-de","19":"product_tag-findeisen-de","20":"product_tag-findeisen-straling-antroposofi-orgon-energi-de","21":"product_tag-gesundheit-de","22":"product_tag-orgon-de","23":"product_tag-re-lux-nb-de","24":"product_tag-relux-de","25":"product_tag-skjerming-alternativ-de","26":"product_tag-strahlung-emf-de","27":"product_tag-straling-de","29":"first","30":"onbackorder","31":"taxable","32":"shipping-taxable","33":"purchasable","34":"product-type-simple"},"_links":{"self":[{"href":"https:\/\/helseforhandleren.no\/de\/wp-json\/wp\/v2\/product\/17150","targetHints":{"allow":["GET"]}}],"collection":[{"href":"https:\/\/helseforhandleren.no\/de\/wp-json\/wp\/v2\/product"}],"about":[{"href":"https:\/\/helseforhandleren.no\/de\/wp-json\/wp\/v2\/types\/product"}],"replies":[{"embeddable":true,"href":"https:\/\/helseforhandleren.no\/de\/wp-json\/wp\/v2\/comments?post=17150"}],"wp:featuredmedia":[{"embeddable":true,"href":"https:\/\/helseforhandleren.no\/de\/wp-json\/wp\/v2\/media\/81517"}],"wp:attachment":[{"href":"https:\/\/helseforhandleren.no\/de\/wp-json\/wp\/v2\/media?parent=17150"}],"wp:term":[{"taxonomy":"product_brand","embeddable":true,"href":"https:\/\/helseforhandleren.no\/de\/wp-json\/wp\/v2\/product_brand?post=17150"},{"taxonomy":"product_cat","embeddable":true,"href":"https:\/\/helseforhandleren.no\/de\/wp-json\/wp\/v2\/product_cat?post=17150"},{"taxonomy":"product_tag","embeddable":true,"href":"https:\/\/helseforhandleren.no\/de\/wp-json\/wp\/v2\/product_tag?post=17150"}],"curies":[{"name":"wp","href":"https:\/\/api.w.org\/{rel}","templated":true}]}}