{"id":17398,"date":"2014-08-10T09:53:59","date_gmt":"2014-08-10T09:53:59","guid":{"rendered":"http:\/\/helseforhandleren.no\/butikk\/ukategorisert\/aetherquelle-ferrum\/"},"modified":"2024-04-05T09:24:09","modified_gmt":"2024-04-05T09:24:09","slug":"aetherquelle-ferrum","status":"publish","type":"product","link":"https:\/\/helseforhandleren.no\/de\/geschaeft\/helse\/energimedisin\/re-lux\/aetherquelle-ferrum\/","title":{"rendered":"Aetherquelle Ferrum"},"content":{"rendered":"<p>\u00a0<\/p>\n<section class=\"ce_colsetStart subcolumns colcount_2\">\n<div class=\"c50l col_1 first\">\n<div class=\"subcl\">\n<div class=\"ce_text block\">\n<h3>Funktion und Anwendung<\/h3>\n<p>In der Aetherquelle Ferrum befindet sich eine spezielle Zusammensetzung und Anordnung von organischen und anorganischen Natursubstanzen. Dadurch werden in gro\u00dfen Mengen Vital-Energien angezogen und konzentriert wieder abgegeben.<\/p>\n<p>Die Aetherquelle Ferrum kann\u00a0zur Verbesserung der Raumatmosph\u00e4re aufgestellt, oder bei Beschwerden auch direkt auf belastete K\u00f6rperstellen aufgelegt werden.<\/p>\n<p>Das Energiefeld der Aetherquelle Ferrum kann einen ganzen Raum erf\u00fcllen, entfaltet jedoch seine st\u00e4rkste Wirksamkeit innerhalb einer Entfernung von etwa 3 m.<\/p>\n<p>Die Aetherquelle Ferrum I kann f\u00fcr sehr sensible, geschw\u00e4chte Menschen eingesetzt werden.<\/p>\n<\/div>\n<\/div>\n<\/div>\n<div class=\"mod_colsetPart c50r col_2 last\">\n<div class=\"subcr\">\n<div class=\"ce_text block\">\n<h3>Das Eisen<\/h3>\n<p>Eine ma\u00dfgebliche Substanz in der Kombination der Inhaltsstoffe ist Eisen &#8211; lat. ferrum.<\/p>\n<p>Eisen bereitet die Grundlage f\u00fcr alle Lebens\u00advorg\u00e4nge im menschlichen K\u00f6rper und ist in ihm als einziges der sieben Hauptmetalle in einer nennenswerten Gr\u00f6\u00dfe (mit circa 5 g) substanziell vorhanden. Ohne Eisen w\u00e4re keine Sauerstoffaufnahme und die damit verbundenen Stoffwechselprozesse m\u00f6glich.<\/p>\n<p>Bei Eisen\u00admangel f\u00fchlt sich der Mensch m\u00fcde, ersch\u00f6pft, kraftlos, unf\u00e4hig zu Konzentration, klaren Vorstellungen und Gedanken.<\/p>\n<\/div>\n<\/div>\n<\/div>\n<\/section>\n<div class=\"ce_text block\">\n<h3>Die Lebenskr\u00e4fte<\/h3>\n<\/div>\n<section class=\"ce_colsetStart equalize subcolumns colcount_2\">\n<div class=\"c50l col_1 first\">\n<div class=\"subcl\">\n<div class=\"ce_text block\">\n<p>Mit dem Namen Aetherquelle deuten wir auf die Lebenskr\u00e4fte hin, die auch als Aetherkr\u00e4fte bezeichnet werden k\u00f6nnen. Sie sind die energetischen Grundlagen jedes Lebensprozesses.<\/p>\n<p>In diesem Bereich der Aetherkr\u00e4fte wird genauso wie im Physischen in vier Elemente unterteilt:<\/p>\n<ul>\n<li>W\u00e4rme &#8211; W\u00e4rme\u00e4ther\u00a0<\/li>\n<li>Luft &#8211; Licht\u00e4ther<\/li>\n<li>Wasser &#8211; Chemischer- oder Klang\u00e4ther<\/li>\n<li>Erde &#8211; Lebens\u00e4ther<\/li>\n<\/ul>\n<\/div>\n<\/div>\n<\/div>\n<div class=\"mod_colsetPart c50r col_2 last\">\n<div class=\"subcr\">\n<div class=\"ce_text block\">\n<p>Wenn diese Aetherenergien in einem ausgewogenen Verh\u00e4ltnis mid dem physischen K\u00f6rper verbunden sind, ist der K\u00f6rper gesund.<\/p>\n<p>In unserer Aetherquelle Ferrum sind alle vier Aetherarten ber\u00fccksichtigt. So soll \u00fcber die Steigerung der Aetherkr\u00e4fte der physische K\u00f6rper gest\u00e4rkt werden.<\/p>\n<\/div>\n<\/div>\n<\/div>\n<\/section>\n","protected":false},"excerpt":{"rendered":"<h3>Detailinformationen<\/h3>\n<h4>Inhaltsstoffe<\/h4>\n<p>Eisen, Schafwolle, Bienenwachs, Rosenquarz, Mineralienpulver, Alpakawolle, Tonholz Fichte<\/p>\n<h4>Ma\u00dfe<\/h4>\n<p>19 x 19 x 5 cm<\/p>\n","protected":false},"featured_media":81524,"comment_status":"closed","ping_status":"closed","template":"","meta":[],"product_brand":[],"product_cat":[764,429,574],"product_tag":[375,528,374,373,379,37,215,799,376,381,378,529,14,380,800,377,371,38,790],"class_list":{"0":"post-17398","1":"product","2":"type-product","3":"status-publish","4":"has-post-thumbnail","6":"product_cat-energetisk-skjerming","7":"product_cat-re-lux-nb","8":"product_cat-re-lux","9":"product_tag-alternativ","10":"product_tag-alternativ-helse","11":"product_tag-amulett","12":"product_tag-amulett-alternativ-eter-relux-findeisen-straling-antroposofi-orgon-energi","13":"product_tag-antroposofi","14":"product_tag-energetisk-skjerming","15":"product_tag-energi","16":"product_tag-energimedisin","17":"product_tag-eter","18":"product_tag-eterteknologi","19":"product_tag-findeisen","20":"product_tag-findeisen-straling-antroposofi-orgon-energi","21":"product_tag-helse","22":"product_tag-orgon","23":"product_tag-re-lux-nb","24":"product_tag-relux","25":"product_tag-skjerming-alternativ","26":"product_tag-straling","27":"product_tag-straling-emf","29":"first","30":"instock","31":"taxable","32":"shipping-taxable","33":"purchasable","34":"product-type-variable"},"_links":{"self":[{"href":"https:\/\/helseforhandleren.no\/de\/wp-json\/wp\/v2\/product\/17398","targetHints":{"allow":["GET"]}}],"collection":[{"href":"https:\/\/helseforhandleren.no\/de\/wp-json\/wp\/v2\/product"}],"about":[{"href":"https:\/\/helseforhandleren.no\/de\/wp-json\/wp\/v2\/types\/product"}],"replies":[{"embeddable":true,"href":"https:\/\/helseforhandleren.no\/de\/wp-json\/wp\/v2\/comments?post=17398"}],"wp:featuredmedia":[{"embeddable":true,"href":"https:\/\/helseforhandleren.no\/de\/wp-json\/wp\/v2\/media\/81524"}],"wp:attachment":[{"href":"https:\/\/helseforhandleren.no\/de\/wp-json\/wp\/v2\/media?parent=17398"}],"wp:term":[{"taxonomy":"product_brand","embeddable":true,"href":"https:\/\/helseforhandleren.no\/de\/wp-json\/wp\/v2\/product_brand?post=17398"},{"taxonomy":"product_cat","embeddable":true,"href":"https:\/\/helseforhandleren.no\/de\/wp-json\/wp\/v2\/product_cat?post=17398"},{"taxonomy":"product_tag","embeddable":true,"href":"https:\/\/helseforhandleren.no\/de\/wp-json\/wp\/v2\/product_tag?post=17398"}],"curies":[{"name":"wp","href":"https:\/\/api.w.org\/{rel}","templated":true}]}}