{"id":17414,"date":"2014-08-10T10:00:45","date_gmt":"2014-08-10T10:00:45","guid":{"rendered":"http:\/\/helseforhandleren.no\/butikk\/ukategorisert\/re-lux-elektrogerate\/"},"modified":"2024-04-05T09:24:14","modified_gmt":"2024-04-05T09:24:14","slug":"re-lux-elektrogerate","status":"publish","type":"product","link":"https:\/\/helseforhandleren.no\/de\/geschaeft\/abschirmung\/skjerming-de\/abschirmung-von-mobilfunkstrahlung-hf\/re-lux-elektrogerate\/","title":{"rendered":"RE LUX Elektroger\u00e4te"},"content":{"rendered":"<p>Funktion und Anwendung<\/p>\n<p>Heutzutage brauchen wir immer mehr Schutz vor negativen Einfl\u00fcssen von Smart-, Mobiltelefonen und Wi-Fi.<\/p>\n<p>Durch jahrelange Forschungsarbeit konnten wir ReLux-Produkte entwickeln, um \u00fcbertriebene, negative Kr\u00e4fte in unserem Alltag auszugleichen und zu transformieren. Durch unsere ReLux Produkte wird die Strahlung weder absorbiert noch reflektiert. Stattdessen stehen die ausgleichenden und erweiterten Re Lux-Energiefelder dem K\u00f6rper zur Verf\u00fcgung, um die St\u00f6rungen des Elektrosmogs zu \u00fcberwinden.<\/p>\n<p>Nach einer intensiven Arbeit an der Entwicklung unserer Produkte konnten wir ReLux-Energien in m\u00f6glichst effiziente und dauerhafte Weise in Kohlefasern integrieren. Durch unseren speziellen Herstellungsprozess wird dem Chip ein mit Information impr\u00e4gniertes ReLux-Tr\u00e4germaterial hinzugef\u00fcgt. Damit steht dem ReLux-Handy-Chip immer ein m\u00f6glichst effektives Energiefeld zur Verf\u00fcgung.<\/p>\n<p>ReLux Handy-Chip kann einfach auf Smart-, Mobiltelefone und Wi-Fi-Router etc. befestigt werden oder man kann sie direkt in den Telefonkasten legen.<\/p>\n<p>Wenn Sie Ihr Ger\u00e4t \u00e4ndern, k\u00f6nnen Sie einfach den Chip abnehmen und auf den neuen legen.<\/p>\n<p>Wir empfehlen dringend, mobile Ger\u00e4te so wenig wie m\u00f6glich zu nutzen. F\u00fcr praktische Ratschl\u00e4ge, wie Sie die Menge der Strahlung von mobilen Ger\u00e4ten zu Hause und am Arbeitsplatz zu reduzieren.<\/p>\n<p>Die Re Lux (Latin f\u00fcr Licht wieder) Ger\u00e4t verwandelt elektromagnetische Verschmutzung. Diese Vorrichtung verhindert, dass die aggressiven elektromagnetischen Kr\u00e4fte in den lebenden Organismus eindringen und diesen sch\u00e4digen.<\/p>\n<p>Im Gegensatz zu anderen Ger\u00e4ten, die derzeit angeboten werden, leitet die Re Lux die Strahlung nicht weiter und streut sie nicht, sondern verwandelt sie stattdessen. Dies wird durch ein neu entwickeltes Potentialisierungsverfahren verschiedener Substanzen erreicht. Wenn diese Substanzen wechselwirken, entwickeln sie einen starken Licht-Ether, der an die Umgebung abgegeben wird. Eine der verwendeten Substanzen ist Gold in seiner reinsten Form von 24 Karat. Unter bestimmten planetaren Bedingungen wird das Gold den Kr\u00e4ften des Tierkreises ausgesetzt und auch f\u00fcr etwa sieben Stunden dem Sonnenlicht ausgesetzt.<\/p>\n","protected":false},"excerpt":{"rendered":"<p>Re Lux Elektroplate &#8211; for smartphone<\/p>\n","protected":false},"featured_media":81538,"comment_status":"closed","ping_status":"closed","template":"","meta":[],"product_brand":[],"product_cat":[1783,553,834,555,1420,1184],"product_tag":[560,561,562,564,803,565,804,566,567,568,569,805,570,806,571,807,808,572],"class_list":{"0":"post-17414","1":"product","2":"type-product","3":"status-publish","4":"has-post-thumbnail","6":"product_cat-abschirmung-von-mobilfunkstrahlung-hf","7":"product_cat-skjerming-de","8":"product_cat-energi-farge-de","9":"product_cat-energimedisin-de","10":"product_cat-mobil-de","11":"product_cat-re-lux-nb-de","12":"product_tag-alternativ-de","13":"product_tag-alternativ-helse-de","14":"product_tag-amulett-de","15":"product_tag-antroposofi-de","16":"product_tag-energetisk-skjerming-de","17":"product_tag-energi-de","18":"product_tag-energimedisin-de","19":"product_tag-eter-de","20":"product_tag-eterteknologi-de","21":"product_tag-findeisen-de","22":"product_tag-findeisen-straling-antroposofi-orgon-energi-de","23":"product_tag-gesundheit-de","24":"product_tag-orgon-de","25":"product_tag-re-lux-nb-de","26":"product_tag-relux-de","27":"product_tag-skjerming-alternativ-de","28":"product_tag-strahlung-emf-de","29":"product_tag-straling-de","31":"first","32":"onbackorder","33":"sale","34":"featured","35":"taxable","36":"shipping-taxable","37":"purchasable","38":"product-type-simple"},"_links":{"self":[{"href":"https:\/\/helseforhandleren.no\/de\/wp-json\/wp\/v2\/product\/17414","targetHints":{"allow":["GET"]}}],"collection":[{"href":"https:\/\/helseforhandleren.no\/de\/wp-json\/wp\/v2\/product"}],"about":[{"href":"https:\/\/helseforhandleren.no\/de\/wp-json\/wp\/v2\/types\/product"}],"replies":[{"embeddable":true,"href":"https:\/\/helseforhandleren.no\/de\/wp-json\/wp\/v2\/comments?post=17414"}],"wp:featuredmedia":[{"embeddable":true,"href":"https:\/\/helseforhandleren.no\/de\/wp-json\/wp\/v2\/media\/81538"}],"wp:attachment":[{"href":"https:\/\/helseforhandleren.no\/de\/wp-json\/wp\/v2\/media?parent=17414"}],"wp:term":[{"taxonomy":"product_brand","embeddable":true,"href":"https:\/\/helseforhandleren.no\/de\/wp-json\/wp\/v2\/product_brand?post=17414"},{"taxonomy":"product_cat","embeddable":true,"href":"https:\/\/helseforhandleren.no\/de\/wp-json\/wp\/v2\/product_cat?post=17414"},{"taxonomy":"product_tag","embeddable":true,"href":"https:\/\/helseforhandleren.no\/de\/wp-json\/wp\/v2\/product_tag?post=17414"}],"curies":[{"name":"wp","href":"https:\/\/api.w.org\/{rel}","templated":true}]}}