{"id":17440,"date":"2014-08-10T09:54:06","date_gmt":"2014-08-10T09:54:06","guid":{"rendered":"http:\/\/helseforhandleren.no\/butikk\/ukategorisert\/re-lux-handyplattchen\/"},"modified":"2024-04-05T09:24:35","modified_gmt":"2024-04-05T09:24:35","slug":"re-lux-handyplattchen","status":"publish","type":"product","link":"https:\/\/helseforhandleren.no\/de\/geschaeft\/abschirmung\/skjerming-de\/abschirmung-von-mobilfunkstrahlung-hf\/re-lux-handyplattchen\/","title":{"rendered":"RE LUX Handypl\u00e4ttchen"},"content":{"rendered":"<h3>Detailinformationen<\/h3>\n<h4>Inhaltsstoffe<\/h4>\n<p>Magnesiumsilikat, pot. RE LUX Substanzen, Epoxidharz<\/p>\n<h4>Ma\u00dfe<\/h4>\n<p>Durchmesser: 30 mm<\/p>\n<p>Tiefe: 2 mm<\/p>\n<p>\u00a0<\/p>\n<div class=\"c50l col_1 first\">\n<div class=\"subcl\">\n<div class=\"ce_text block\">\n<h3>Funktion und Anwendung<\/h3>\n<p>Unser informiertes Re Lux Mineralienpulver wird in Epoxidharz eingearbeitet. Dieses Material ist sehr widerstandsf\u00e4hig gegen mechanische Belastung und zudem optimal durchl\u00e4ssig f\u00fcr die Re Lux Energien.<\/p>\n<p>Die beiden 30 mm gro\u00dfen Pl\u00e4ttchen k\u00f6nnen einfach auf die R\u00fcckseite von Handys aufgeklebt werden. F\u00fcr gr\u00f6\u00dfere Ger\u00e4te wie z.B. Smartphones oder schnurlose Telefone empfehlen wir die Anwendung der Re Lux Elektroger\u00e4te.<\/p>\n<p>Grunds\u00e4tzlich sollten Handys so wenig wie m\u00f6glich verwendet werden &#8211; bitte lesen Sie dazu auch unseren <a href=\"http:\/\/www.re-lux.eu\/elektrosmog.html\">Infotext Elektrosmog<\/a>.<\/p>\n<\/div>\n<\/div>\n<\/div>\n","protected":false},"excerpt":{"rendered":"<p>Detailinformationen Inhaltsstoffe Magnesiumsilikat, pot. RE LUX Substanzen, Epoxidharz Ma\u00dfe Durchmesser:  [&#8230;]<\/p>\n","protected":false},"featured_media":81553,"comment_status":"closed","ping_status":"closed","template":"","meta":[],"product_brand":[],"product_cat":[1783,553,1184,1749],"product_tag":[560,561,562,563,564,803,565,804,566,567,568,569,805,570,806,571,807,808,572],"class_list":{"0":"post-17440","1":"product","2":"type-product","3":"status-publish","4":"has-post-thumbnail","6":"product_cat-abschirmung-von-mobilfunkstrahlung-hf","7":"product_cat-skjerming-de","8":"product_cat-re-lux-nb-de","9":"product_cat-re-lux-de","10":"product_tag-alternativ-de","11":"product_tag-alternativ-helse-de","12":"product_tag-amulett-de","13":"product_tag-amulett-alternativ-eter-relux-findeisen-straling-antroposofi-orgon-energi-de","14":"product_tag-antroposofi-de","15":"product_tag-energetisk-skjerming-de","16":"product_tag-energi-de","17":"product_tag-energimedisin-de","18":"product_tag-eter-de","19":"product_tag-eterteknologi-de","20":"product_tag-findeisen-de","21":"product_tag-findeisen-straling-antroposofi-orgon-energi-de","22":"product_tag-gesundheit-de","23":"product_tag-orgon-de","24":"product_tag-re-lux-nb-de","25":"product_tag-relux-de","26":"product_tag-skjerming-alternativ-de","27":"product_tag-strahlung-emf-de","28":"product_tag-straling-de","30":"first","31":"outofstock","32":"purchasable","33":"product-type-variable"},"_links":{"self":[{"href":"https:\/\/helseforhandleren.no\/de\/wp-json\/wp\/v2\/product\/17440","targetHints":{"allow":["GET"]}}],"collection":[{"href":"https:\/\/helseforhandleren.no\/de\/wp-json\/wp\/v2\/product"}],"about":[{"href":"https:\/\/helseforhandleren.no\/de\/wp-json\/wp\/v2\/types\/product"}],"replies":[{"embeddable":true,"href":"https:\/\/helseforhandleren.no\/de\/wp-json\/wp\/v2\/comments?post=17440"}],"wp:featuredmedia":[{"embeddable":true,"href":"https:\/\/helseforhandleren.no\/de\/wp-json\/wp\/v2\/media\/81553"}],"wp:attachment":[{"href":"https:\/\/helseforhandleren.no\/de\/wp-json\/wp\/v2\/media?parent=17440"}],"wp:term":[{"taxonomy":"product_brand","embeddable":true,"href":"https:\/\/helseforhandleren.no\/de\/wp-json\/wp\/v2\/product_brand?post=17440"},{"taxonomy":"product_cat","embeddable":true,"href":"https:\/\/helseforhandleren.no\/de\/wp-json\/wp\/v2\/product_cat?post=17440"},{"taxonomy":"product_tag","embeddable":true,"href":"https:\/\/helseforhandleren.no\/de\/wp-json\/wp\/v2\/product_tag?post=17440"}],"curies":[{"name":"wp","href":"https:\/\/api.w.org\/{rel}","templated":true}]}}