{"id":17445,"date":"2014-08-10T09:54:05","date_gmt":"2014-08-10T09:54:05","guid":{"rendered":"http:\/\/helseforhandleren.no\/butikk\/ukategorisert\/re-lux-bienenkachel\/"},"modified":"2026-04-11T13:00:55","modified_gmt":"2026-04-11T11:00:55","slug":"re-lux-bienenkachel","status":"publish","type":"product","link":"https:\/\/helseforhandleren.no\/de\/geschaeft\/gesundheit-de\/energimedisin-de\/re-lux-de\/re-lux-bienenkachel\/","title":{"rendered":"RE LUX Bienenkachel"},"content":{"rendered":"<h3>Detailinformationen<\/h3>\n<h4>Inhaltsstoffe<\/h4>\n<p>Magnesiumsilikat, pot. RE LUX Substanzen, Tonerde winterfest gebrannt<\/p>\n<h4>Ma\u00dfe<\/h4>\n<p>14 x 14 cm Dreiecksform<\/p>\n<p>\u00a0<\/p>\n<div class=\"ce_text block\">\n<h3>Funktion und Anwendung<\/h3>\n<p>Die durch Ionen-Abgabe transportierte Re Lux-Wirkungen helfen auch den Bienen. Ein gesundes Wechselspiel mit den nat\u00fcrlichen Frequenzen kann wieder m\u00f6glich werden. Eine Kachel reicht f\u00fcr 1\u20132 Beuten und kann direkt an der Au\u00dfenwand oder unter dem Beutendeckel angebracht werden. Die Re Lux Bienenkachel eignet sich aber auch gut zur Vitalisierung von Trinkwasser: dazu kann der Wasserbeh\u00e4lter f\u00fcr ca. 5 Minuten direkt auf die Kachel gestellt werden.<\/p>\n<div class=\"ce_text block\">\n<h4>Geld-Zur\u00fcck-Garantie<\/h4>\n<p>Wenn Sie mit RE LUX Bienenkachel nicht zufrieden sind, bekommen Sie innerhalb von 6 Monaten Ihr Geld zur\u00fcck.<\/p>\n<\/div>\n<\/div>\n","protected":false},"excerpt":{"rendered":"<p>Detailinformationen Inhaltsstoffe Magnesiumsilikat, pot. RE LUX Substanzen, Tonerde winterfest gebrannt  [&#8230;]<\/p>\n","protected":false},"featured_media":81559,"comment_status":"closed","ping_status":"closed","template":"","meta":[],"product_brand":[],"product_cat":[1749,1184],"product_tag":[567],"class_list":{"0":"post-17445","1":"product","2":"type-product","3":"status-publish","4":"has-post-thumbnail","6":"product_cat-re-lux-de","7":"product_cat-re-lux-nb-de","8":"product_tag-eterteknologi-de","10":"first","11":"instock","12":"purchasable","13":"product-type-simple"},"_links":{"self":[{"href":"https:\/\/helseforhandleren.no\/de\/wp-json\/wp\/v2\/product\/17445","targetHints":{"allow":["GET"]}}],"collection":[{"href":"https:\/\/helseforhandleren.no\/de\/wp-json\/wp\/v2\/product"}],"about":[{"href":"https:\/\/helseforhandleren.no\/de\/wp-json\/wp\/v2\/types\/product"}],"replies":[{"embeddable":true,"href":"https:\/\/helseforhandleren.no\/de\/wp-json\/wp\/v2\/comments?post=17445"}],"wp:featuredmedia":[{"embeddable":true,"href":"https:\/\/helseforhandleren.no\/de\/wp-json\/wp\/v2\/media\/81559"}],"wp:attachment":[{"href":"https:\/\/helseforhandleren.no\/de\/wp-json\/wp\/v2\/media?parent=17445"}],"wp:term":[{"taxonomy":"product_brand","embeddable":true,"href":"https:\/\/helseforhandleren.no\/de\/wp-json\/wp\/v2\/product_brand?post=17445"},{"taxonomy":"product_cat","embeddable":true,"href":"https:\/\/helseforhandleren.no\/de\/wp-json\/wp\/v2\/product_cat?post=17445"},{"taxonomy":"product_tag","embeddable":true,"href":"https:\/\/helseforhandleren.no\/de\/wp-json\/wp\/v2\/product_tag?post=17445"}],"curies":[{"name":"wp","href":"https:\/\/api.w.org\/{rel}","templated":true}]}}