{"id":17451,"date":"2014-08-10T09:53:58","date_gmt":"2014-08-10T09:53:58","guid":{"rendered":"http:\/\/helseforhandleren.no\/butikk\/ukategorisert\/re-lux-gesteinsmehl\/"},"modified":"2026-04-11T13:00:55","modified_gmt":"2026-04-11T11:00:55","slug":"re-lux-gesteinsmehl","status":"publish","type":"product","link":"https:\/\/helseforhandleren.no\/de\/geschaeft\/abschirmung\/abschirmfarbe\/re-lux-gesteinsmehl\/","title":{"rendered":"RE LUX Gesteinsmehl"},"content":{"rendered":"<div id=\"articleDescription\" class=\"articleDescription\">\n<h3>Detailinformationen<\/h3>\n<h4>Inhaltsstoffe<\/h4>\n<p>Magnesiumsilikat, Mg3(Si4O10)(OH)2, pot. RE LUX Substanzen<\/p>\n<h4>Ma\u00dfe<\/h4>\n<p>17 x 17 x 5,5 cm<\/p>\n<div class=\"mod_colsetPart c50r col_2 last\">\n<div class=\"subcr\">\n<div class=\"ce_text block\">\n<h3>Als Anstrich f\u00fcr Innenw\u00e4nde<\/h3>\n<p>Funktion und Anwendung<\/p>\n<p>Das RE LUX Gesteinsmehl wird einfach in bestimmte Farben eingemischt und im Innenbereich aufgetragen.<\/p>\n<p>Durch den Gesteinsmehl-Anstrich wird von allen W\u00e4nden ausgehend eine RE LUX Umh\u00fcllung bei Elektrosmog-Belastungen geschaffen. So kann in den eigenen R\u00e4umlichkeiten wieder ein Lebensgef\u00fchl der Entspannung, Weite und W\u00e4rme entstehen.<\/p>\n<p>Die Farbe des Pulvers variiert je nach Auftragsst\u00e4rke von transparent bis wei\u00dflich deckend. 250 g reichen je nach Untergrund und Mischungsverh\u00e4ltnis f\u00fcr circa 20 m2. Zus\u00e4tzlich empfehlen wir die Kombination mit RE LUX III.<\/p>\n<\/div>\n<\/div>\n<\/div>\n<\/div>\n","protected":false},"excerpt":{"rendered":"<p>Detailinformationen Inhaltsstoffe Magnesiumsilikat, Mg3(Si4O10)(OH)2, pot. RE LUX Substanzen Ma\u00dfe 17  [&#8230;]<\/p>\n","protected":false},"featured_media":81567,"comment_status":"closed","ping_status":"closed","template":"","meta":[],"product_brand":[],"product_cat":[1036,553,1184,1170],"product_tag":[560,561,562,563,564,803,565,804,566,567,568,569,805,570,806,571,807,808,572],"class_list":{"0":"post-17451","1":"product","2":"type-product","3":"status-publish","4":"has-post-thumbnail","6":"product_cat-abschirmfarbe","7":"product_cat-skjerming-de","8":"product_cat-re-lux-nb-de","9":"product_cat-sonderangebote","10":"product_tag-alternativ-de","11":"product_tag-alternativ-helse-de","12":"product_tag-amulett-de","13":"product_tag-amulett-alternativ-eter-relux-findeisen-straling-antroposofi-orgon-energi-de","14":"product_tag-antroposofi-de","15":"product_tag-energetisk-skjerming-de","16":"product_tag-energi-de","17":"product_tag-energimedisin-de","18":"product_tag-eter-de","19":"product_tag-eterteknologi-de","20":"product_tag-findeisen-de","21":"product_tag-findeisen-straling-antroposofi-orgon-energi-de","22":"product_tag-gesundheit-de","23":"product_tag-orgon-de","24":"product_tag-re-lux-nb-de","25":"product_tag-relux-de","26":"product_tag-skjerming-alternativ-de","27":"product_tag-strahlung-emf-de","28":"product_tag-straling-de","29":"product_shipping_class-standard-de","31":"first","32":"instock","33":"sale","34":"taxable","35":"shipping-taxable","36":"purchasable","37":"product-type-variable"},"_links":{"self":[{"href":"https:\/\/helseforhandleren.no\/de\/wp-json\/wp\/v2\/product\/17451","targetHints":{"allow":["GET"]}}],"collection":[{"href":"https:\/\/helseforhandleren.no\/de\/wp-json\/wp\/v2\/product"}],"about":[{"href":"https:\/\/helseforhandleren.no\/de\/wp-json\/wp\/v2\/types\/product"}],"replies":[{"embeddable":true,"href":"https:\/\/helseforhandleren.no\/de\/wp-json\/wp\/v2\/comments?post=17451"}],"wp:featuredmedia":[{"embeddable":true,"href":"https:\/\/helseforhandleren.no\/de\/wp-json\/wp\/v2\/media\/81567"}],"wp:attachment":[{"href":"https:\/\/helseforhandleren.no\/de\/wp-json\/wp\/v2\/media?parent=17451"}],"wp:term":[{"taxonomy":"product_brand","embeddable":true,"href":"https:\/\/helseforhandleren.no\/de\/wp-json\/wp\/v2\/product_brand?post=17451"},{"taxonomy":"product_cat","embeddable":true,"href":"https:\/\/helseforhandleren.no\/de\/wp-json\/wp\/v2\/product_cat?post=17451"},{"taxonomy":"product_tag","embeddable":true,"href":"https:\/\/helseforhandleren.no\/de\/wp-json\/wp\/v2\/product_tag?post=17451"}],"curies":[{"name":"wp","href":"https:\/\/api.w.org\/{rel}","templated":true}]}}