{"id":17457,"date":"2014-08-10T09:53:58","date_gmt":"2014-08-10T09:53:58","guid":{"rendered":"http:\/\/helseforhandleren.no\/butikk\/ukategorisert\/re-lux-anhanger-glas\/"},"modified":"2024-04-05T09:24:38","modified_gmt":"2024-04-05T09:24:38","slug":"re-lux-anhanger-glas","status":"publish","type":"product","link":"https:\/\/helseforhandleren.no\/de\/geschaeft\/gesundheit-de\/energimedisin-de\/re-lux-de\/re-lux-anhanger-glas\/","title":{"rendered":"RE LUX Reluxquelle Anh\u00e4nger"},"content":{"rendered":"<p>Funktion und Anwendung<\/p>\n<p>Der ReLux Anh\u00e4nger geh\u00f6rt ein harmonisierendes, weitendes Machtfeld. Jedes dieser Schmuckst\u00fccke ist ein Unikat, das von einem Glasbl\u00e4ser im S\u00fcddeutschland wird wird.<\/p>\n<p>Als Erg\u00e4nzung zu den anderen Re Luxehmen ist der Re Lux Anh\u00e4nger ideal. Er kann Tag und Nacht direkt am K\u00f6rper werden werden.<\/p>\n<p>Harmonisierung von Elektrosmog<\/p>\n<p>Auch in stark belasteten, auf Reisen oder im B\u00fcro gef\u00fchrten Menschen, die sich in Kraftkraftverh\u00e4ltnissen befinden und funkbedingten Stressausl\u00f6sern harmonisch und inhaltsstoffe.nhaltsstoffe<br \/>\nMagnesiumsilikat, Topf. RE LUX Beschwerden, Borosilikat<\/p>\n<p>Ma\u00dfe<br \/>\nGrenzen: Ca. 35 mm<br \/>\nTiefe: 8 mm<\/p>\n","protected":false},"excerpt":{"rendered":"<p>Harmonisierung von E-Smog f\u00fcr unterwegs.<\/p>\n<p>Schritte des Wohlbefindens,<br \/>\nBedenken der Konzentrationsf\u00e4higkeit,<br \/>\nAbbau von Stress-Symptome<\/p>\n","protected":false},"featured_media":81574,"comment_status":"closed","ping_status":"closed","template":"","meta":[],"product_brand":[],"product_cat":[553,1184,1749],"product_tag":[560,561,562,563,564,803,565,804,566,567,568,569,805,570,806,571,807,808,572],"class_list":{"0":"post-17457","1":"product","2":"type-product","3":"status-publish","4":"has-post-thumbnail","6":"product_cat-skjerming-de","7":"product_cat-re-lux-nb-de","8":"product_cat-re-lux-de","9":"product_tag-alternativ-de","10":"product_tag-alternativ-helse-de","11":"product_tag-amulett-de","12":"product_tag-amulett-alternativ-eter-relux-findeisen-straling-antroposofi-orgon-energi-de","13":"product_tag-antroposofi-de","14":"product_tag-energetisk-skjerming-de","15":"product_tag-energi-de","16":"product_tag-energimedisin-de","17":"product_tag-eter-de","18":"product_tag-eterteknologi-de","19":"product_tag-findeisen-de","20":"product_tag-findeisen-straling-antroposofi-orgon-energi-de","21":"product_tag-gesundheit-de","22":"product_tag-orgon-de","23":"product_tag-re-lux-nb-de","24":"product_tag-relux-de","25":"product_tag-skjerming-alternativ-de","26":"product_tag-strahlung-emf-de","27":"product_tag-straling-de","29":"first","30":"instock","31":"taxable","32":"shipping-taxable","33":"purchasable","34":"product-type-simple"},"_links":{"self":[{"href":"https:\/\/helseforhandleren.no\/de\/wp-json\/wp\/v2\/product\/17457","targetHints":{"allow":["GET"]}}],"collection":[{"href":"https:\/\/helseforhandleren.no\/de\/wp-json\/wp\/v2\/product"}],"about":[{"href":"https:\/\/helseforhandleren.no\/de\/wp-json\/wp\/v2\/types\/product"}],"replies":[{"embeddable":true,"href":"https:\/\/helseforhandleren.no\/de\/wp-json\/wp\/v2\/comments?post=17457"}],"wp:featuredmedia":[{"embeddable":true,"href":"https:\/\/helseforhandleren.no\/de\/wp-json\/wp\/v2\/media\/81574"}],"wp:attachment":[{"href":"https:\/\/helseforhandleren.no\/de\/wp-json\/wp\/v2\/media?parent=17457"}],"wp:term":[{"taxonomy":"product_brand","embeddable":true,"href":"https:\/\/helseforhandleren.no\/de\/wp-json\/wp\/v2\/product_brand?post=17457"},{"taxonomy":"product_cat","embeddable":true,"href":"https:\/\/helseforhandleren.no\/de\/wp-json\/wp\/v2\/product_cat?post=17457"},{"taxonomy":"product_tag","embeddable":true,"href":"https:\/\/helseforhandleren.no\/de\/wp-json\/wp\/v2\/product_tag?post=17457"}],"curies":[{"name":"wp","href":"https:\/\/api.w.org\/{rel}","templated":true}]}}