{"id":17473,"date":"2015-03-23T19:58:23","date_gmt":"2015-03-23T19:58:23","guid":{"rendered":""},"modified":"2024-04-05T09:24:43","modified_gmt":"2024-04-05T09:24:43","slug":"re-lux-ii-kopi","status":"publish","type":"product","link":"https:\/\/helseforhandleren.no\/de\/geschaeft\/abschirmung\/skjerming-de\/abschirmung-von-mobilfunkstrahlung-hf\/re-lux-ii-kopi\/","title":{"rendered":"Relux Quelle"},"content":{"rendered":"<p>Funktion und Anwendung<\/p>\n<p>Die Reluxquelle ist einsetzbar zur Harmonisierung von starker Funkstrahlenbelastung durch WLAN, schnurlose Telefone, Handys, Babyphones, etc.<\/p>\n<p>Durch unsere Re Lux Produkte werden keine Strahlen abgeschirmt oder reflektiert. Um dem Elektrosmog entgegen zu wirken, wird dem K\u00f6rper ein vitalisierendes, ausgleichendes und weitendes Energiefeld zur Verf\u00fcgung gestellt.<\/p>\n<p>Mehr zum Thema Elektrosmog und was Sie zu seiner Reduzierung beitragen k\u00f6nnen, finden Sie hier.<\/p>\n<p>Harmonisierung von Elektrosmog<\/p>\n<p>Zur Anwendung in Schlaf- und Wohnr\u00e4umen, B\u00fcros, Schulen, sowie an Arbeitspl\u00e4tzen mit starker elektromagnetischer Belastung. Das Energiefeld der Reluxquelle kann einen ganzen Raum erf\u00fcllen, entfaltet jedoch seine gr\u00f6\u00dfte Wirksamkeit innerhalb einer Entfernung von etwa 5 m.<br \/>\nAls Erg\u00e4nzung f\u00fcr ein optimales Raumklima hat sich das behandeln der W\u00e4nde mit der Relux Energie-Lasur bew\u00e4hrt.<\/p>\n<p>Inhaltsstoffe<br \/>\nSilicium, Magnesium,Bienenwachs, Gold, Tonholz Fichte<\/p>\n<p>Ma\u00dfe<br \/>\n17 x 17 x 17,5 cm<\/p>\n","protected":false},"excerpt":{"rendered":"<p>WLAN- und Funkstrahlen entgegenwirken<br \/>\nSteigerung des Wohlbefindens,<br \/>\nErh\u00f6hung der Konzentrationsf\u00e4higkeit,<br \/>\nAbbau von Stress-Symptomen<\/p>\n","protected":false},"featured_media":81579,"comment_status":"closed","ping_status":"closed","template":"","meta":[],"product_brand":[],"product_cat":[1783,553,555,1184],"product_tag":[560,561,562,563,564,803,565,804,566,567,568,569,805,570,806,571,807,808,572],"class_list":{"0":"post-17473","1":"product","2":"type-product","3":"status-publish","4":"has-post-thumbnail","6":"product_cat-abschirmung-von-mobilfunkstrahlung-hf","7":"product_cat-skjerming-de","8":"product_cat-energimedisin-de","9":"product_cat-re-lux-nb-de","10":"product_tag-alternativ-de","11":"product_tag-alternativ-helse-de","12":"product_tag-amulett-de","13":"product_tag-amulett-alternativ-eter-relux-findeisen-straling-antroposofi-orgon-energi-de","14":"product_tag-antroposofi-de","15":"product_tag-energetisk-skjerming-de","16":"product_tag-energi-de","17":"product_tag-energimedisin-de","18":"product_tag-eter-de","19":"product_tag-eterteknologi-de","20":"product_tag-findeisen-de","21":"product_tag-findeisen-straling-antroposofi-orgon-energi-de","22":"product_tag-gesundheit-de","23":"product_tag-orgon-de","24":"product_tag-re-lux-nb-de","25":"product_tag-relux-de","26":"product_tag-skjerming-alternativ-de","27":"product_tag-strahlung-emf-de","28":"product_tag-straling-de","30":"first","31":"instock","32":"taxable","33":"shipping-taxable","34":"purchasable","35":"product-type-simple"},"_links":{"self":[{"href":"https:\/\/helseforhandleren.no\/de\/wp-json\/wp\/v2\/product\/17473","targetHints":{"allow":["GET"]}}],"collection":[{"href":"https:\/\/helseforhandleren.no\/de\/wp-json\/wp\/v2\/product"}],"about":[{"href":"https:\/\/helseforhandleren.no\/de\/wp-json\/wp\/v2\/types\/product"}],"replies":[{"embeddable":true,"href":"https:\/\/helseforhandleren.no\/de\/wp-json\/wp\/v2\/comments?post=17473"}],"wp:featuredmedia":[{"embeddable":true,"href":"https:\/\/helseforhandleren.no\/de\/wp-json\/wp\/v2\/media\/81579"}],"wp:attachment":[{"href":"https:\/\/helseforhandleren.no\/de\/wp-json\/wp\/v2\/media?parent=17473"}],"wp:term":[{"taxonomy":"product_brand","embeddable":true,"href":"https:\/\/helseforhandleren.no\/de\/wp-json\/wp\/v2\/product_brand?post=17473"},{"taxonomy":"product_cat","embeddable":true,"href":"https:\/\/helseforhandleren.no\/de\/wp-json\/wp\/v2\/product_cat?post=17473"},{"taxonomy":"product_tag","embeddable":true,"href":"https:\/\/helseforhandleren.no\/de\/wp-json\/wp\/v2\/product_tag?post=17473"}],"curies":[{"name":"wp","href":"https:\/\/api.w.org\/{rel}","templated":true}]}}