{"id":17506,"date":"2014-08-10T09:53:58","date_gmt":"2014-08-10T09:53:58","guid":{"rendered":"http:\/\/helseforhandleren.no\/butikk\/ukategorisert\/geometh-2\/"},"modified":"2026-04-11T13:00:55","modified_gmt":"2026-04-11T11:00:55","slug":"geometh-2","status":"publish","type":"product","link":"https:\/\/helseforhandleren.no\/de\/geschaeft\/gesundheit-de\/energimedisin-de\/re-lux-de\/geometh-2\/","title":{"rendered":"Geometh"},"content":{"rendered":"<h3>Detailinformationen<\/h3>\n<h4>Inhaltsstoffe<\/h4>\n<p>Kupfer in geometrischen Formen, Fichtenholz<\/p>\n<h4>Ma\u00dfe<\/h4>\n<p>21 x 21 x 1,3 cm<\/p>\n<p>\u00a0<\/p>\n<div class=\"c50l col_1 first\">\n<div class=\"subcl\">\n<div class=\"ce_text block\">\n<h3>Erdstrahlen<\/h3>\n<p>Geopathogene St\u00f6rzonen, die von Wasseradern, Gesteinsbr\u00fcchen und Verwerfungen, sowie Kreuzungspunkten von Hartmann- und Currylinien ausgehen, k\u00f6nnen sich belastend auf den Wohn-und Arbeitsplatz und die Schlafsituation auswirken.<\/p>\n<p>W\u00e4hrend des Schlafes verbringen wir durchschnittlich sieben Stunden an ein und derselben Stelle. Die Regenerationsf\u00e4higkeit des K\u00f6rpers w\u00e4hrend der Nacht kann nicht richtig vonstatten gehen, wenn er in dieser Zeit permanenten Reizzonen ausgesetzt ist.<\/p>\n<p>H\u00e4ufig entstehen Unruhe, Schlaflosigkeit und Albtr\u00e4ume. Eine Therapieresistenz kann eintreten und bereits bestehende Krankheitsbilder k\u00f6nnen sich verst\u00e4rken.<\/p>\n<\/div>\n<\/div>\n<\/div>\n","protected":false},"excerpt":{"rendered":"<p>Detailinformationen Inhaltsstoffe Kupfer in geometrischen Formen, Fichtenholz Ma\u00dfe 21 x  [&#8230;]<\/p>\n","protected":false},"featured_media":81587,"comment_status":"closed","ping_status":"closed","template":"","meta":[],"product_brand":[],"product_cat":[1749,1184],"product_tag":[560,561,562,563,564,803,565,804,566,567,568,569,805,570,806,571,807,808,572],"class_list":{"0":"post-17506","1":"product","2":"type-product","3":"status-publish","4":"has-post-thumbnail","6":"product_cat-re-lux-de","7":"product_cat-re-lux-nb-de","8":"product_tag-alternativ-de","9":"product_tag-alternativ-helse-de","10":"product_tag-amulett-de","11":"product_tag-amulett-alternativ-eter-relux-findeisen-straling-antroposofi-orgon-energi-de","12":"product_tag-antroposofi-de","13":"product_tag-energetisk-skjerming-de","14":"product_tag-energi-de","15":"product_tag-energimedisin-de","16":"product_tag-eter-de","17":"product_tag-eterteknologi-de","18":"product_tag-findeisen-de","19":"product_tag-findeisen-straling-antroposofi-orgon-energi-de","20":"product_tag-gesundheit-de","21":"product_tag-orgon-de","22":"product_tag-re-lux-nb-de","23":"product_tag-relux-de","24":"product_tag-skjerming-alternativ-de","25":"product_tag-strahlung-emf-de","26":"product_tag-straling-de","28":"first","29":"instock","30":"taxable","31":"shipping-taxable","32":"purchasable","33":"product-type-simple"},"_links":{"self":[{"href":"https:\/\/helseforhandleren.no\/de\/wp-json\/wp\/v2\/product\/17506","targetHints":{"allow":["GET"]}}],"collection":[{"href":"https:\/\/helseforhandleren.no\/de\/wp-json\/wp\/v2\/product"}],"about":[{"href":"https:\/\/helseforhandleren.no\/de\/wp-json\/wp\/v2\/types\/product"}],"replies":[{"embeddable":true,"href":"https:\/\/helseforhandleren.no\/de\/wp-json\/wp\/v2\/comments?post=17506"}],"wp:featuredmedia":[{"embeddable":true,"href":"https:\/\/helseforhandleren.no\/de\/wp-json\/wp\/v2\/media\/81587"}],"wp:attachment":[{"href":"https:\/\/helseforhandleren.no\/de\/wp-json\/wp\/v2\/media?parent=17506"}],"wp:term":[{"taxonomy":"product_brand","embeddable":true,"href":"https:\/\/helseforhandleren.no\/de\/wp-json\/wp\/v2\/product_brand?post=17506"},{"taxonomy":"product_cat","embeddable":true,"href":"https:\/\/helseforhandleren.no\/de\/wp-json\/wp\/v2\/product_cat?post=17506"},{"taxonomy":"product_tag","embeddable":true,"href":"https:\/\/helseforhandleren.no\/de\/wp-json\/wp\/v2\/product_tag?post=17506"}],"curies":[{"name":"wp","href":"https:\/\/api.w.org\/{rel}","templated":true}]}}