{"id":32180,"date":"2014-08-10T09:58:51","date_gmt":"2014-08-10T09:58:51","guid":{"rendered":"http:\/\/helseforhandleren.no\/butikk\/uncategorized\/abschirmbaldachin-pyramide-einzelbett-naturell\/"},"modified":"2024-04-05T09:25:00","modified_gmt":"2024-04-05T09:25:00","slug":"abschirmbaldachin-pyramide-einzelbett-naturell","status":"publish","type":"product","link":"https:\/\/helseforhandleren.no\/de\/geschaeft\/abschirmung\/abschirmung-bett-baldachine-canopy\/abschirmbaldachin-pyramide-einzelbett-naturell\/","title":{"rendered":"Abschirmbaldachin, Pyramide Einzelbett, NATURELL"},"content":{"rendered":"<ul class=\"description_properties\">\n<li class=\"article_properties\"><span class=\"property_value\"> <strong>Baldachin Lieferzeit:<\/strong> Sonderprodukt auf Kundenwunsch. Lieferzeit 3-4 Werktage. <\/span><\/li>\n<li class=\"article_properties\"><span class=\"property_value\"> <strong>Schirmd\u00e4mpfung:<\/strong> Alle Schirmd\u00e4mpfungswerte gelten bei 1 GHz. Messung nach ASTM D4935-10, IEEE Std 299-2006, IEEEE Std 1128-1998, ASTM A698\/A698M-07.<br \/>\n<\/span><\/li>\n<li class=\"article_properties\"><span class=\"property_value\"> <strong>Stoffpflege:<\/strong> Waschen schonend bei 30\u00b0C, B\u00fcgeln ohne Dampf bei Stufe 1, Trocknen bei geringer Temperatur, Nicht bleichen, Keine chemische Reinigung.<br \/>\n<\/span><\/li>\n<li class=\"article_properties\"><span class=\"property_value\"> <strong>SwissShield:<\/strong> Dieser Stoff wird von SwissShield\u00ae in der Schweiz mit einem patentierten, hauchd\u00fcnnen Hightech-Garn hergestellt. Wir bei YSHIELD sch\u00e4tzen die konstant hohe Qualit\u00e4t, nicht umsonst sind wir der weltweit gr\u00f6\u00dfte SwissShield\u00ae H\u00e4ndler!<br \/>\n<\/span><\/li>\n<li class=\"article_properties\"><span class=\"property_value\"> <strong>Anwendung:<\/strong> Baldachin <\/span><\/li>\n<li class=\"article_properties\"><span class=\"property_value\"> <strong>Feldart:<\/strong> HF (Hochfrequenz) <\/span><\/li>\n<li class=\"article_properties\"><span class=\"property_value\"> <strong>Schirmung:<\/strong> Hoch (30 bis 60 dB) <\/span><\/li>\n<li class=\"article_properties\"><span class=\"property_value\"> <strong>\u00d6kologie:<\/strong> Sehr hoch <\/span><\/li>\n<li class=\"article_properties\"><span class=\"property_value\"> <strong>Farbe:<\/strong> Ecru <\/span><\/li>\n<\/ul>\n<p><strong><img class=\"lazyload\" decoding=\"async\" src=\"data:image\/gif;base64,R0lGODlhAQABAAAAACH5BAEKAAEALAAAAAABAAEAAAICTAEAOw==\" data-orig-src=\"http:\/\/www.yshield.com\/img\/75-Naturell.jpg\" alt=\"\" \/><\/strong><\/p>\n<p><strong>Stoff Naturell<\/strong>: <strong>\u00d6ko-Baumwollstoff von Swiss Shield\u00ae\u00a0mit hoher Schirmd\u00e4mpfung.<\/strong> Nachteil: Die Licht- und Luftdurchl\u00e4\u00dfigkeit ist aufgrund der mitteldicken F\u00e4den etwas eingeschr\u00e4nkt, aber noch akzeptabel. Schirmd\u00e4mpfung <strong>38 dB<\/strong> bei 1 GHz. Nicht erdbar.<\/p>\n<p><img class=\"lazyload\" decoding=\"async\" src=\"data:image\/gif;base64,R0lGODlhAQABAAAAACH5BAEKAAEALAAAAAABAAEAAAICTAEAOw==\" data-orig-src=\"http:\/\/www.yshield.com\/img\/75-Baldachin-Pyramide.jpg\" alt=\"\" \/><\/p>\n<p><span data-mce-mark=\"1\"><strong>Pyramidenform f\u00fcr Einzelbetten:<\/strong><\/span> Eine Pyramide ist sinnvoll, wenn eine schnelle Montage gefordert ist oder eine starke Dachschr\u00e4ge vorhanden ist. <strong>Ist nur f\u00fcr Einzelbetten bis 100 cm Breite sinnvoll<\/strong>, da sonst die Schr\u00e4ge zu gro\u00df wird und wenig Platz bleibt. Nachteil: Bietet nur begrenzt Platz, liegt auf der Bettdecke auf. Das Bettenmachen ist nur nach dem Wegheben m\u00f6glich.Ma\u00dfe: Saumumfang unten 1150 cm, H\u00f6he 240 cm.\u00a0Alle Ma\u00dfe abh\u00e4ngig vom Stoff mit +\/- 10 % Toleranz! Eingang: Durch die \u00fcberlappende \u00d6ffnung. Montage: Aufh\u00e4ngung \u00fcber einen Punkt an der Decke. Lieferumfang: Baldachin, Befestigungmaterial, 100 cm Ring.<\/p>\n","protected":false},"excerpt":{"rendered":"<p><strong>Aus Stoff Naturell mit 38 dB Schirmd\u00e4mpfung bei 1 GHz. Pyramidenform f\u00fcr Einzelbetten. Saumumfang unten: 1150 cm, H\u00f6he: 240 cm.<\/strong><\/p>\n<h5><span id=\"result_box\" class=\"short_text\" lang=\"de\"><span class=\"hps\">PDF:\u00a0<a href=\"https:\/\/helseforhandleren.no\/wp-content\/uploads\/2014\/08\/Y-NATURELL-DB.pdf\">Y-NATURELL-DB<\/a><\/span><\/span><\/h5>\n","protected":false},"featured_media":85476,"comment_status":"closed","ping_status":"closed","template":"","meta":[],"product_brand":[],"product_cat":[1269,726],"product_tag":[1275,1276,1277,1278,572],"class_list":{"0":"post-32180","1":"product","2":"type-product","3":"status-publish","4":"has-post-thumbnail","6":"product_cat-baldachine","7":"product_cat-abschirmung-bett-baldachine-canopy","8":"product_tag-skjerming-2","9":"product_tag-soverommet-2","10":"product_tag-sovn-2","11":"product_tag-sovnkvalitet-2","12":"product_tag-straling-de","14":"first","15":"onbackorder","16":"taxable","17":"shipping-taxable","18":"purchasable","19":"product-type-simple"},"_links":{"self":[{"href":"https:\/\/helseforhandleren.no\/de\/wp-json\/wp\/v2\/product\/32180","targetHints":{"allow":["GET"]}}],"collection":[{"href":"https:\/\/helseforhandleren.no\/de\/wp-json\/wp\/v2\/product"}],"about":[{"href":"https:\/\/helseforhandleren.no\/de\/wp-json\/wp\/v2\/types\/product"}],"replies":[{"embeddable":true,"href":"https:\/\/helseforhandleren.no\/de\/wp-json\/wp\/v2\/comments?post=32180"}],"wp:featuredmedia":[{"embeddable":true,"href":"https:\/\/helseforhandleren.no\/de\/wp-json\/wp\/v2\/media\/85476"}],"wp:attachment":[{"href":"https:\/\/helseforhandleren.no\/de\/wp-json\/wp\/v2\/media?parent=32180"}],"wp:term":[{"taxonomy":"product_brand","embeddable":true,"href":"https:\/\/helseforhandleren.no\/de\/wp-json\/wp\/v2\/product_brand?post=32180"},{"taxonomy":"product_cat","embeddable":true,"href":"https:\/\/helseforhandleren.no\/de\/wp-json\/wp\/v2\/product_cat?post=32180"},{"taxonomy":"product_tag","embeddable":true,"href":"https:\/\/helseforhandleren.no\/de\/wp-json\/wp\/v2\/product_tag?post=32180"}],"curies":[{"name":"wp","href":"https:\/\/api.w.org\/{rel}","templated":true}]}}