{"id":32191,"date":"2014-08-10T09:57:52","date_gmt":"2014-08-10T09:57:52","guid":{"rendered":"http:\/\/helseforhandleren.no\/butikk\/uncategorized\/abschirmbaldachin-kasten-doppelbett-silver-tulle-2\/"},"modified":"2024-04-05T09:25:27","modified_gmt":"2024-04-05T09:25:27","slug":"abschirmbaldachin-kasten-doppelbett-silver-tulle-2","status":"publish","type":"product","link":"https:\/\/helseforhandleren.no\/de\/geschaeft\/abschirmung\/abschirmung-bett-baldachine-canopy\/abschirmbaldachin-kasten-doppelbett-silver-tulle-2\/","title":{"rendered":"Abschirmbaldachin, Kasten Doppelbett, SILVER-TULLE"},"content":{"rendered":"<ul class=\"description_properties\">\n<li class=\"article_properties\"><span class=\"property_value\"> <strong>Baldachin Lieferzeit:<\/strong> Standardprodukt, sofort ab Lager lieferbar. <\/span><\/li>\n<li class=\"article_properties\"><span class=\"property_value\"> <strong>Schirmd\u00e4mpfung:<\/strong> Alle Schirmd\u00e4mpfungswerte gelten bei 1 GHz. Messung nach ASTM D4935-10, IEEE Std 299-2006, IEEEE Std 1128-1998, ASTM A698\/A698M-07.<br \/> <\/span><\/li>\n<li class=\"article_properties\"><span class=\"property_value\"> <strong>Erdung:<\/strong> Elektrisch leitf\u00e4hig. Kann zur Abschirmung von elektrischen Wechselfeldern (NF) kontaktiert und geerdet werden! Wir empfehlen einen Stecker GP oder GD, mit einer Platte GM oder GS, plus ein Kabel GC. <\/span><\/li>\n<li class=\"article_properties\"><span class=\"property_value\"> <strong>Stoffpflege:<\/strong> Waschen schonend bei 30\u00b0C, Nicht b\u00fcgeln, Trocknen bei geringer Temperatur, Nicht bleichen, Keine chemische Reinigung.<br \/> <\/span><\/li>\n<li class=\"article_properties\"><span class=\"property_value\"> <strong>Silberprodukte:<\/strong> Silberprodukte verf\u00e4rben sich im Lauf der Zeit, was kein Qualit\u00e4tsmangel oder Reklamationsgrund ist. Silberprodukte haben eine begrenzte Haltbarkeit, die Lebensdauer h\u00e4ngt von der H\u00e4ufigkeit der Bewegung ab. Wir verwenden kein Nano-Silber.<br \/> <\/span><\/li>\n<li class=\"article_properties\"><span class=\"property_value\"> <strong>Anwendung:<\/strong> Baldachin <\/span><\/li>\n<li class=\"article_properties\"><span class=\"property_value\"> <strong>Feldart:<\/strong> HF (Hochfrequenz), NF (Niederfrequenz) <\/span><\/li>\n<li class=\"article_properties\"><span class=\"property_value\"> <strong>Schirmung:<\/strong> Hoch (30 bis 60 dB) <\/span><\/li>\n<li class=\"article_properties\"><span class=\"property_value\"> <strong>\u00d6kologie:<\/strong> Normal <\/span><\/li>\n<li class=\"article_properties\"><span class=\"property_value\"> <strong>Farbe:<\/strong> Metallisch <\/span><\/li>\n<\/ul>\n<p><img class=\"lazyload\" decoding=\"async\" src=\"data:image\/svg+xml,%3Csvg%20xmlns%3D%27http%3A%2F%2Fwww.w3.org%2F2000%2Fsvg%27%20width%3D%27175%27%20height%3D%2788%27%20viewBox%3D%270%200%20175%2088%27%3E%3Crect%20width%3D%27175%27%20height%3D%2788%27%20fill-opacity%3D%220%22%2F%3E%3C%2Fsvg%3E\" data-orig-src=\"http:\/\/www.yshield.com\/img\/75-SilverTulle.jpg\" alt=\"\" width=\"175\" height=\"88\" \/><\/p>\n<p><strong>Stoff Silver-Tulle:<\/strong> <strong>Unser High-End Stoff mit maximaler Schirmd\u00e4mpfung<\/strong>! Akzeptable Licht- und Luftdurchl\u00e4\u00dfigkeit, mechanisch stabil, knitterfrei. Sehr hohe Waschbest\u00e4ndigkeit! Nachteil: Aufgund der 20 %-igen Versilberung nur der Preis. Schirmd\u00e4mpfung <strong>50 dB<\/strong> bei 1 GHz. Erdbar mit Erdungsplatte GM \/ GS plus Stecker GP.<strong><br \/><\/strong><\/p>\n<p><img class=\"lazyload\" decoding=\"async\" src=\"data:image\/gif;base64,R0lGODlhAQABAAAAACH5BAEKAAEALAAAAAABAAEAAAICTAEAOw==\" data-orig-src=\"http:\/\/www.yshield.com\/img\/75-Baldachin-Doppelbett.jpg\" alt=\"\" \/><\/p>\n<p><strong>Kastenform f\u00fcr Doppelbetten:<\/strong> Bietet ein gro\u00dfz\u00fcgiges Raumgef\u00fchl f\u00fcr Doppelbetten. Zwei seitliche \u00fcberlappende Eing\u00e4nge. <strong>F\u00fcr Doppelbetten bis 220 cm Breite<\/strong>. Das Bettenmachen ist einfach ohne Wegheben m\u00f6glich. Nachteil: Aufh\u00e4ngung nicht bei Dachschr\u00e4gen m\u00f6glich. Ma\u00dfe: Breite 220 cm, Tiefe 220 cm, H\u00f6he 220 cm.\u00a0Alle Ma\u00dfe abh\u00e4ngig vom Stoff mit +\/- 10 % Toleranz! Eingang: Zwei \u00fcberlappende \u00d6ffnungen. Montage: Aufh\u00e4ngung vier Punkte an der Decke. Zur Stabilisierung der Kastenform k\u00f6nnen in die oben eingen\u00e4hten Laschen Stangen (nicht im Lieferumfang) eingeschoben werden. Lieferumfang: Baldachin, Befestigungmaterial.<\/p>\n","protected":false},"excerpt":{"rendered":"<p>Aus Stoff Silver-Tulle mit 50 dB Schirmd\u00e4mpfung bei 1 GHz. Kastenform f\u00fcr Doppelbetten. Breite: 220 cm, Tiefe: 220 cm, H\u00f6he: 220 cm.<\/p>\n<p><strong><a href=\"http:\/\/www.yshield.com\/pdf\/db\/YSHIELD-SILVERTULLE-DB.pdf\" target=\"_blank\" rel=\"noopener\">PDF: Gutachten Schirmung<\/a><\/strong><\/p>\n","protected":false},"featured_media":85491,"comment_status":"closed","ping_status":"closed","template":"","meta":[],"product_brand":[],"product_cat":[1269,726],"product_tag":[1275,1276,1277,1278,572],"class_list":{"0":"post-32191","1":"product","2":"type-product","3":"status-publish","4":"has-post-thumbnail","6":"product_cat-baldachine","7":"product_cat-abschirmung-bett-baldachine-canopy","8":"product_tag-skjerming-2","9":"product_tag-soverommet-2","10":"product_tag-sovn-2","11":"product_tag-sovnkvalitet-2","12":"product_tag-straling-de","14":"first","15":"onbackorder","16":"purchasable","17":"product-type-simple"},"_links":{"self":[{"href":"https:\/\/helseforhandleren.no\/de\/wp-json\/wp\/v2\/product\/32191","targetHints":{"allow":["GET"]}}],"collection":[{"href":"https:\/\/helseforhandleren.no\/de\/wp-json\/wp\/v2\/product"}],"about":[{"href":"https:\/\/helseforhandleren.no\/de\/wp-json\/wp\/v2\/types\/product"}],"replies":[{"embeddable":true,"href":"https:\/\/helseforhandleren.no\/de\/wp-json\/wp\/v2\/comments?post=32191"}],"wp:featuredmedia":[{"embeddable":true,"href":"https:\/\/helseforhandleren.no\/de\/wp-json\/wp\/v2\/media\/85491"}],"wp:attachment":[{"href":"https:\/\/helseforhandleren.no\/de\/wp-json\/wp\/v2\/media?parent=32191"}],"wp:term":[{"taxonomy":"product_brand","embeddable":true,"href":"https:\/\/helseforhandleren.no\/de\/wp-json\/wp\/v2\/product_brand?post=32191"},{"taxonomy":"product_cat","embeddable":true,"href":"https:\/\/helseforhandleren.no\/de\/wp-json\/wp\/v2\/product_cat?post=32191"},{"taxonomy":"product_tag","embeddable":true,"href":"https:\/\/helseforhandleren.no\/de\/wp-json\/wp\/v2\/product_tag?post=32191"}],"curies":[{"name":"wp","href":"https:\/\/api.w.org\/{rel}","templated":true}]}}