{"id":32376,"date":"2014-08-10T09:58:50","date_gmt":"2014-08-10T09:58:50","guid":{"rendered":"http:\/\/helseforhandleren.no\/butikk\/uncategorized\/databriller-design-2\/"},"modified":"2024-04-05T09:25:58","modified_gmt":"2024-04-05T09:25:58","slug":"databrille-design-2","status":"publish","type":"product","link":"https:\/\/helseforhandleren.no\/de\/geschaeft\/abschirmung\/daten-mobile-de\/computerbrille\/databrille-design-2\/","title":{"rendered":"Computerbrille P1 DESIGN"},"content":{"rendered":"<ul>\n<li><strong>FASSUNG:<\/strong>\u00a0P1. Sportlich-technische Dreiviertelrahmenbrille mit Edelstahlfront mit feinmechanisch aufgeschraubten Filtergl\u00e4sern im rechteckig-markanten Stil. Der Ingenieur unter den PRiSMA-Modellen harmoniert insbesondere mit runden und ovalen Gesichtern und genie\u00dft einen intensiven zweiten Blick.<\/li>\n<li><strong>DESIGN:<\/strong>\u00a0Filigran geschwungene Nylonbrillenb\u00fcgel im dynamischen Kupferlook, individuell anpassbar f\u00fcr bequemen Halt ohne Druck. Verstellbare, atmungsaktive Komfort-Nasen-Pads f\u00fcr langes, angenehmes Tragen.<\/li>\n<\/ul>\n<p>BluelightProtect\u00a0<strong>PRO99<\/strong>\u00a0Gl\u00e4ser blockieren praktisch das komplette Blaulicht sowie einen gewissen Teil des blaugr\u00fcnen Lichts und sind f\u00fcr den abendlichen Gebrauch konzipiert, um den Melatoninspiegel zu erh\u00f6hen, das Stressniveau zu senken und die Schlafqualit\u00e4t zu verbessern.<\/p>\n<p><strong>PRiSMA BluelightProtect bedeutet:<\/strong><\/p>\n<ul>\n<li>H\u00f6chster Blaulichtschutz f\u00fcr verschiedene Anwendungen bei maximierter Lichtdurchl\u00e4ssigkeit und bestm\u00f6glicher Farbwiedergabe<\/li>\n<li>Hochwertige Oberfl\u00e4chenveredelung wie Multi-Coating Spezialentspiegelung, Hartschutz- und Pflegeleicht-Beschichtung sowie UV 400 mit 100 % Schutz vor UVA- und UVB-Strahlung<\/li>\n<li>Entwickelt und optimiert zusammen mit dem Lichtexperten Dr. med. Alexander Wunsch.<\/li>\n<\/ul>\n<p>BluelightProtect\u00a0<strong>LiTE95<\/strong>\u00a0Gl\u00e4ser sind mit einer Blaulichtfilterrate von echten 95% im Bereich von 400 bis 500 Nm als der UNIVERSAL-Filter zu bezeichnen. Er bietet einen hohen Schutz vor blauem Licht und ist tags\u00fcber oder bei T\u00e4tigkeiten, bei denen eine h\u00f6here Farbwiedergabe gefordert ist, zum Beispiel beim Fernsehen, eine sehr gute Wahl.<\/p>\n<p><strong>PRiSMA BluelightProtect bedeutet:<\/strong><\/p>\n<ul>\n<li>H\u00f6chster Blaulichtschutz f\u00fcr verschiedene Anwendungen bei maximierter Lichtdurchl\u00e4ssigkeit und bestm\u00f6glicher Farbwiedergabe<\/li>\n<li>Hochwertige Oberfl\u00e4chenveredelung wie Multi-Coating Spezialentspiegelung, Hartschutz- und Pflegeleicht-Beschichtung sowie UV 400 mit 100 % Schutz vor UVA- und UVB-Strahlung<\/li>\n<li>Entwickelt und optimiert zusammen mit dem Lichtexperten Dr. med. Alexander Wunsch<\/li>\n<li>Filterwerte regelm\u00e4\u00dfig in einem deutschen Pr\u00fcfinstitut \u00fcberpr\u00fcft<\/li>\n<\/ul>\n<p>BluelightProtect\u00a0<strong>EASY90<\/strong>\u00a0Gl\u00e4ser sind speziell f\u00fcr Anwendungen konzipiert, die eine m\u00f6glichst hohe Farbwiedergabe erfordern, ohne auf einen hohen Blaulichtschutz verzichten zu m\u00fcssen. Ideal auch f\u00fcr den Tag oder f\u00fcr Gamer usw. Signallicht- und verkehrstauglich (tags\u00fcber).<\/p>\n<p><strong>PRiSMA BluelightProtect bedeutet:<\/strong><\/p>\n<ul>\n<li>H\u00f6chster Blaulichtschutz f\u00fcr verschiedene Anwendungen bei maximierter Lichtdurchl\u00e4ssigkeit und bestm\u00f6glicher Farbwiedergabe<\/li>\n<li>Hochwertige Oberfl\u00e4chenveredelung wie Multi-Coating Spezialentspiegelung, Hartschutz- und Pflegeleicht-Beschichtung sowie UV 400 mit 100 % Schutz vor UVA- und UVB-Strahlung<\/li>\n<li>Entwickelt und optimiert zusammen mit dem Lichtexperten Dr. med. Alexander Wunsch<\/li>\n<li>Filterwerte regelm\u00e4\u00dfig in einem deutschen Pr\u00fcfinstitut \u00fcberpr\u00fcft<\/li>\n<\/ul>\n<p>BluelightProtect\u00a0<strong>DRiVE85<\/strong>\u00a0Gl\u00e4ser f\u00fcrs Autofahren bei Tag und bei Nacht. Volle Verkehrseignung mit h\u00f6chster Lichtdurchl\u00e4ssigkeit und einem Blaulichtfilter von rekordverd\u00e4chtigen 87 Prozent.\u00a0 Voll verkehrstauglich in der EU.<\/p>\n<p><strong>PRiSMA BluelightProtect bedeutet:<\/strong><\/p>\n<ul>\n<li>H\u00f6chster Blaulichtschutz f\u00fcr verschiedene Anwendungen bei maximierter Lichtdurchl\u00e4ssigkeit und bestm\u00f6glicher Farbwiedergabe<\/li>\n<li>Hochwertige Oberfl\u00e4chenveredelung wie Multi-Coating Spezialentspiegelung, Hartschutz- und Pflegeleicht-Beschichtung sowie UV 400 mit 100 % Schutz vor UVA- und UVB-Strahlung<\/li>\n<li>Entwickelt und optimiert zusammen mit dem Lichtexperten Dr. med. Alexander Wunsch<\/li>\n<li>Filterwerte regelm\u00e4\u00dfig in einem deutschen Pr\u00fcfinstitut \u00fcberpr\u00fcft<\/li>\n<\/ul>\n","protected":false},"excerpt":{"rendered":"<p>Schutz vor Blaulichtstrahlung mit Datenbrille mit orangefarbenen Gl\u00e4sern. Die speziell farbigen Linsen filtern die \u00fcberfl\u00fcssigen Teil des blauen Lichts aus dem TV, Monitore, Computer-Monitoren und Hintergrundbeleuchtung in Flachbildschirmen.<\/p>\n","protected":false},"featured_media":81664,"comment_status":"closed","ping_status":"closed","template":"","meta":[],"product_brand":[],"product_cat":[1779,1005],"product_tag":[],"class_list":{"0":"post-32376","1":"product","2":"type-product","3":"status-publish","4":"has-post-thumbnail","6":"product_cat-computerbrille","7":"product_cat-datenbrillen","9":"first","10":"instock","11":"taxable","12":"shipping-taxable","13":"purchasable","14":"product-type-variable"},"_links":{"self":[{"href":"https:\/\/helseforhandleren.no\/de\/wp-json\/wp\/v2\/product\/32376","targetHints":{"allow":["GET"]}}],"collection":[{"href":"https:\/\/helseforhandleren.no\/de\/wp-json\/wp\/v2\/product"}],"about":[{"href":"https:\/\/helseforhandleren.no\/de\/wp-json\/wp\/v2\/types\/product"}],"replies":[{"embeddable":true,"href":"https:\/\/helseforhandleren.no\/de\/wp-json\/wp\/v2\/comments?post=32376"}],"wp:featuredmedia":[{"embeddable":true,"href":"https:\/\/helseforhandleren.no\/de\/wp-json\/wp\/v2\/media\/81664"}],"wp:attachment":[{"href":"https:\/\/helseforhandleren.no\/de\/wp-json\/wp\/v2\/media?parent=32376"}],"wp:term":[{"taxonomy":"product_brand","embeddable":true,"href":"https:\/\/helseforhandleren.no\/de\/wp-json\/wp\/v2\/product_brand?post=32376"},{"taxonomy":"product_cat","embeddable":true,"href":"https:\/\/helseforhandleren.no\/de\/wp-json\/wp\/v2\/product_cat?post=32376"},{"taxonomy":"product_tag","embeddable":true,"href":"https:\/\/helseforhandleren.no\/de\/wp-json\/wp\/v2\/product_tag?post=32376"}],"curies":[{"name":"wp","href":"https:\/\/api.w.org\/{rel}","templated":true}]}}