{"id":32384,"date":"2014-08-10T09:55:50","date_gmt":"2014-08-10T09:55:50","guid":{"rendered":"http:\/\/helseforhandleren.no\/butikk\/uncategorized\/mess-koffer\/"},"modified":"2024-04-05T09:25:52","modified_gmt":"2024-04-05T09:25:52","slug":"mess-koffer","status":"publish","type":"product","link":"https:\/\/helseforhandleren.no\/de\/geschaeft\/strahlung-emf-de\/mess-emf\/messkoffer\/mess-koffer\/","title":{"rendered":"MESS KOFFER"},"content":{"rendered":"<p>Messkoffer MK70 (HFE59B und ME3951A)<\/p>\n<p>Anwendung:<\/p>\n<p>Dies ist ein Satz der deutschen Qualit\u00e4tsinstrumente zur Messung von hochfrequenten und niederfrequenten elektromagnetischen Feldern und Strahlung in den H\u00e4usern, am Arbeitsplatz oder im Au\u00dfenbereich. Das Kit enth\u00e4lt alles, was Sie auf elektromagnetische Felder im Frequenzbereich von 5 Hz bis 400 kHz und 27 MHz bis 3,3 GHz gemessen werden m\u00fcssen.<\/p>\n<p>Analyzer f\u00fcr niederfrequente Felder ME 3951B, die einen Sensor-Achsen-Messung von elektrischen und magnetischen Feldern hat. Frequenzbereich abgedeckt ist 5 Hz &#8211; 400 kHz.<\/p>\n<p>Hochfrequenz-Analysatoren HFE59B zusammen decken den Frequenzbereich von 27 MHz bis 3,3 GHz. Das bedeutet, dass die Strahlung von beiden Notfallnetz, Mobilfunk, schnurlose Telefone und Netzwerke gemessen werden kann. Die neuen Dienstleistungen im 5-GHz-Band und Radarsignale bis zu 9 GHz band&#8217;re nicht mit diesem Ger\u00e4t gemalt.<\/p>\n<p>Messung nach TCO-Standard kann mit dem Messtaster TCO Licht, als auch gekauft werden k\u00f6nnen, durchgef\u00fchrt werden.<\/p>\n<p>Eigenschaften:<\/p>\n<p>Alles in einem handlichen Koffer untergebracht &#8211; Mess Kit wird zusammen mit lavfrekvensanalysatoren ME 3951B und h\u00f8yfrekvensanalysatoren HFE59B mit Zubeh\u00f6r setzen. Siehe separate Datenbl\u00e4tter f\u00fcr jede der Einheiten.<\/p>\n","protected":false},"excerpt":{"rendered":"<p># Elektrosmog Messkoffer Profi MK70-3D f\u00fcr die professionelle Analyse. Professionelle Ausstattung mit gro\u00dfem Preisvorteil.<\/p>\n","protected":false},"featured_media":81671,"comment_status":"closed","ping_status":"closed","template":"","meta":[],"product_brand":[],"product_cat":[1066],"product_tag":[],"class_list":{"0":"post-32384","1":"product","2":"type-product","3":"status-publish","4":"has-post-thumbnail","6":"product_cat-messkoffer","8":"first","9":"instock","10":"taxable","11":"shipping-taxable","12":"purchasable","13":"product-type-simple"},"_links":{"self":[{"href":"https:\/\/helseforhandleren.no\/de\/wp-json\/wp\/v2\/product\/32384","targetHints":{"allow":["GET"]}}],"collection":[{"href":"https:\/\/helseforhandleren.no\/de\/wp-json\/wp\/v2\/product"}],"about":[{"href":"https:\/\/helseforhandleren.no\/de\/wp-json\/wp\/v2\/types\/product"}],"replies":[{"embeddable":true,"href":"https:\/\/helseforhandleren.no\/de\/wp-json\/wp\/v2\/comments?post=32384"}],"wp:featuredmedia":[{"embeddable":true,"href":"https:\/\/helseforhandleren.no\/de\/wp-json\/wp\/v2\/media\/81671"}],"wp:attachment":[{"href":"https:\/\/helseforhandleren.no\/de\/wp-json\/wp\/v2\/media?parent=32384"}],"wp:term":[{"taxonomy":"product_brand","embeddable":true,"href":"https:\/\/helseforhandleren.no\/de\/wp-json\/wp\/v2\/product_brand?post=32384"},{"taxonomy":"product_cat","embeddable":true,"href":"https:\/\/helseforhandleren.no\/de\/wp-json\/wp\/v2\/product_cat?post=32384"},{"taxonomy":"product_tag","embeddable":true,"href":"https:\/\/helseforhandleren.no\/de\/wp-json\/wp\/v2\/product_tag?post=32384"}],"curies":[{"name":"wp","href":"https:\/\/api.w.org\/{rel}","templated":true}]}}