{"id":32388,"date":"2014-08-10T09:53:49","date_gmt":"2014-08-10T09:53:49","guid":{"rendered":"http:\/\/helseforhandleren.no\/butikk\/uncategorized\/mess-koffer-mk10-me3030-hf-32-d-hoch-und-niederfrequenz\/"},"modified":"2024-04-05T09:25:55","modified_gmt":"2024-04-05T09:25:55","slug":"mess-koffer-mk10-me3030-hf-32-d-hoch-und-niederfrequenz","status":"publish","type":"product","link":"https:\/\/helseforhandleren.no\/de\/geschaeft\/strahlung-emf-de\/mess-emf\/messkoffer\/mess-koffer-mk10-me3030-hf-32-d-hoch-und-niederfrequenz\/","title":{"rendered":"MESS KOFFER MK10 (Me3030 &#038; HF 32 D (Hoch- und Niederfrequenz )"},"content":{"rendered":"<p>Baisi Ausr\u00fcstung f\u00fcr Hoch- und Niederfrequenz m\u00e5liing zu einem erschwinglichen Preis.<br \/># Elektrosmog Messkoffer MK10 &#8211; f\u00fcr eine einfache Auswertung der yourpersonal Exposition<br \/>Kombiniert alle &#8222;gemeinsamen Vorteile\u00bb<br \/>Diese solide Grundausstattung, konsequente Sache eines HF32D und einer ME3030B, allowsa f\u00fcr eine zuverl\u00e4ssige Interpretation der Exposition des Menschen zwei HF- und NF-Elektrosmog auf der Basis von anerkannten Bewertungsverfahren . Detaillierte Spezifikationen der Ger\u00e4te bitte den jeweiligen Produktbeschreibungen entnehmen.<br \/>technische Daten<br \/>Weitere Fragen: zwei Jahre Herstellergarantie finden Sie einzelne Produkte Eigenschaften<br \/>Gewicht: 1,24 kg<\/p>\n","protected":false},"excerpt":{"rendered":"<p>Messkoffer MK10 (Me3030 &amp; HF 32 D (Hoch- und Niederfrequenz ).<\/p>\n","protected":false},"featured_media":81679,"comment_status":"closed","ping_status":"closed","template":"","meta":[],"product_brand":[],"product_cat":[752,1066,559],"product_tag":[],"class_list":{"0":"post-32388","1":"product","2":"type-product","3":"status-publish","4":"has-post-thumbnail","6":"product_cat-mess-emf","7":"product_cat-messkoffer","8":"product_cat-strahlung-emf-de","10":"first","11":"instock","12":"taxable","13":"shipping-taxable","14":"purchasable","15":"product-type-simple"},"_links":{"self":[{"href":"https:\/\/helseforhandleren.no\/de\/wp-json\/wp\/v2\/product\/32388","targetHints":{"allow":["GET"]}}],"collection":[{"href":"https:\/\/helseforhandleren.no\/de\/wp-json\/wp\/v2\/product"}],"about":[{"href":"https:\/\/helseforhandleren.no\/de\/wp-json\/wp\/v2\/types\/product"}],"replies":[{"embeddable":true,"href":"https:\/\/helseforhandleren.no\/de\/wp-json\/wp\/v2\/comments?post=32388"}],"wp:featuredmedia":[{"embeddable":true,"href":"https:\/\/helseforhandleren.no\/de\/wp-json\/wp\/v2\/media\/81679"}],"wp:attachment":[{"href":"https:\/\/helseforhandleren.no\/de\/wp-json\/wp\/v2\/media?parent=32388"}],"wp:term":[{"taxonomy":"product_brand","embeddable":true,"href":"https:\/\/helseforhandleren.no\/de\/wp-json\/wp\/v2\/product_brand?post=32388"},{"taxonomy":"product_cat","embeddable":true,"href":"https:\/\/helseforhandleren.no\/de\/wp-json\/wp\/v2\/product_cat?post=32388"},{"taxonomy":"product_tag","embeddable":true,"href":"https:\/\/helseforhandleren.no\/de\/wp-json\/wp\/v2\/product_tag?post=32388"}],"curies":[{"name":"wp","href":"https:\/\/api.w.org\/{rel}","templated":true}]}}