{"id":32391,"date":"2014-08-10T09:53:41","date_gmt":"2014-08-10T09:53:41","guid":{"rendered":"http:\/\/helseforhandleren.no\/butikk\/uncategorized\/mess-koffer-mk20-me3080-hf-35c-hoch-und-niederfrequenz\/"},"modified":"2024-04-05T09:25:58","modified_gmt":"2024-04-05T09:25:58","slug":"mess-koffer-mk20-me3080-hf-35c-hoch-und-niederfrequenz","status":"publish","type":"product","link":"https:\/\/helseforhandleren.no\/de\/geschaeft\/strahlung-emf-de\/mess-emf\/messkoffer\/mess-koffer-mk20-me3080-hf-35c-hoch-und-niederfrequenz\/","title":{"rendered":"MESS KOFFER MK20 (ME3080 &#038; HF 35C (Hoch- und Niederfrequenz )"},"content":{"rendered":"<p>ein Bestseller-Kombination f\u00fcr Nieder- und Hochfrequenzmessung Di reduzierten Preis; das Beste der bezahlbare Ger\u00e4te, einfach zu handhaben, in einem stabilen Geh\u00e4use. Alles, was Sie f\u00fcr g\u00e4ngige Messungen.<br \/># Elektrosmog Messkoffer MK20 f\u00fcr die einfache Bewertung yourpersonal Exposition vereint alle gemeinsamen Vorteil.<br \/>&#8211; Enth\u00e4lt die Instrumente ME3830B und HF35C.<br \/>&#8211; Allowsa eine einfache Beurteilung der pers\u00f6nlichen Belastungs zwei HF- und NF-Elektrosmog gem\u00e4\u00df den Richtlinien und empfohlenen sicheren Werte der Standards der baubiologischen Messtechnik (\u00a9 Maes, IBN).<br \/>&#8211; Die HF-Messger\u00e4t beinhaltet die sehr n\u00fctzliche Funktion einer akustischen Analyse f\u00fcr eine zuverl\u00e4ssige Identifizierung der verschiedenen gepulsten HF-Quellen und der LF-Ger\u00e4t verf\u00fcgt \u00fcber einen erweiterten Frequenzbereich entwickelt, um auch die k\u00fcnstlichen Oberwellen zu messen.<br \/>&#8211; Detaillierte Spezifikationen der Ger\u00e4te bitte den jeweiligen Produktbeschreibungen entnehmen.<\/p>\n","protected":false},"excerpt":{"rendered":"<p>Messkoffer MK20 (ME3080 &amp; HF 35C (Hoch- und Niederfrequenz )<\/p>\n","protected":false},"featured_media":81684,"comment_status":"closed","ping_status":"closed","template":"","meta":[],"product_brand":[],"product_cat":[752,1066,559],"product_tag":[572,2371],"class_list":{"0":"post-32391","1":"product","2":"type-product","3":"status-publish","4":"has-post-thumbnail","6":"product_cat-mess-emf","7":"product_cat-messkoffer","8":"product_cat-strahlung-emf-de","9":"product_tag-straling-de","10":"product_tag-stralingsdetektor-de","12":"first","13":"onbackorder","14":"taxable","15":"shipping-taxable","16":"purchasable","17":"product-type-simple"},"_links":{"self":[{"href":"https:\/\/helseforhandleren.no\/de\/wp-json\/wp\/v2\/product\/32391","targetHints":{"allow":["GET"]}}],"collection":[{"href":"https:\/\/helseforhandleren.no\/de\/wp-json\/wp\/v2\/product"}],"about":[{"href":"https:\/\/helseforhandleren.no\/de\/wp-json\/wp\/v2\/types\/product"}],"replies":[{"embeddable":true,"href":"https:\/\/helseforhandleren.no\/de\/wp-json\/wp\/v2\/comments?post=32391"}],"wp:featuredmedia":[{"embeddable":true,"href":"https:\/\/helseforhandleren.no\/de\/wp-json\/wp\/v2\/media\/81684"}],"wp:attachment":[{"href":"https:\/\/helseforhandleren.no\/de\/wp-json\/wp\/v2\/media?parent=32391"}],"wp:term":[{"taxonomy":"product_brand","embeddable":true,"href":"https:\/\/helseforhandleren.no\/de\/wp-json\/wp\/v2\/product_brand?post=32391"},{"taxonomy":"product_cat","embeddable":true,"href":"https:\/\/helseforhandleren.no\/de\/wp-json\/wp\/v2\/product_cat?post=32391"},{"taxonomy":"product_tag","embeddable":true,"href":"https:\/\/helseforhandleren.no\/de\/wp-json\/wp\/v2\/product_tag?post=32391"}],"curies":[{"name":"wp","href":"https:\/\/api.w.org\/{rel}","templated":true}]}}