{"id":32392,"date":"2014-08-10T09:53:41","date_gmt":"2014-08-10T09:53:41","guid":{"rendered":"http:\/\/helseforhandleren.no\/butikk\/uncategorized\/messkoffer-mk70-3d-pro-nfa-1000-hf-59b-hf-lf\/"},"modified":"2024-04-05T09:26:02","modified_gmt":"2024-04-05T09:26:02","slug":"messkoffer-mk70-3d-pro-nfa-1000-hf-59b-hf-lf","status":"publish","type":"product","link":"https:\/\/helseforhandleren.no\/de\/geschaeft\/strahlung-emf-de\/mess-emf\/messkoffer\/messkoffer-mk70-3d-pro-nfa-1000-hf-59b-hf-lf\/","title":{"rendered":"Messkoffer MK70 -3D pro (NFA 1000 &#038; HF 59B (HF &#038; LF)"},"content":{"rendered":"<p>Die besten Messvorrichtungen f\u00fcr hohe und niedrige Frequenzmessung, zu einem reduzierten Preis, versammelten sich in einem stabilen Geh\u00e4use.<br \/>\n# Elektrosmog Messkoffer &#8222;Profi&#8220; MK70-3D<br \/>\nf\u00fcr die professionelle Analyse Professionelle Ausstattung mit gro\u00dfem Preisvorteil. -Diese Set besteht aus unseren beiden Top-Modelle, die NFA1000 und HFE59B. Die quasi isotropen Antenne des HF-Ger\u00e4t verf\u00fcgt \u00fcber besondere Vorteil der Baubiologie Immissionsmessungen, die Identifizierung von sogenannten Hot Spots, und erweitert den Frequenzbereich bis zu 27 MHz analysiert zus\u00e4tzlich. Es beinhaltet auch die dort die TV und Radiofrequenzen sowie die TETRA-Standards whichemail in ganz Europa eingef\u00fchrt werden sollen. Die NFA1000 mit seiner 3D-Sensoren f\u00fcr E &amp; M, FFT-Analyse und Datenlogger ist auf jeden Fall ein \u00fcberzeugendes Instrument.<br \/>\ntechnische Daten<br \/>\nWeitere Fragen: zwei Jahre Herstellergarantie finden Sie einzelne Produkte Eigenschaften<br \/>\nGewicht: 2,6 kg<\/p>\n","protected":false},"excerpt":{"rendered":"<p>Messkoffer MK70 -3D pro (NFA 1000 &amp; HF 59B (HF &amp; LF)<\/p>\n","protected":false},"featured_media":81685,"comment_status":"closed","ping_status":"closed","template":"","meta":[],"product_brand":[],"product_cat":[752,1066],"product_tag":[],"class_list":{"0":"post-32392","1":"product","2":"type-product","3":"status-publish","4":"has-post-thumbnail","6":"product_cat-mess-emf","7":"product_cat-messkoffer","9":"first","10":"instock","11":"taxable","12":"shipping-taxable","13":"purchasable","14":"product-type-simple"},"_links":{"self":[{"href":"https:\/\/helseforhandleren.no\/de\/wp-json\/wp\/v2\/product\/32392","targetHints":{"allow":["GET"]}}],"collection":[{"href":"https:\/\/helseforhandleren.no\/de\/wp-json\/wp\/v2\/product"}],"about":[{"href":"https:\/\/helseforhandleren.no\/de\/wp-json\/wp\/v2\/types\/product"}],"replies":[{"embeddable":true,"href":"https:\/\/helseforhandleren.no\/de\/wp-json\/wp\/v2\/comments?post=32392"}],"wp:featuredmedia":[{"embeddable":true,"href":"https:\/\/helseforhandleren.no\/de\/wp-json\/wp\/v2\/media\/81685"}],"wp:attachment":[{"href":"https:\/\/helseforhandleren.no\/de\/wp-json\/wp\/v2\/media?parent=32392"}],"wp:term":[{"taxonomy":"product_brand","embeddable":true,"href":"https:\/\/helseforhandleren.no\/de\/wp-json\/wp\/v2\/product_brand?post=32392"},{"taxonomy":"product_cat","embeddable":true,"href":"https:\/\/helseforhandleren.no\/de\/wp-json\/wp\/v2\/product_cat?post=32392"},{"taxonomy":"product_tag","embeddable":true,"href":"https:\/\/helseforhandleren.no\/de\/wp-json\/wp\/v2\/product_tag?post=32392"}],"curies":[{"name":"wp","href":"https:\/\/api.w.org\/{rel}","templated":true}]}}