{"id":32396,"date":"2014-08-10T09:56:11","date_gmt":"2014-08-10T09:56:11","guid":{"rendered":"http:\/\/helseforhandleren.no\/butikk\/uncategorized\/verleih-von-lf-analyzer-me-3840-b-pro-woche\/"},"modified":"2024-04-05T09:26:06","modified_gmt":"2024-04-05T09:26:06","slug":"verleih-von-lf-analyzer-me-3840-b-pro-woche","status":"publish","type":"product","link":"https:\/\/helseforhandleren.no\/de\/geschaeft\/strahlung-emf-de\/mess-emf\/verleih-von-lf-analyzer-me-3840-b-pro-woche\/","title":{"rendered":"VERLEIH VON LF ANALYZER ME 3840 B (pro Woche)"},"content":{"rendered":"<p>LF Analysen ME3830B<br \/>f\u00fcr die einfache Auswertung<br \/>allowsa eine unkomplizierte Bewertung der Exposition, eine Bestimmung bezahlt Abhilfe<br \/>Aktionen, sowie eine Kontrolle der Tre Archi Wirksamkeit.<br \/>Hat die gleichen Funktionen und Konfiguration wie der ME3030B jedoch bietet zus\u00e4tzlich einen deutlich erweiterten Frequenzbereich: von 5 Hertz bis 100 Kilohertz. Dieser Frequenzbereich (in \u00dcbereinstimmung mit SBM) auch die h\u00f6heren Frequenzen verursacht durch beispielsweise Energiesparlampen, Schaltnetzteile, elektronische Dimmer, oder Monitore, Holz gelten als besonders kritisch.<br \/>* Technische Daten<br \/>Frequenzbereich: 5 Hz &#8211; 100 KHz (kompensiert, besser als -2 dB).<br \/>Messbereich: magentic: 1999 nT Skala in 1NT,<br \/>Elektro: 1999 V \/ m (gegen Masse)<br \/>Genauigkeit: Genauigkeit: +\/- 2%, +\/- 20 Stellen mit 50 Hertz<br \/>Sensor: E-Feldsensor elektrische NF Felder<br \/>H-Feld-Sensor magnetische NF Felder<br \/>Audioanalyse: Ein akustisches Signal proportional zur Feldst\u00e4rke mit Geigerz\u00e4hler-Effekt hilft<br \/>Identifizieren von Bereichen mit \u00dcberbelichtung.<br \/>Stromversorgung: 9-Volt-Alkali-Mangan Batterie, avarage Betriebszeit 24-36 Stunden, Low Batt. Anzeige, Auto-Power-Off Funktion<br \/>Weitere Fragen: 2 Jahre Garantie<br \/>Gewicht: 420 g # Niederfrequenzanalyse ME3840B<br \/>Die linkbetween Amateur- und Profi-Instrumente<br \/>Das Ger\u00e4t unterst\u00fctzt alle oben genannten gemeinsamen Vorteil. Es ist besonders beliebt bei \u00c4rzten und Heilpraktikern, da es eine perfekte Kombi Nation leichtg\u00e4ngig und professionellen Messm\u00f6glichkeiten. Es allowsa eine einfache Zuordnung der Elektrosmog Frequenzen an den Bahnstrom oder das Stromnetz sowie zu den k\u00fcnstlichen Oberwellen und erm\u00f6glicht so eine besonders zielgerichtet Sanierungsma\u00dfnahmen und eine einfache Steuerung von Tre Archi Wirksamkeit.<br \/>Comp Rises alle Funktionen der ME3830B, und bietet dar\u00fcber hinaus:<br \/>* Eine schaltbare Innenfiltermodul wie in den Profi-Ger\u00e4te, so dass eine numerische Differenzierung von Bahnstrom und Stromnetz sowie die k\u00fcnstliche h\u00f6heren Frequenzen. Ein n\u00fctzlicher Aspekt angesichts der noch niedrigeren Vorsorgewerte f\u00fcr h\u00f6here Frequenzen.<br \/>Frequenzbereich: 5 Hz &#8211; 100 KHz (kompensiert, besser als -2 dB).<br \/>Messbereich: Die magnetische Flussdichte (eindimensional): 1-1999 nT<br \/>Elektrische Feldst\u00e4rke: 1 bis 1999 V \/ m<br \/>Genauigkeit: +\/- 2%, +\/- 20 digits @ 50\/60 Hz<br \/>Sensor: E-Feldsensor f\u00fcr elektrische NF Felder<br \/>H-Feld-Sensor f\u00fcr magnetische NF-Felder (eindimensional)<br \/>Audioanalyse: akustisches Signal proportional zur Feldst\u00e4rke mit Geigerz\u00e4hler-Effekt<br \/>Stromversorgung: 9-Volt-Alkali-Mangan-Batterie (inbegriffen), mittlere Betriebsdauer 24-36 Stunden<br \/>Low-Batt. Anzeige, Auto-Power-Off-<br \/>Signalbewertung: RMS<br \/>Weitere Fragen: 2 Jahre Garantie<\/p>\n","protected":false},"excerpt":{"rendered":"<p>Vermietung von LF Analyzer ME 3840 B (pro Woche)<\/p>\n","protected":false},"featured_media":81695,"comment_status":"closed","ping_status":"closed","template":"","meta":[],"product_brand":[],"product_cat":[752,559],"product_tag":[],"class_list":{"0":"post-32396","1":"product","2":"type-product","3":"status-publish","4":"has-post-thumbnail","6":"product_cat-mess-emf","7":"product_cat-strahlung-emf-de","9":"first","10":"instock","11":"taxable","12":"shipping-taxable","13":"purchasable","14":"product-type-simple"},"_links":{"self":[{"href":"https:\/\/helseforhandleren.no\/de\/wp-json\/wp\/v2\/product\/32396","targetHints":{"allow":["GET"]}}],"collection":[{"href":"https:\/\/helseforhandleren.no\/de\/wp-json\/wp\/v2\/product"}],"about":[{"href":"https:\/\/helseforhandleren.no\/de\/wp-json\/wp\/v2\/types\/product"}],"replies":[{"embeddable":true,"href":"https:\/\/helseforhandleren.no\/de\/wp-json\/wp\/v2\/comments?post=32396"}],"wp:featuredmedia":[{"embeddable":true,"href":"https:\/\/helseforhandleren.no\/de\/wp-json\/wp\/v2\/media\/81695"}],"wp:attachment":[{"href":"https:\/\/helseforhandleren.no\/de\/wp-json\/wp\/v2\/media?parent=32396"}],"wp:term":[{"taxonomy":"product_brand","embeddable":true,"href":"https:\/\/helseforhandleren.no\/de\/wp-json\/wp\/v2\/product_brand?post=32396"},{"taxonomy":"product_cat","embeddable":true,"href":"https:\/\/helseforhandleren.no\/de\/wp-json\/wp\/v2\/product_cat?post=32396"},{"taxonomy":"product_tag","embeddable":true,"href":"https:\/\/helseforhandleren.no\/de\/wp-json\/wp\/v2\/product_tag?post=32396"}],"curies":[{"name":"wp","href":"https:\/\/api.w.org\/{rel}","templated":true}]}}