{"id":32398,"date":"2014-08-10T09:53:45","date_gmt":"2014-08-10T09:53:45","guid":{"rendered":"http:\/\/helseforhandleren.no\/butikk\/uncategorized\/lf-analyzer-me-3830-b-uberdruck-niedriger-frequenz-5-hz-100-khz\/"},"modified":"2024-04-05T09:26:07","modified_gmt":"2024-04-05T09:26:07","slug":"lf-analyzer-me-3830-b-uberdruck-niedriger-frequenz-5-hz-100-khz","status":"publish","type":"product","link":"https:\/\/helseforhandleren.no\/de\/geschaeft\/strahlung-emf-de\/mess-emf\/messgeraete-lf\/lf-analyzer-me-3830-b-uberdruck-niedriger-frequenz-5-hz-100-khz\/","title":{"rendered":"LF ANALYZER ME 3830 B (\u00dcberdruck niedriger Frequenz 5 Hz &#8211; 100 kHz)"},"content":{"rendered":"<p>Technisch<br \/>Daten<\/p>\n<p>Frequenzbereich:<br \/>16 Hz &#8211;<br \/>100 KHz (kompensiert, besser als -2 dB).<br \/>Messbereich:<br \/>Magnetisch<br \/>Flussdichte (eindimensional): 1-1999 nT<br \/>Elektrische Feldst\u00e4rke: 1 bis 1999 V \/ m<br \/>Genauigkeit:<br \/>+\/- 2%, +\/- 14 Ziffern @ 50\/60 Hz<br \/>Sensor:<br \/>E-Feld-<br \/>Sensor f\u00fcr elektrische NF Felder<br \/>H-Feld-Sensor f\u00fcr magnetische NF-Felder (eindimensional)<br \/>Audioanalyse:<br \/>photoakustischen<br \/>Signal proportional zu der Feldst\u00e4rke mit<br \/>&#8222;Geigerz\u00e4hler-Effekt&#8220;<br \/>Stromversorgung:<br \/>9 Volt<br \/>Alkali-Mangan-Batterie (inbegriffen), mittlere Betriebsdauer 24-36 Stunden<br \/>Signalbewertung:<br \/>RMS<br \/>Weitere Fragen:<br \/>2 Jahre Garantie<br \/>Gewicht:<br \/>0,42 kg<br \/>\u00a0<\/p>\n<p>LF Analyzer ME 3830B<\/p>\n<p>Anwendung:<br \/>Dies ist ein deutsches Qualit\u00e4tsinstrument als auch f\u00fcr die Messung niederfrequenter elektromagnetischer Felder in Ihren eigenen vier W\u00e4nden, im B\u00fcro oder im Au\u00dfenbereich geeignet. Das Ger\u00e4t misst Felder aus dem Bahn Netz (50 Hz und Oberschwingungen), CFL \/ LED, Elektroger\u00e4te, Stromversorgungen, Energiesparlampen, elektronische Dimmer, Induktionskochfeld und dergleichen.<\/p>\n<p>Das Ger\u00e4t ist f\u00fcr den pers\u00f6nlichen Gebrauch bestimmt.<\/p>\n<p>Eigenschaften:<br \/>Das Ger\u00e4t misst die niederfrequenten Magnetfeldern (M-Bereich) und das elektrische Feld (E-Feld). Die Vorrichtung ist sehr einfach zu bedienen ist und eine Skala, die leicht zu lesen ist. Messwerte in Einheiten, die h\u00e4ufig verwendet (V \/ m und nT) ausgedr\u00fcckt &#8211; keine Konvertierung erforderlich ist beim Vergleich mit Grenzwert.<\/p>\n<p>Die Vorrichtung hat Klang, ein \/ ausgeschaltet werden kann. Das Audiosignal \u00e4ndert sich mit der Feldst\u00e4rke &#8211; eine Eigenschaft, die n\u00fctzlich ist, wenn an Strahlungsquellen zu finden.<\/p>\n<p>Das Instrument wird als Ein-Achsen-Typ (Felder in einer Achse gemessen in Zeit)<\/p>\n<p>Zum Korb hinzuf\u00fcgen<br \/>Technische Daten:<\/p>\n<p>Frequenzbereich:<br \/>16 Hz &#8211; 100 KHz (kompensiert, besser als -2 dB).<\/p>\n<p>Messbereich:<br \/>Magnetfeldes (Flussdichte): 1-1999 nT<br \/>Elektrische Feldst\u00e4rke: 1 bis 1999 V \/ m<\/p>\n<p>Genauigkeit: +\/- 2%, +\/- 14 Ziffern @ 50\/60 Hz<\/p>\n<p>Sensor:<br \/>E-Feld-Sensor f\u00fcr elektrischen LF-Feld (eine Achse)<br \/>H-Feld-Sensor f\u00fcr magnetische NF-Felder (eins-Achse)<\/p>\n<p>Audioanalyse: akustisches Signal, das proportional zur Feldst\u00e4rke &#8222;Geigerz\u00e4hler-Effekt&#8220;<\/p>\n<p>Stromversorgung: 9-Volt-Alkaline-Batterie (inbegriffen), durchschnittliche Lebenserwartung von 24 bis 36 h.<\/p>\n<p>Niedrige Batterieanzeige, Auto-off-Funktion.<\/p>\n<p>Messprinzip: RMS<\/p>\n<p>Gewicht: 0,42 kg<\/p>\n<p>Das Ger\u00e4t wird komplett mit folgender Ausstattung:<br \/>Monitore, Erdungskabel, Batterie und Bedienungsanleitung (englisch).<\/p>\n","protected":false},"excerpt":{"rendered":"<p>niedrig<br \/>Frequenzanalyse ME3830B- f\u00fcr eine einfache Auswertung der LF-Exposition<\/p>\n<p>Dies ist das<br \/>Ger\u00e4t f\u00fcr technische Laien &#8211; besonders leicht zu bedienen. Es unterst\u00fctzt alle<br \/>oben &#8222;gemeinsamen Vorteile\u00bb erw\u00e4hnt und es allowsa eine geradlinig<br \/>Beurteilung der Exposition, eine Bestimmung der Abhilfema\u00dfnahmen zu bezahlen, wie<br \/>sowie eine Steuerung von Tre Archi Wirksamkeit.<\/p>\n<p>Comp Rises<br \/>Alle Features des ME3030B und zus\u00e4tzlich Angebote:<\/p>\n<p>A<br \/>deutlich erweiterten Frequenzbereich: von 16 Hertz bis 100 Kilohertz. diese<br \/>Frequenzbereich (in \u00dcbereinstimmung mit SBM) beinhaltet auch die h\u00f6heren<br \/>Frequenzen verursacht durch beispielsweise Energiesparlampen, Schaltmodus<br \/>Netzteile, elektronische Dimmer, oder Monitore, Holz gelten als<br \/>besonders kritisch.<\/p>\n","protected":false},"featured_media":81696,"comment_status":"closed","ping_status":"closed","template":"","meta":[],"product_brand":[],"product_cat":[752,1063,559],"product_tag":[],"class_list":{"0":"post-32398","1":"product","2":"type-product","3":"status-publish","4":"has-post-thumbnail","6":"product_cat-mess-emf","7":"product_cat-messgeraete-lf","8":"product_cat-strahlung-emf-de","10":"first","11":"instock","12":"taxable","13":"shipping-taxable","14":"purchasable","15":"product-type-simple"},"_links":{"self":[{"href":"https:\/\/helseforhandleren.no\/de\/wp-json\/wp\/v2\/product\/32398","targetHints":{"allow":["GET"]}}],"collection":[{"href":"https:\/\/helseforhandleren.no\/de\/wp-json\/wp\/v2\/product"}],"about":[{"href":"https:\/\/helseforhandleren.no\/de\/wp-json\/wp\/v2\/types\/product"}],"replies":[{"embeddable":true,"href":"https:\/\/helseforhandleren.no\/de\/wp-json\/wp\/v2\/comments?post=32398"}],"wp:featuredmedia":[{"embeddable":true,"href":"https:\/\/helseforhandleren.no\/de\/wp-json\/wp\/v2\/media\/81696"}],"wp:attachment":[{"href":"https:\/\/helseforhandleren.no\/de\/wp-json\/wp\/v2\/media?parent=32398"}],"wp:term":[{"taxonomy":"product_brand","embeddable":true,"href":"https:\/\/helseforhandleren.no\/de\/wp-json\/wp\/v2\/product_brand?post=32398"},{"taxonomy":"product_cat","embeddable":true,"href":"https:\/\/helseforhandleren.no\/de\/wp-json\/wp\/v2\/product_cat?post=32398"},{"taxonomy":"product_tag","embeddable":true,"href":"https:\/\/helseforhandleren.no\/de\/wp-json\/wp\/v2\/product_tag?post=32398"}],"curies":[{"name":"wp","href":"https:\/\/api.w.org\/{rel}","templated":true}]}}