{"id":32401,"date":"2016-11-24T09:53:44","date_gmt":"2016-11-24T09:53:44","guid":{"rendered":"http:\/\/helseforhandleren.no\/butikk\/uncategorized\/lf-analyzer-me-3840-db-gauge-niedriger-frequenz-mit-filter\/"},"modified":"2024-04-05T09:26:09","modified_gmt":"2024-04-05T09:26:09","slug":"lf-analyzer-me-3840-db-gauge-niedriger-frequenz-mit-filter","status":"publish","type":"product","link":"https:\/\/helseforhandleren.no\/de\/geschaeft\/strahlung-emf-de\/mess-emf\/messgeraete-lf\/lf-analyzer-me-3840-db-gauge-niedriger-frequenz-mit-filter\/","title":{"rendered":"LF ANALYZER ME 3840 DB (GAUGE niedriger Frequenz, mit Filter)"},"content":{"rendered":"<p>Die Verbindung zwischen Amateur- und Profi-Instrumente Instrumenten. Sehr beliebt bei \u00c4rzten und Heilpraktikern, da es sowohl erm\u00f6glicht eine einfache Handhabung und verf\u00fcgt \u00fcber professionelle Messeigenschaften.<\/p>\n<p>Niederfrequenzanalyse ME3840B Die linkbetween Amateur- und Profi-Instrumente. Das Ger\u00e4t unterst\u00fctzt alle oben genannten gemeinsamen Vorteil. Es ist besonders beliebt bei \u00c4rzten und Heilpraktikern, da es eine perfekte Kombi Nation leichtg\u00e4ngig und professionellen Messm\u00f6glichkeiten. Es allowsa eine einfache Zuordnung der Elektrosmog Frequenzen an den Bahnstrom oder das Stromnetz sowie zu den k\u00fcnstlichen Oberwellen und erm\u00f6glicht so eine besonders zielgerichtet Sanierungsma\u00dfnahmen und eine einfache Steuerung von Tre Archi Wirksamkeit. Comp Rises alle Funktionen der ME3830B und bietet zus\u00e4tzlich: Eine schaltbare Innenfiltermodul wie in den Profi-Ger\u00e4te, so dass eine numerische Differenzierung von Bahnstrom und Stromnetz sowie die k\u00fcnstliche h\u00f6heren Frequenzen. Ein n\u00fctzlicher Aspekt angesichts der noch niedrigeren Vorsorgewerte f\u00fcr h\u00f6here Frequenzen.<\/p>\n<p>Das Instrument allowsa eine einfache Zuordnung der Elektrosmog Frequenzen an den Bahnstrom oder das Stromnetz sowie zu den k\u00fcnstlichen Oberwellen und erm\u00f6glicht so eine besonders zielgerichtet Sanierungsma\u00dfnahmen und eine einfache Steuerung von Tre Archi Wirksamkeit.<\/p>\n<p>Comp Rises alle Funktionen der ME3830B und bietet zus\u00e4tzlich: Eine schaltbare Innenfiltermodul wie in den Profi-Ger\u00e4te, so dass eine numerische Differenzierung von Bahnstrom und Stromnetz sowie die k\u00fcnstliche h\u00f6heren Frequenzen. Ein n\u00fctzlicher Aspekt angesichts der noch niedrigeren Vorsorgewerte f\u00fcr h\u00f6here Frequenzen.<\/p>\n<p>\u00a0<\/p>\n<p>Frequenzbereich: 5 Hz &#8211; 100 KHz (kompensiert, besser als -2 dB).<br \/>Messbereich: Die magnetische Flussdichte (eindimensional): 1-1999 nT<br \/>Elektrische Feldst\u00e4rke: 1 bis 1999 V \/ m<br \/>Genauigkeit: +\/- 2%, +\/- 20 digits @ 50\/60 Hz<br \/>Sensor: E-Feldsensor f\u00fcr elektrische NF Felder<br \/>H-Feld-Sensor f\u00fcr magnetische NF-Felder (eindimensional)<br \/>Audioanalyse: akustisches Signal proportional zur Feldst\u00e4rke mit Geigerz\u00e4hler-Effekt<br \/>Stromversorgung: 9-Volt-Alkali-Mangan-Batterie (inbegriffen), mittlere Betriebsdauer 24-36 Stunden<br \/>Low-Batt. Anzeige, Auto-Power-Off-<br \/>Signalbewertung: RMS<br \/>Weitere Fragen: 2 Jahre Garantie<br \/>Gewicht: 0,46 kg<\/p>\n","protected":false},"excerpt":{"rendered":"<p>LF Analyzer ME 3840 DB (Meter niedriger Frequenz, mit Filter)<\/p>\n","protected":false},"featured_media":81699,"comment_status":"closed","ping_status":"closed","template":"","meta":[],"product_brand":[],"product_cat":[752,1063,559],"product_tag":[805,2370,572],"class_list":{"0":"post-32401","1":"product","2":"type-product","3":"status-publish","4":"has-post-thumbnail","6":"product_cat-mess-emf","7":"product_cat-messgeraete-lf","8":"product_cat-strahlung-emf-de","9":"product_tag-gesundheit-de","10":"product_tag-maleapparat-de","11":"product_tag-straling-de","13":"first","14":"instock","15":"taxable","16":"shipping-taxable","17":"purchasable","18":"product-type-simple"},"_links":{"self":[{"href":"https:\/\/helseforhandleren.no\/de\/wp-json\/wp\/v2\/product\/32401","targetHints":{"allow":["GET"]}}],"collection":[{"href":"https:\/\/helseforhandleren.no\/de\/wp-json\/wp\/v2\/product"}],"about":[{"href":"https:\/\/helseforhandleren.no\/de\/wp-json\/wp\/v2\/types\/product"}],"replies":[{"embeddable":true,"href":"https:\/\/helseforhandleren.no\/de\/wp-json\/wp\/v2\/comments?post=32401"}],"wp:featuredmedia":[{"embeddable":true,"href":"https:\/\/helseforhandleren.no\/de\/wp-json\/wp\/v2\/media\/81699"}],"wp:attachment":[{"href":"https:\/\/helseforhandleren.no\/de\/wp-json\/wp\/v2\/media?parent=32401"}],"wp:term":[{"taxonomy":"product_brand","embeddable":true,"href":"https:\/\/helseforhandleren.no\/de\/wp-json\/wp\/v2\/product_brand?post=32401"},{"taxonomy":"product_cat","embeddable":true,"href":"https:\/\/helseforhandleren.no\/de\/wp-json\/wp\/v2\/product_cat?post=32401"},{"taxonomy":"product_tag","embeddable":true,"href":"https:\/\/helseforhandleren.no\/de\/wp-json\/wp\/v2\/product_tag?post=32401"}],"curies":[{"name":"wp","href":"https:\/\/api.w.org\/{rel}","templated":true}]}}