{"id":32402,"date":"2014-08-10T10:00:43","date_gmt":"2014-08-10T10:00:43","guid":{"rendered":"http:\/\/helseforhandleren.no\/butikk\/uncategorized\/uberwachen-sie-den-stoff-steel-gray-hf-lf-15-m\/"},"modified":"2024-04-05T09:26:12","modified_gmt":"2024-04-05T09:26:12","slug":"uberwachen-sie-den-stoff-steel-gray-hf-lf-15-m","status":"publish","type":"product","link":"https:\/\/helseforhandleren.no\/de\/geschaeft\/abschirmung\/fabric-vorhang-de\/uberwachen-sie-den-stoff-steel-gray-hf-lf-15-m\/","title":{"rendered":"\u00dcberwachen Sie den STOFF STEEL GRAY HF \/ LF, 1,5 M"},"content":{"rendered":"<p>Charakteristik<\/p>\n<p>Gute Schirmd\u00e4mpfung, auch bei hohen Frequenzen!<br \/>\nSehr gutes Preis- \/ Leistungsverh\u00e4ltnis<br \/>\nKontaktieren Able (Boden bequem) zwei Schirm NF-Feldern<br \/>\nTextile Eigenschaften: Waschbar, zwei Eisen und Verarbeitbarkeit<br \/>\nQualit\u00e4tseinstufung: Sehr hoch<br \/>\nTechnische Daten<\/p>\n<p>Breite: 150 cm, +\/- 2 cm<br \/>\nL\u00e4nge: Meterware<br \/>\nD\u00e4mpfung: 35 dB, Zweischicht 50 dB<br \/>\nFarbe Grau<br \/>\nRohstoffe: 40% Baumwolle, 30% Polyester, 30% aus Edelstahl<br \/>\nGewicht: 120 g \/ m\u00b2<br \/>\nDimensionsstabilit\u00e4t: +\/- 3%<br \/>\nOberfl\u00e4chenleitf\u00e4higkeit: 100 bis 800 Ohm (Quadratwiderstand)<br \/>\nErdung<\/p>\n<p>Aufgrund der leitf\u00e4higen Oberfl\u00e4che kann zwei Schirm niedriger Frequenz (LF) elektrische Felder zu erden. Zur fachgerechten Erdung empfehlen wir unseren Erdungsstecker EST.<\/p>\n<p>&nbsp;<\/p>\n<p>Schirmd\u00e4mpfung<\/p>\n<p>Die oben genannten Screening D\u00e4mpfungswerte gelten immer zwei 1 GHz.<br \/>\nDie Schirmd\u00e4mpfung wird regelm\u00e4\u00dfig in unserem eigenen EMV-gepr\u00fcft<br \/>\nLabor haben wir Messaufbauten tauchte zwei folgenden Normen: ASTM D4935-10, IEEE Std 299-2006, IEEEE Std 1128-1998, ASTM A698 \/ A698M-07. Sie finden den Pr\u00fcfbericht mit weiteren Einzelheiten oben auf dieser Seite.<\/p>\n<h4><span style=\"line-height: 1.5\">\u00a0<\/span><\/h4>\n<h4>Care<\/h4>\n<table border=\"0\" cellspacing=\"0\" cellpadding=\"0\">\n<tbody>\n<tr>\n<td><strong><img class=\"lazyload\" decoding=\"async\" src=\"data:image\/gif;base64,R0lGODlhAQABAAAAACH5BAEKAAEALAAAAAABAAEAAAICTAEAOw==\" data-orig-src=\"http:\/\/www.yshield.com\/img\/w-waschen30grad.gif\" alt=\"\" \/>Schonwaschgang<br \/>\ndass 30 \u00b0 C<br \/>\n<\/strong><\/td>\n<td><strong><img class=\"lazyload\" decoding=\"async\" src=\"data:image\/gif;base64,R0lGODlhAQABAAAAACH5BAEKAAEALAAAAAABAAEAAAICTAEAOw==\" data-orig-src=\"http:\/\/www.yshield.com\/img\/w-buegeln-stufe1.gif\" alt=\"\" \/>B\u00fcgeln ohne Dampf<br \/>\ndass ein Grad.<br \/>\n<\/strong><\/td>\n<td><strong><img class=\"lazyload\" decoding=\"async\" src=\"data:image\/gif;base64,R0lGODlhAQABAAAAACH5BAEKAAEALAAAAAABAAEAAAICTAEAOw==\" data-orig-src=\"http:\/\/www.yshield.com\/img\/w-trocknen-stufe1.gif\" alt=\"\" \/>Trocknen bei sehr<br \/>\nniedriger Temperatur.<\/strong><\/td>\n<td><strong><img class=\"lazyload\" decoding=\"async\" src=\"data:image\/gif;base64,R0lGODlhAQABAAAAACH5BAEKAAEALAAAAAABAAEAAAICTAEAOw==\" data-orig-src=\"http:\/\/www.yshield.com\/img\/w-nichtbleichen.gif\" alt=\"\" \/>Nicht bleichen.<br \/>\n<\/strong><\/td>\n<td><strong><img class=\"lazyload\" decoding=\"async\" src=\"data:image\/gif;base64,R0lGODlhAQABAAAAACH5BAEKAAEALAAAAAABAAEAAAICTAEAOw==\" data-orig-src=\"http:\/\/www.yshield.com\/img\/w-keinereinigung.gif\" alt=\"\" \/>Keine chemische<br \/>\nchemische reinigung.<br \/>\n<\/strong><\/td>\n<\/tr>\n<\/tbody>\n<\/table>\n<p>&nbsp;<\/p>\n<p>Reinigung in der Waschmaschine bei 30 \u00b0 C, dass mit unseren speziellen Waschmittel Texcare. Kein H\u00e4ndewaschen!<br \/>\nF\u00fcr Allergiker: Jeder neue Stoff riecht! Waschen Sie immer vor dem ersten Einsatz!<\/p>\n","protected":false},"excerpt":{"rendered":"<p>Stahlgrau ist eine kompakte Baumwolle \/ Polyester \/ Edelstahl-Gewebe f\u00fcr HF + NF Abschirmung. Typische Anwendung als Vorhangstoff,<br \/>\nBoden Nahrung, Decken, zwei Integrieren in M\u00f6bel (Betten), Raumteiler,<br \/>\noder mit Vorbehalt als preiswerte Kleidung oder Bettw\u00e4sche.<br \/>\nWichtig: F\u00fcr Kleidung die Stahlf\u00e4den sind nicht so weich auf der Haut als Silbergewebe, es f\u00fchlt sich wie eine kratzige Wollpullover. Tipp: Tragen Sie einen Pyjama in Bettw\u00e4sche oder Schlafsack aus Stahl Grau, einfach nichts Kratzer gemacht! Oder verwenden Sie es als unter Betten.<\/p>\n","protected":false},"featured_media":86566,"comment_status":"closed","ping_status":"closed","template":"","meta":[],"product_brand":[],"product_cat":[736],"product_tag":[1324,1325,1275,1293],"class_list":{"0":"post-32402","1":"product","2":"type-product","3":"status-publish","4":"has-post-thumbnail","6":"product_cat-fabric-vorhang-de","7":"product_tag-hoyfrekvent-de","8":"product_tag-lavfrekvent-de","9":"product_tag-skjerming-2","10":"product_tag-stoff-2","11":"product_shipping_class-standard-de","12":"pa_lengde-cm-de","14":"first","15":"instock","16":"taxable","17":"shipping-taxable","18":"purchasable","19":"product-type-simple"},"_links":{"self":[{"href":"https:\/\/helseforhandleren.no\/de\/wp-json\/wp\/v2\/product\/32402","targetHints":{"allow":["GET"]}}],"collection":[{"href":"https:\/\/helseforhandleren.no\/de\/wp-json\/wp\/v2\/product"}],"about":[{"href":"https:\/\/helseforhandleren.no\/de\/wp-json\/wp\/v2\/types\/product"}],"replies":[{"embeddable":true,"href":"https:\/\/helseforhandleren.no\/de\/wp-json\/wp\/v2\/comments?post=32402"}],"wp:featuredmedia":[{"embeddable":true,"href":"https:\/\/helseforhandleren.no\/de\/wp-json\/wp\/v2\/media\/86566"}],"wp:attachment":[{"href":"https:\/\/helseforhandleren.no\/de\/wp-json\/wp\/v2\/media?parent=32402"}],"wp:term":[{"taxonomy":"product_brand","embeddable":true,"href":"https:\/\/helseforhandleren.no\/de\/wp-json\/wp\/v2\/product_brand?post=32402"},{"taxonomy":"product_cat","embeddable":true,"href":"https:\/\/helseforhandleren.no\/de\/wp-json\/wp\/v2\/product_cat?post=32402"},{"taxonomy":"product_tag","embeddable":true,"href":"https:\/\/helseforhandleren.no\/de\/wp-json\/wp\/v2\/product_tag?post=32402"}],"curies":[{"name":"wp","href":"https:\/\/api.w.org\/{rel}","templated":true}]}}