{"id":32407,"date":"2014-08-10T09:57:57","date_gmt":"2014-08-10T09:57:57","guid":{"rendered":"http:\/\/helseforhandleren.no\/butikk\/uncategorized\/uberwachen-sie-das-tuch-silber-silk-hf-lf-13-m-breite\/"},"modified":"2024-04-05T09:26:20","modified_gmt":"2024-04-05T09:26:20","slug":"uberwachen-sie-das-tuch-silber-silk-hf-lf-13-m-breite","status":"publish","type":"product","link":"https:\/\/helseforhandleren.no\/de\/geschaeft\/abschirmung\/fabric-vorhang-de\/uberwachen-sie-das-tuch-silber-silk-hf-lf-13-m-breite\/","title":{"rendered":"\u00dcberwachen Sie das Tuch silber SILK, HF \/ LF (1,3 M BREITE)"},"content":{"rendered":"<p>Eigenschaften:<br \/>* Sehr hohe Schirmd\u00e4mpfung<br \/>* Antiseptische aufgrund der vollfl\u00e4chigen Versilberung<br \/>* Kontakt Able (Boden bequem) zwei Schirm NF-Feldern<br \/>* Textil\u00e4hnliche Eigenschaften: Waschbar, zwei Verarbeitbarkeit. Ausnahme: Nicht b\u00fcgeln.<br \/>* Qualit\u00e4tseinstufung: Hoch<br \/>Aufgrund der guten Abwaschbarkeit auch n\u00e4hbar im Inneren des Kleidungs.<br \/>Technische Daten:<br \/>* Breite: 130 cm +\/- 2 cm<br \/>* L\u00e4nge: Meterware<br \/>* D\u00e4mpfung: 60 dB bei 1 GHz<br \/>* Farbe: Silber. Durch die ungesch\u00fctzte Versilberung, dieses Gewebe<br \/>\u00e4ndert sich die Farbe der Zeit f\u00fcr die W\u00e4sche, auf W\u00e4rme \u00fcber Radiatoren oder<br \/>Solar (Sonnen-) Strahlung. Dieser Vorgang ist normal, mit Silber und Eis en<br \/>Qualit\u00e4tsmangel dar!<br \/>* Rohstoffe: 80% Nylon, 20% Silber<br \/>* Gewicht: 45 g \/ m\u00b2<br \/>* Oberfl\u00e4chenleitf\u00e4higkeit: 0,2 Ohm \/ inch (2,54 cm)<br \/>Erdung:<br \/>F\u00e4llig<br \/>zu der leitf\u00e4higen Oberfl\u00e4che einfach kontaktiert k\u00f6nnen zwei Schirm niedrigen geerdet werden<br \/>(NF) elektrische Felder. Zur fachgerechten Erdung empfehlen wir<br \/>unseren Erdungsstecker EST.<br \/>Schirmd\u00e4mpfung:<br \/>Die Abschirmung<br \/>D\u00e4mpfung wird regelm\u00e4\u00dfig von Prof. Dipl.Ing getestet. Pauli an die<br \/>Mikrowelle Laboratory der Universit\u00e4t der Bundeswehr<br \/>Kr\u00e4fte in M\u00fcnchen nach den Standards ASTM D4935-10 und \/ oder<br \/>IEEE STD 299-2006. Die Linie in dem Diagramm steht f\u00fcr die radiale<br \/>Polarisationsrichtung (in beiden Richtungen, horizontal \/ vertikal) und<br \/>INDICAT die D\u00e4mpfung in der Praxis erreicht werden.<\/p>\n","protected":false},"excerpt":{"rendered":"<p>SILVER SILK ist ein Fallschirmseide versilbert \/ Nylongewebe zum Schutz vor Hochfrequenz (HF) und Niederfrequenzstrahlung (LF) .Typiske verwendet Pl\u00e4tze in technischen Anwendungen, um Kabel zu sch\u00fctzen, Taschen etc ..<\/p>\n","protected":false},"featured_media":81710,"comment_status":"closed","ping_status":"closed","template":"","meta":[],"product_brand":[],"product_cat":[736],"product_tag":[1289,1290,1291,1292,1275,1293],"class_list":{"0":"post-32407","1":"product","2":"type-product","3":"status-publish","4":"has-post-thumbnail","6":"product_cat-fabric-vorhang-de","7":"product_tag-elastisk-2","8":"product_tag-klaer-2-2","9":"product_tag-personlig-2","10":"product_tag-skjermende-klaer-2","11":"product_tag-skjerming-2","12":"product_tag-stoff-2","14":"first","15":"instock","16":"taxable","17":"shipping-taxable","18":"purchasable","19":"product-type-simple"},"_links":{"self":[{"href":"https:\/\/helseforhandleren.no\/de\/wp-json\/wp\/v2\/product\/32407","targetHints":{"allow":["GET"]}}],"collection":[{"href":"https:\/\/helseforhandleren.no\/de\/wp-json\/wp\/v2\/product"}],"about":[{"href":"https:\/\/helseforhandleren.no\/de\/wp-json\/wp\/v2\/types\/product"}],"replies":[{"embeddable":true,"href":"https:\/\/helseforhandleren.no\/de\/wp-json\/wp\/v2\/comments?post=32407"}],"wp:featuredmedia":[{"embeddable":true,"href":"https:\/\/helseforhandleren.no\/de\/wp-json\/wp\/v2\/media\/81710"}],"wp:attachment":[{"href":"https:\/\/helseforhandleren.no\/de\/wp-json\/wp\/v2\/media?parent=32407"}],"wp:term":[{"taxonomy":"product_brand","embeddable":true,"href":"https:\/\/helseforhandleren.no\/de\/wp-json\/wp\/v2\/product_brand?post=32407"},{"taxonomy":"product_cat","embeddable":true,"href":"https:\/\/helseforhandleren.no\/de\/wp-json\/wp\/v2\/product_cat?post=32407"},{"taxonomy":"product_tag","embeddable":true,"href":"https:\/\/helseforhandleren.no\/de\/wp-json\/wp\/v2\/product_tag?post=32407"}],"curies":[{"name":"wp","href":"https:\/\/api.w.org\/{rel}","templated":true}]}}