{"id":32409,"date":"2014-08-10T09:57:00","date_gmt":"2014-08-10T09:57:00","guid":{"rendered":"http:\/\/helseforhandleren.no\/butikk\/uncategorized\/uberwachen-sie-den-stoffstahl-twin-hf-lf-15-m\/"},"modified":"2024-04-05T09:26:23","modified_gmt":"2024-04-05T09:26:23","slug":"uberwachen-sie-den-stoffstahl-twin-hf-lf-15-m","status":"publish","type":"product","link":"https:\/\/helseforhandleren.no\/de\/geschaeft\/abschirmung\/fabric-vorhang-de\/uberwachen-sie-den-stoffstahl-twin-hf-lf-15-m\/","title":{"rendered":"\u00dcberwachen Sie den STOFFSTAHL TWIN HF \/ LF, 1,5 M"},"content":{"rendered":"<p>Eigenschaften: F\u00fcr Seite wei\u00dfer Baumwolle, w\u00e4hrend die R\u00fcckseite fest mit einem Faden aus Edelstahl gewebt. Trotz hoher D\u00e4mpfung durch Gewinde aus Edelstahl auf der R\u00fcckseite, hat man so eine hellgraue Vorderseite! Tipp: Da die Vorderseite ist aus reiner Baumwolle, dieser Stoff ist in der Waschmaschine bei 30 \u00b0 C (86 \u00b0 F) eingef\u00e4rbt<br \/>* Gute Schirmd\u00e4mpfung, auch bei hohen Frequenzen!<br \/>* Hervorragendes Preis- \/ Leistungsverh\u00e4ltnis<br \/>* Kann geerdet niederfrequenten elektrischen Feldern LF abzuschirmen<br \/>* Textile Eigenschaften: Waschbar, leicht zu b\u00fcgeln und Prozess<br \/>* Qualit\u00e4t: Sehr hoch<br \/>Technische Daten<br \/>* Breite: 150 cm, + \/ &#8211; 2 cm<br \/>* L\u00e4nge: Meterware<br \/>* D\u00e4mpfung: 35 dB bei 1 GHz<br \/>* Farbe: Hellgrau vor, Silberr\u00fccken<br \/>* Material: 68% Baumwolle, 16% Polyester, 16% aus Edelstahl<br \/>* Gewicht: 190 g \/ m\u00b2<br \/>* Dimensionsstabilit\u00e4t: + \/ &#8211; 3%<br \/>* Oberfl\u00e4chenleitf\u00e4higkeit: 100-800 Ohm \/ inch (2,54 cm)<br \/>Erdung<br \/>Aufgrund der leitf\u00e4higen Oberfl\u00e4che kann geerdet sein, um Niederfrequenz (LF) elektrische Felder abzuschirmen. Zur fachgerechten Erdung empfehlen wir unseren Erdungsstecker EST.<\/p>\n","protected":false},"excerpt":{"rendered":"<p>STEEL-TWIN ist eine kompakte Baumwolle \/ Edelstahl zum Schutz vor hochfrequenten (HF) und lavfrkvent (LF) Strahlung. Typische Anwendungen wie Vorhang. Monitore 35 Db.<\/p>\n","protected":false},"featured_media":86665,"comment_status":"closed","ping_status":"closed","template":"","meta":[],"product_brand":[],"product_cat":[736],"product_tag":[1328,1275,1293,572],"class_list":{"0":"post-32409","1":"product","2":"type-product","3":"status-publish","4":"has-post-thumbnail","6":"product_cat-fabric-vorhang-de","7":"product_tag-gunstig-de","8":"product_tag-skjerming-2","9":"product_tag-stoff-2","10":"product_tag-straling-de","11":"product_shipping_class-standard-de","12":"pa_lengde-cm-de","14":"first","15":"instock","16":"taxable","17":"shipping-taxable","18":"purchasable","19":"product-type-simple"},"_links":{"self":[{"href":"https:\/\/helseforhandleren.no\/de\/wp-json\/wp\/v2\/product\/32409","targetHints":{"allow":["GET"]}}],"collection":[{"href":"https:\/\/helseforhandleren.no\/de\/wp-json\/wp\/v2\/product"}],"about":[{"href":"https:\/\/helseforhandleren.no\/de\/wp-json\/wp\/v2\/types\/product"}],"replies":[{"embeddable":true,"href":"https:\/\/helseforhandleren.no\/de\/wp-json\/wp\/v2\/comments?post=32409"}],"wp:featuredmedia":[{"embeddable":true,"href":"https:\/\/helseforhandleren.no\/de\/wp-json\/wp\/v2\/media\/86665"}],"wp:attachment":[{"href":"https:\/\/helseforhandleren.no\/de\/wp-json\/wp\/v2\/media?parent=32409"}],"wp:term":[{"taxonomy":"product_brand","embeddable":true,"href":"https:\/\/helseforhandleren.no\/de\/wp-json\/wp\/v2\/product_brand?post=32409"},{"taxonomy":"product_cat","embeddable":true,"href":"https:\/\/helseforhandleren.no\/de\/wp-json\/wp\/v2\/product_cat?post=32409"},{"taxonomy":"product_tag","embeddable":true,"href":"https:\/\/helseforhandleren.no\/de\/wp-json\/wp\/v2\/product_tag?post=32409"}],"curies":[{"name":"wp","href":"https:\/\/api.w.org\/{rel}","templated":true}]}}