{"id":32411,"date":"2014-08-10T09:56:31","date_gmt":"2014-08-10T09:56:31","guid":{"rendered":"http:\/\/helseforhandleren.no\/butikk\/uncategorized\/monitor-der-stoff-silver-twin-hf-lf-1-5m\/"},"modified":"2024-04-05T09:26:26","modified_gmt":"2024-04-05T09:26:26","slug":"monitor-der-stoff-silver-twin-hf-lf-1-5m","status":"publish","type":"product","link":"https:\/\/helseforhandleren.no\/de\/geschaeft\/abschirmung\/fabric-vorhang-de\/monitor-der-stoff-silver-twin-hf-lf-1-5m\/","title":{"rendered":"MONITOR Der Stoff SILVER TWIN, HF \/ LF 1.5M"},"content":{"rendered":"<p>Eigenschaften: F\u00fcr Seite ist aus wei\u00dfer Baumwolle hergestellt, w\u00e4hrend die R\u00fcckseite ist eng mit einem Silberfaden gewebt. Trotz extrem hoher D\u00e4mpfung aufgrund der dunklen Silberfaden auf der R\u00fcckseite, hat man so eine hellgraue Vorderseite!<br \/>* Maximale hohe Schirmd\u00e4mpfung, auch bei sehr hohen Frequenzen!<br \/>* Hervorragendes Preis- \/ Leistungsverh\u00e4ltnis<br \/>* Kann geerdet, um NF-Feldern abzuschirmen<br \/>* Textile Eigenschaften: Waschbar, leicht zu b\u00fcgeln und Prozess<br \/>* Qualit\u00e4tseinstufung: Sehr hoch<br \/>Technische Daten<br \/>* Breite: 150 cm, + \/ &#8211; 2 cm<br \/>* L\u00e4nge: Verf\u00fcgbar f\u00fcr Ziele<br \/>* D\u00e4mpfung: 57 dB bei 1 GHz<br \/>* Farbe: Hellgrau vorne, hinten Silber. ACHTUNG: Aufgrund Silberoxidationsfront k\u00f6nnte eine (sehr kleine) Verf\u00e4rbungen haben, ist dies keine Qualit\u00e4tsm\u00e4ngel!<br \/>* Rohstoffe: 50% Baumwolle, 35% Polyester, 15% Silber<br \/>* Gewicht: 150 g \/ m\u00b2<br \/>* Formbest\u00e4ndigkeit: + \/ &#8211; 3%<br \/>* Oberfl\u00e4chenleitf\u00e4higkeit: 0,25 Ohm \/ inch (2,54 cm)<br \/>Erdung<br \/>Aufgrund der leitf\u00e4higen Oberfl\u00e4che kann geerdet sein, um Niederfrequenz (LF) elektrische Felder abzuschirmen. Wir empfehlen Erdungsstecker EST.<br \/>Abschirmung \/ Stumm<br \/>Abschirmung \/ D\u00e4mpfung wird regelm\u00e4\u00dfig von Prof. Dipl.Ing getestet. Pauli Universit\u00e4t der Bundeswehr M\u00fcnchen nach ASTM D4935-99 Normen und \/ oder MIL-Norm 285. Der Liniendiagramm (Bild mit Formular) steht f\u00fcr die radiale Polarisationsrichtung (beide Richtungen, horizontal \/ vertikal) und zeigt D\u00e4mpfung praktisch erreichbar.<\/p>\n","protected":false},"excerpt":{"rendered":"<p>SILVER TWIN ist eine kompakte Baumwoll \/ Polyester-Gewebe zum Schutz gegen Hochfrequenz (HF) und niedriger Frequenz (LF) Strahlung. Typische Anwendungen als Vorhang, Kleidung, Handy-Taschen etc. Kann gewaschen und geb\u00fcgelt werden. Sehr gute Ausstattung! Breite 1,5 m.<\/p>\n","protected":false},"featured_media":86621,"comment_status":"closed","ping_status":"closed","template":"","meta":[],"product_brand":[],"product_cat":[736],"product_tag":[1324,1325,1275,572],"class_list":{"0":"post-32411","1":"product","2":"type-product","3":"status-publish","4":"has-post-thumbnail","6":"product_cat-fabric-vorhang-de","7":"product_tag-hoyfrekvent-de","8":"product_tag-lavfrekvent-de","9":"product_tag-skjerming-2","10":"product_tag-straling-de","11":"pa_lengde-cm-de","13":"first","14":"instock","15":"taxable","16":"shipping-taxable","17":"purchasable","18":"product-type-simple"},"_links":{"self":[{"href":"https:\/\/helseforhandleren.no\/de\/wp-json\/wp\/v2\/product\/32411","targetHints":{"allow":["GET"]}}],"collection":[{"href":"https:\/\/helseforhandleren.no\/de\/wp-json\/wp\/v2\/product"}],"about":[{"href":"https:\/\/helseforhandleren.no\/de\/wp-json\/wp\/v2\/types\/product"}],"replies":[{"embeddable":true,"href":"https:\/\/helseforhandleren.no\/de\/wp-json\/wp\/v2\/comments?post=32411"}],"wp:featuredmedia":[{"embeddable":true,"href":"https:\/\/helseforhandleren.no\/de\/wp-json\/wp\/v2\/media\/86621"}],"wp:attachment":[{"href":"https:\/\/helseforhandleren.no\/de\/wp-json\/wp\/v2\/media?parent=32411"}],"wp:term":[{"taxonomy":"product_brand","embeddable":true,"href":"https:\/\/helseforhandleren.no\/de\/wp-json\/wp\/v2\/product_brand?post=32411"},{"taxonomy":"product_cat","embeddable":true,"href":"https:\/\/helseforhandleren.no\/de\/wp-json\/wp\/v2\/product_cat?post=32411"},{"taxonomy":"product_tag","embeddable":true,"href":"https:\/\/helseforhandleren.no\/de\/wp-json\/wp\/v2\/product_tag?post=32411"}],"curies":[{"name":"wp","href":"https:\/\/api.w.org\/{rel}","templated":true}]}}