{"id":32413,"date":"2014-08-10T09:54:15","date_gmt":"2014-08-10T09:54:15","guid":{"rendered":"http:\/\/helseforhandleren.no\/butikk\/uncategorized\/schirmende-stoff-natural-hf-lf-25-m-breite\/"},"modified":"2024-04-05T09:26:29","modified_gmt":"2024-04-05T09:26:29","slug":"schirmende-stoff-natural-hf-lf-25-m-breite","status":"publish","type":"product","link":"https:\/\/helseforhandleren.no\/de\/geschaeft\/abschirmung\/fabric-vorhang-de\/schirmende-stoff-natural-hf-lf-25-m-breite\/","title":{"rendered":"Schirmende Stoff, NATURAL, HF \/ LF (2,5 m Breite)"},"content":{"rendered":"<p>Sehr gute Abdeckung: 99,99% (38 dB bei 1 GHz). Preis pro Meter (2,5 m Breite).<\/p>\n<p>NATURAL ist ein semi-transparent, organisch, roher Baumwollgewebe zum Schutz vor hochfrequenten (HF) Strahlung. Typische Anwendung als Vorhangstoff, sondern auch f\u00fcr Kleidung geeignet.<\/p>\n<p>Bio-Baumwolle ohne Chemie, \u00d6ko-Tex 100 und 1000 zertifiziert<br \/>Hohe Schirmd\u00e4mpfung f\u00fcr einen Baumwollstoff<br \/>Hervorragendes Preis- \/ Leistungsverh\u00e4ltnis<br \/>Textile Eigenschaften: Waschbar, leicht zu b\u00fcgeln und Prozess<br \/>Qualit\u00e4tseinstufung: Sehr hoch<br \/>Erdung<\/p>\n<p>Nicht geerdet werden kann. Niederfrequente elektrische Wechselfelder (NF) m\u00fcssen durch erg\u00e4nzende Ma\u00dfnahmen reduziert werden.<\/p>\n<p>Abschirmung \/ Stumm<\/p>\n<p>Abschirmung \/ D\u00e4mpfung wird regelm\u00e4\u00dfig von Prof. Dipl getestet. Ing. Pauli an der Universit\u00e4t der Bundeswehr M\u00fcnchen nach ASTM D4935-99 Normen und \/ oder MIL-Norm 285. Die Linie im Diagramm steht f\u00fcr die radiale Polarisationsrichtung (beide Richtungen, horizontal \/ vertikal) und zeigt D\u00e4mpfung praktisch erreichbar.<\/p>\n","protected":false},"excerpt":{"rendered":"<p>Strahlungsschutz Ende Gewebe aus Bio-Baumwolle; hautfreundlich und waschbar: ideal als Bekleidung oder Baldachin, unter dem Bett usw. Bestehend aus feinen Silber-Kupfer-Leitungen, innspunnet Baumwollf\u00e4den. Dies ist ein weit verbreiteter Stoff, komfortabel und einfach zu bedienen, auch als Strahlenschutz-Futter.<\/p>\n","protected":false},"featured_media":86532,"comment_status":"closed","ping_status":"closed","template":"","meta":[],"product_brand":[],"product_cat":[736],"product_tag":[1289,1290,1291,1292,1275,1293],"class_list":{"0":"post-32413","1":"product","2":"type-product","3":"status-publish","4":"has-post-thumbnail","6":"product_cat-fabric-vorhang-de","7":"product_tag-elastisk-2","8":"product_tag-klaer-2-2","9":"product_tag-personlig-2","10":"product_tag-skjermende-klaer-2","11":"product_tag-skjerming-2","12":"product_tag-stoff-2","13":"pa_farge-naturweis","14":"pa_farge-weis","15":"pa_lengde-cm-de","17":"first","18":"instock","19":"taxable","20":"shipping-taxable","21":"purchasable","22":"product-type-simple"},"_links":{"self":[{"href":"https:\/\/helseforhandleren.no\/de\/wp-json\/wp\/v2\/product\/32413","targetHints":{"allow":["GET"]}}],"collection":[{"href":"https:\/\/helseforhandleren.no\/de\/wp-json\/wp\/v2\/product"}],"about":[{"href":"https:\/\/helseforhandleren.no\/de\/wp-json\/wp\/v2\/types\/product"}],"replies":[{"embeddable":true,"href":"https:\/\/helseforhandleren.no\/de\/wp-json\/wp\/v2\/comments?post=32413"}],"wp:featuredmedia":[{"embeddable":true,"href":"https:\/\/helseforhandleren.no\/de\/wp-json\/wp\/v2\/media\/86532"}],"wp:attachment":[{"href":"https:\/\/helseforhandleren.no\/de\/wp-json\/wp\/v2\/media?parent=32413"}],"wp:term":[{"taxonomy":"product_brand","embeddable":true,"href":"https:\/\/helseforhandleren.no\/de\/wp-json\/wp\/v2\/product_brand?post=32413"},{"taxonomy":"product_cat","embeddable":true,"href":"https:\/\/helseforhandleren.no\/de\/wp-json\/wp\/v2\/product_cat?post=32413"},{"taxonomy":"product_tag","embeddable":true,"href":"https:\/\/helseforhandleren.no\/de\/wp-json\/wp\/v2\/product_tag?post=32413"}],"curies":[{"name":"wp","href":"https:\/\/api.w.org\/{rel}","templated":true}]}}