{"id":32452,"date":"2014-08-10T09:58:07","date_gmt":"2014-08-10T09:58:07","guid":{"rendered":"http:\/\/helseforhandleren.no\/butikk\/uncategorized\/serengel-720-ml-2\/"},"modified":"2024-04-05T09:26:37","modified_gmt":"2024-04-05T09:26:37","slug":"serengel-720-ml-2","status":"publish","type":"product","link":"https:\/\/helseforhandleren.no\/de\/geschaeft\/ukategorisert\/serengel-720-ml-2\/","title":{"rendered":"Serengel, 720 ml"},"content":{"rendered":"<p>Serenegel Gel enth\u00e4lt Aloe arborescens, Akazienhonig organischen und biologischen Alkohol trocken.<br \/>Sch\u00fctzt den Magen-Darmtrakt vor Besch\u00e4digung und Magens\u00e4ure. Und &#8222;in der Nahrungsmittelunvertr\u00e4glichkeit angezeigt.<br \/>F\u00f6rdert die Entgiftung.<br \/>F\u00f6rdert die Ausscheidung von Giftstoffen.<br \/>Es hilft der Darmpassage.<br \/>Reguliert die Verdauung und Leber.<br \/>Serenegel eine Zubereitung v\u00f6llig nat\u00fcrlich.<br \/>Es hat eine Grundmasse mit 75% Aloe arborescens, eine Mischung alchemistisch verarbeitet, nach dem ber\u00fchmten MEOTODO ANGEL ARIEL.<\/p>\n","protected":false},"excerpt":{"rendered":"<p>Serenegel Gel enth\u00e4lt Aloe arborescens, Akazienhonig organischen und biologischen Alkohol  [&#8230;]<\/p>\n","protected":false},"featured_media":81739,"comment_status":"closed","ping_status":"closed","template":"","meta":[],"product_brand":[],"product_cat":[1397],"product_tag":[],"class_list":{"0":"post-32452","1":"product","2":"type-product","3":"status-publish","4":"has-post-thumbnail","6":"product_cat-ukategorisert","8":"first","9":"outofstock","10":"taxable","11":"shipping-taxable","12":"purchasable","13":"product-type-simple"},"_links":{"self":[{"href":"https:\/\/helseforhandleren.no\/de\/wp-json\/wp\/v2\/product\/32452","targetHints":{"allow":["GET"]}}],"collection":[{"href":"https:\/\/helseforhandleren.no\/de\/wp-json\/wp\/v2\/product"}],"about":[{"href":"https:\/\/helseforhandleren.no\/de\/wp-json\/wp\/v2\/types\/product"}],"replies":[{"embeddable":true,"href":"https:\/\/helseforhandleren.no\/de\/wp-json\/wp\/v2\/comments?post=32452"}],"wp:featuredmedia":[{"embeddable":true,"href":"https:\/\/helseforhandleren.no\/de\/wp-json\/wp\/v2\/media\/81739"}],"wp:attachment":[{"href":"https:\/\/helseforhandleren.no\/de\/wp-json\/wp\/v2\/media?parent=32452"}],"wp:term":[{"taxonomy":"product_brand","embeddable":true,"href":"https:\/\/helseforhandleren.no\/de\/wp-json\/wp\/v2\/product_brand?post=32452"},{"taxonomy":"product_cat","embeddable":true,"href":"https:\/\/helseforhandleren.no\/de\/wp-json\/wp\/v2\/product_cat?post=32452"},{"taxonomy":"product_tag","embeddable":true,"href":"https:\/\/helseforhandleren.no\/de\/wp-json\/wp\/v2\/product_tag?post=32452"}],"curies":[{"name":"wp","href":"https:\/\/api.w.org\/{rel}","templated":true}]}}