{"id":32458,"date":"2014-08-10T09:57:11","date_gmt":"2014-08-10T09:57:11","guid":{"rendered":"http:\/\/helseforhandleren.no\/butikk\/uncategorized\/anthonys-oil-50-ml-veganok-2\/"},"modified":"2024-04-05T09:26:41","modified_gmt":"2024-04-05T09:26:41","slug":"anthonys-oil-50-ml-veganok-2","status":"publish","type":"product","link":"https:\/\/helseforhandleren.no\/de\/geschaeft\/gesundheit-de\/anthonys-oil-50-ml-veganok-2\/","title":{"rendered":"Anthony&#8217;s Oil, 50 ml, VeganOk"},"content":{"rendered":"","protected":false},"excerpt":{"rendered":"<p>Anthonys \u00d6l ist ein Extrakt der Aloe arborescens \u00d6l-, nach &#8222;METHODE ANGEL ARIEL&#8220; vorbereitet.<br \/>Aloe arborescens ist eine Pflanze in ethnischen Medizin bekannt. Das Blatt als Ganzes sehr viele Stoffe, die Gewebereparatur und Aufl\u00f6sung von Hautkrankheiten, wie Vitamine A, C und B-Komplex, alle essentiellen Aminos\u00e4uren, Mineralstoffen (Kalium, Eisen, Phosphor, Kupfer, Zink, Chrom und Magnesium beitragen ) Antioxidantien, Sitosterol, Enzymen (alkalische Phosphatase, Amylase, Brady, Katalase, Cellulase, Lipase, creatinafosfochinasi, Nukleotidase und proteolitiasi), zus\u00e4tzlich zu dem Polysaccharid-Gel und Anthrachinone des Saftes. Das Gel ist in der Tat im wesentlichen aus Polysacchariden und Glykoproteinen mit entz\u00fcndungshemmenden und antivirale immunomodulanteed und hat feuchtigkeitsspendende, beruhigende, heilende und entz\u00fcndungshemmend. Die Anthranoid Saft sind eine gro\u00dfe Familie von Stoffen, f\u00fcr die nachgewiesen haben entz\u00fcndungshemmende, schmerzstillende, trophische und auch antimikrobiell. Insbesondere Diacerein hat interessante Eigenschaften &#8222;reparative&#8220; auf die F\u00e4higkeit, proteolytische Enzyme, die f\u00fcr den Abbau von Proteoglykanen und Kollagenabbau, die Aktivit\u00e4t der lysosomalen Enzyme, die die Bildung von Peroxiden und freien Radikalen in der Evolution befasste inhibieren kann Verfahren der Lichtalterung der Haut. Linie Engel Ariel dank der spezifischen und tiefen Wissen \u00fcber die traditionelle Verwendung von Aloe arborescens, studierte ein Extrakt in \u00d6l des Blatt der Aloe arborescens nach einem Verfahren, das sehr langsam und unter Bedingungen von Licht und W\u00e4rme immer kontrolliert, Extrakte lipophile Wirkstoffe. Die Mischung von \u00d6len in diesem alchemistischen Prozess verwendet bewahrt die adaptogenic Eigenschaften von Aloe arborescens und wirkt in Synergie mit der aktiven Extrakte auch die Erleichterung der Verteilbarkeit, Aufnahme in die Haut und die Erh\u00f6hung die Eigenschaften dermonutrienti und reparative. Die unmittelbare Anwendung von Verbrennungen und traumatischen Verletzungen rechnet die Reparatur und Narbengewebe-Modell. Auf die Haut aufgetragen, sch\u00fctzt vor Sch\u00e4den durch UV und erleichtert die Aufl\u00f6sung der Akne auch.<br \/>INDIKATIONEN. Oil topischen Anwendung. Wirksam gegen Scheuern auf der Haut \u00e4ndert sich wie Dermatosen, einschlie\u00dflich Atopie Dermatitis und Psoriasis. Erleichtert die Reparatur von Gewebe nach Sch\u00e4den durch UV-Strahlung und Verbrennungen.<br \/>ANWENDUNG: Tragen Sie eine d\u00fcnne Schicht lokal 2-3 mal t\u00e4glich und massieren Sie ein paar Minuten.<br \/>ZUTATEN: Aloe arborescens (Blatt Frische voll), Olive (Olea europea) \u00d6l, Ringelblume (Calendula officinalis), Mandel\u00f6l (Prunus dulcis).<br \/>\u00a0<br \/>JPGveganOK<br \/>Produktzertifikat VeganOk<br \/>Typ Inhaltsstoffe \/ COMPONENTS<br \/>Kein Stoff \/ Teil f\u00fcr die Produktion von zertifizierten Produkten VeganOK verwendeten tierischen Ursprungs oder erfordert f\u00fcr seine Extraktion \/ Verarbeitungsverfahren, die direkt betreffen die Ausbeutung von Tieren.<br \/>F\u00fcr weitere Informationen \u00fcber Stoffe \/ Medien nicht zugelassen oder ausdr\u00fccklich verboten und andere Klarstellungen zu diesem Thema finden Sie in der &#8222;Disziplinar VeganOK&#8220; in der aktualisierten Version auf der Website www.veganok.com.<br \/>TEST AUF TIERE:<br \/>Im Bewusstsein, dass die geltenden europ\u00e4ischen Rechtsvorschriften (nur in der Kosmetik) ist eine Verpflichtung, um Tierversuche auf allen nicht-pflanzliche Stoffe von denen, die sie erzeugen, warten und hoffen, dass diese Rechtsvorschriften ge\u00e4ndert werden, in Bezug auf die unsere Arbeit und das, wor\u00fcber wir die Kontrolle und Entscheidungsmacht haben (in Bereichen, in denen nicht-kosmetische Tierversuche erlaubt ist), garantieren wir, dass kein Stoff oder Material f\u00fcr den Bau von zertifizierten Produkten VeganOK verwendet wurden, wurden von uns oder Testverfahren in Auftrag gegeben wurden in der direkten Ausbeutung von Tieren und keine Testverfahren oder die Kontrolle \u00fcber das fertige Produkt hat direkt zu keinem Zeitpunkt in der Ausbeutung von Tieren gef\u00fchrt gef\u00fchrt.<br \/>GVO:<br \/>Die in den zertifizierten Produkten verwendeten Substanzen VeganOK nicht aus gentechnisch ver\u00e4nderten Pflanzen zu pflanzen kommen. Im Falle der Verwendung von Substanzen, die aus Mais und Soja stammen, in denen Pflanzen Besonders vorliegenden genetischen Manipulation wurde die nicht-transgenen Ursprungs mit besonders verifiziert.<br \/>\u00a0<br \/>VERPACKUNG UND UMWELTBELASTUNG:<br \/>E &#8218;wurde eine Politik der Verringerung Verpackungen f\u00fcr Verpackungen, sowie alles, was die Umweltauswirkungen des Produkts w\u00e4hrend seines gesamten Lebenszyklus im Zusammenhang implementiert.<\/p>\n","protected":false},"featured_media":81745,"comment_status":"closed","ping_status":"closed","template":"","meta":[],"product_brand":[],"product_cat":[556],"product_tag":[],"class_list":{"0":"post-32458","1":"product","2":"type-product","3":"status-publish","4":"has-post-thumbnail","6":"product_cat-gesundheit-de","8":"first","9":"outofstock","10":"taxable","11":"shipping-taxable","12":"purchasable","13":"product-type-simple"},"_links":{"self":[{"href":"https:\/\/helseforhandleren.no\/de\/wp-json\/wp\/v2\/product\/32458","targetHints":{"allow":["GET"]}}],"collection":[{"href":"https:\/\/helseforhandleren.no\/de\/wp-json\/wp\/v2\/product"}],"about":[{"href":"https:\/\/helseforhandleren.no\/de\/wp-json\/wp\/v2\/types\/product"}],"replies":[{"embeddable":true,"href":"https:\/\/helseforhandleren.no\/de\/wp-json\/wp\/v2\/comments?post=32458"}],"wp:featuredmedia":[{"embeddable":true,"href":"https:\/\/helseforhandleren.no\/de\/wp-json\/wp\/v2\/media\/81745"}],"wp:attachment":[{"href":"https:\/\/helseforhandleren.no\/de\/wp-json\/wp\/v2\/media?parent=32458"}],"wp:term":[{"taxonomy":"product_brand","embeddable":true,"href":"https:\/\/helseforhandleren.no\/de\/wp-json\/wp\/v2\/product_brand?post=32458"},{"taxonomy":"product_cat","embeddable":true,"href":"https:\/\/helseforhandleren.no\/de\/wp-json\/wp\/v2\/product_cat?post=32458"},{"taxonomy":"product_tag","embeddable":true,"href":"https:\/\/helseforhandleren.no\/de\/wp-json\/wp\/v2\/product_tag?post=32458"}],"curies":[{"name":"wp","href":"https:\/\/api.w.org\/{rel}","templated":true}]}}