{"id":32464,"date":"2014-08-10T09:58:02","date_gmt":"2014-08-10T09:58:02","guid":{"rendered":"http:\/\/helseforhandleren.no\/butikk\/uncategorized\/twinkle-720-ml-3\/"},"modified":"2024-04-05T09:26:45","modified_gmt":"2024-04-05T09:26:45","slug":"twinkle-720-ml-3","status":"publish","type":"product","link":"https:\/\/helseforhandleren.no\/de\/geschaeft\/ukategorisert\/twinkle-720-ml-3\/","title":{"rendered":"Twinkle, 720 ml"},"content":{"rendered":"<p>Twinkle enth\u00e4lt Aloe arborescens ganze Blatt und trockenen organischen Alkohol.<br \/>\u00a0<br \/>F\u00fcr Patienten mit schlechter Vertr\u00e4glichkeit angegeben<br \/>Zucker oder Honig und f\u00fcr<br \/>, die auf eine Di\u00e4t aus Gr\u00fcnden der Stick sollte<br \/>\u00dcbergewicht.<\/p>\n<p>F\u00f6rdert die Entgiftung.<br \/>F\u00f6rdert die Ausscheidung von Giftstoffen.<br \/>Es hilft der Darmpassage.<br \/>Reguliert die Verdauung und Leber.<\/p>\n<p>Twinkle ist ein Pr\u00e4parat v\u00f6llig nat\u00fcrlich.<br \/>Es hat eine Grundmasse mit 98% Aloe arborescens, eine Mischung alchemistisch verarbeitet, nach dem ber\u00fchmten MEOTODO ANGEL ARIEL.<\/p>\n<p>JPGveganOK<br \/>Produktzertifikat VeganOk<br \/>Typ Inhaltsstoffe \/ COMPONENTS<br \/>Kein Stoff \/ Teil f\u00fcr die Produktion von zertifizierten Produkten VeganOK verwendeten tierischen Ursprungs oder erfordert f\u00fcr seine Extraktion \/ Verarbeitungsverfahren, die direkt betreffen die Ausbeutung von Tieren.<br \/>F\u00fcr weitere Informationen \u00fcber Stoffe \/ Medien nicht zugelassen oder ausdr\u00fccklich verboten und andere Klarstellungen zu diesem Thema finden Sie in der &#8222;Disziplinar VeganOK&#8220; in der aktualisierten Version auf der Website www.veganok.com.<br \/>TEST AUF TIERE:<br \/>Im Bewusstsein, dass die geltenden europ\u00e4ischen Rechtsvorschriften (nur in der Kosmetik) ist eine Verpflichtung, um Tierversuche auf allen nicht-pflanzliche Stoffe von denen, die sie erzeugen, warten und hoffen, dass diese Rechtsvorschriften ge\u00e4ndert werden, in Bezug auf die unsere Arbeit und das, wor\u00fcber wir die Kontrolle und Entscheidungsmacht haben (in Bereichen, in denen nicht-kosmetische Tierversuche erlaubt ist), garantieren wir, dass kein Stoff oder Material f\u00fcr den Bau von zertifizierten Produkten VeganOK verwendet wurden, wurden von uns oder Testverfahren in Auftrag gegeben wurden in der direkten Ausbeutung von Tieren und keine Testverfahren oder die Kontrolle \u00fcber das fertige Produkt hat direkt zu keinem Zeitpunkt in der Ausbeutung von Tieren gef\u00fchrt gef\u00fchrt.<br \/>GVO:<br \/>Die in den zertifizierten Produkten verwendeten Substanzen VeganOK nicht aus gentechnisch ver\u00e4nderten Pflanzen zu pflanzen kommen. Im Falle der Verwendung von Substanzen, die aus Mais und Soja stammen, in denen Pflanzen Besonders vorliegenden genetischen Manipulation wurde die nicht-transgenen Ursprungs mit besonders verifiziert.<br \/>\u00a0<br \/>VERPACKUNG UND UMWELTBELASTUNG:<br \/>E &#8218;wurde eine Politik der Verringerung Verpackungen f\u00fcr Verpackungen, sowie alles, was die Umweltauswirkungen des Produkts w\u00e4hrend seines gesamten Lebenszyklus im Zusammenhang implementiert.<\/p>\n","protected":false},"excerpt":{"rendered":"<p>Twinkle enth\u00e4lt Aloe arborescens ganze Blatt und trockenen organischen Alkohol.\u00a0F\u00fcr  [&#8230;]<\/p>\n","protected":false},"featured_media":81754,"comment_status":"closed","ping_status":"closed","template":"","meta":[],"product_brand":[],"product_cat":[1397],"product_tag":[],"class_list":{"0":"post-32464","1":"product","2":"type-product","3":"status-publish","4":"has-post-thumbnail","6":"product_cat-ukategorisert","8":"first","9":"outofstock","10":"taxable","11":"shipping-taxable","12":"purchasable","13":"product-type-simple"},"_links":{"self":[{"href":"https:\/\/helseforhandleren.no\/de\/wp-json\/wp\/v2\/product\/32464","targetHints":{"allow":["GET"]}}],"collection":[{"href":"https:\/\/helseforhandleren.no\/de\/wp-json\/wp\/v2\/product"}],"about":[{"href":"https:\/\/helseforhandleren.no\/de\/wp-json\/wp\/v2\/types\/product"}],"replies":[{"embeddable":true,"href":"https:\/\/helseforhandleren.no\/de\/wp-json\/wp\/v2\/comments?post=32464"}],"wp:featuredmedia":[{"embeddable":true,"href":"https:\/\/helseforhandleren.no\/de\/wp-json\/wp\/v2\/media\/81754"}],"wp:attachment":[{"href":"https:\/\/helseforhandleren.no\/de\/wp-json\/wp\/v2\/media?parent=32464"}],"wp:term":[{"taxonomy":"product_brand","embeddable":true,"href":"https:\/\/helseforhandleren.no\/de\/wp-json\/wp\/v2\/product_brand?post=32464"},{"taxonomy":"product_cat","embeddable":true,"href":"https:\/\/helseforhandleren.no\/de\/wp-json\/wp\/v2\/product_cat?post=32464"},{"taxonomy":"product_tag","embeddable":true,"href":"https:\/\/helseforhandleren.no\/de\/wp-json\/wp\/v2\/product_tag?post=32464"}],"curies":[{"name":"wp","href":"https:\/\/api.w.org\/{rel}","templated":true}]}}