{"id":32475,"date":"2015-04-20T11:46:17","date_gmt":"2015-04-20T11:46:17","guid":{"rendered":"http:\/\/helseforhandleren.no\/butikk\/uncategorized\/aloderm-cashemire-touch-200-ml-3\/"},"modified":"2024-04-05T09:26:50","modified_gmt":"2024-04-05T09:26:50","slug":"aloderm-cashemire-touch-200-ml-3","status":"publish","type":"product","link":"https:\/\/helseforhandleren.no\/de\/geschaeft\/gesundheit-de\/aloderm-cashemire-touch-200-ml-3\/","title":{"rendered":"Aloderm, Cashemire touch, 200 ml"},"content":{"rendered":"<p>H\u00e4nde weich, glatt und tief feuchtigkeitsspendend. Das \u00d6l der Aloe<br \/>\nArborescens stimuliert die Hauterneuerung. der Effekt<br \/>\nberuhigende Mandel\u00f6l und Ringel Leichtigkeit geben<br \/>\nund Helligkeit. Angewandte t\u00e4glich tr\u00e4gt<br \/>\nVerhinderung und Verringerung dunkle Flecken.<br \/>\nAnwendung: Tragen Sie mit einer leichten Massage.<br \/>\nF\u00fcr eine intensive Behandlung, gro\u00dfz\u00fcgig auftragen und<br \/>\neinwirken lassen f\u00fcr 30 Minuten w\u00e4hrend der Schutz Ihrer H\u00e4nde mit<br \/>\nBaumwollhandschuhe.<\/p>\n","protected":false},"excerpt":{"rendered":"<p>H\u00e4nde weich, glatt und tief feuchtigkeitsspendend. Das \u00d6l der Aloe  [&#8230;]<\/p>\n","protected":false},"featured_media":81763,"comment_status":"closed","ping_status":"closed","template":"","meta":[],"product_brand":[],"product_cat":[556],"product_tag":[],"class_list":{"0":"post-32475","1":"product","2":"type-product","3":"status-publish","4":"has-post-thumbnail","6":"product_cat-gesundheit-de","8":"first","9":"instock","10":"taxable","11":"shipping-taxable","12":"product-type-simple"},"_links":{"self":[{"href":"https:\/\/helseforhandleren.no\/de\/wp-json\/wp\/v2\/product\/32475","targetHints":{"allow":["GET"]}}],"collection":[{"href":"https:\/\/helseforhandleren.no\/de\/wp-json\/wp\/v2\/product"}],"about":[{"href":"https:\/\/helseforhandleren.no\/de\/wp-json\/wp\/v2\/types\/product"}],"replies":[{"embeddable":true,"href":"https:\/\/helseforhandleren.no\/de\/wp-json\/wp\/v2\/comments?post=32475"}],"wp:featuredmedia":[{"embeddable":true,"href":"https:\/\/helseforhandleren.no\/de\/wp-json\/wp\/v2\/media\/81763"}],"wp:attachment":[{"href":"https:\/\/helseforhandleren.no\/de\/wp-json\/wp\/v2\/media?parent=32475"}],"wp:term":[{"taxonomy":"product_brand","embeddable":true,"href":"https:\/\/helseforhandleren.no\/de\/wp-json\/wp\/v2\/product_brand?post=32475"},{"taxonomy":"product_cat","embeddable":true,"href":"https:\/\/helseforhandleren.no\/de\/wp-json\/wp\/v2\/product_cat?post=32475"},{"taxonomy":"product_tag","embeddable":true,"href":"https:\/\/helseforhandleren.no\/de\/wp-json\/wp\/v2\/product_tag?post=32475"}],"curies":[{"name":"wp","href":"https:\/\/api.w.org\/{rel}","templated":true}]}}