{"id":32479,"date":"2015-04-20T12:58:11","date_gmt":"2015-04-20T12:58:11","guid":{"rendered":"http:\/\/helseforhandleren.no\/butikk\/uncategorized\/abschirmfarbe-hsf54-1-liter\/"},"modified":"2024-04-05T09:27:02","modified_gmt":"2024-04-05T09:27:02","slug":"abschirmfarbe-hsf54","status":"publish","type":"product","link":"https:\/\/helseforhandleren.no\/de\/geschaeft\/abschirmung\/abschirmfarbe\/abschirmfarbe-hsf54\/","title":{"rendered":"Abschirmfarbe HSF54"},"content":{"rendered":"<ul class=\"description_properties\">\n<li class=\"article_properties\"><span class=\"property_value\"><strong>Schirmd\u00e4mpfung:<\/strong> Alle Schirmd\u00e4mpfungswerte gelten bei 1 GHz. Messung nach ASTM D4935-10, IEEE Std 299-2006, IEEEE Std 1128-1998, ASTM A698\/A698M-07.<br \/>\n<\/span><\/li>\n<li class=\"article_properties\"><span class=\"property_value\"><strong>Anwendung:<\/strong> Boden, Decke, Wand Innenbereich<\/span><\/li>\n<li class=\"article_properties\"><span class=\"property_value\"><strong>Feldart:<\/strong> HF (Hochfrequenz), NF (Niederfrequenz)<\/span><\/li>\n<li class=\"article_properties\"><span class=\"property_value\"><strong>Schirmung:<\/strong> Hoch (30 bis 60 dB)<\/span><\/li>\n<li class=\"article_properties\"><span class=\"property_value\"><strong>\u00d6kologie:<\/strong> Normal<\/span><\/li>\n<li class=\"article_properties\"><span class=\"property_value\"><strong>Farbe:<\/strong> Schwarz<\/span><\/li>\n<\/ul>\n<p><strong>Unser langj\u00e4hriger Klassiker, 2014 nochmals verbessert. Eine Farbe f\u00fcr Alles, wenn Sie sich nicht entscheiden k\u00f6nnen.<\/strong> Auf Basis eines hochwertigen <strong>Reinacrylatbindemittels<\/strong>. Diese Farbe ist <strong>frostbest\u00e4ndig<\/strong> f\u00fcr Paketversand im Winter oder auf Palette in Schiffscontainern.\u00a0Atmungsaktiv, l\u00f6semittelfrei, <strong>geruchsarm<\/strong>,\u00a0<strong>emissionsarm<\/strong>.<\/p>\n<ul>\n<li><strong>Schirmd\u00e4mpfung:<\/strong> Einlagig <strong>37 dB<\/strong>, zweilagig\u00a0<strong>44 dB<\/strong>.\u00a0Die Schirmd\u00e4mpfung wird regelm\u00e4\u00dfig in unserem eigenen EMV-Labor gemessen. Wir haben Messaufbauten nach folgenden Standards: ASTM D4935-10, IEEE Std 299-2006, IEEEE Std 1128-1998, ASTM A698\/A698M-07.<\/li>\n<li><strong>Allgemein:<\/strong>\u00a0Unsere Abschirmfarben auf Basis von Kohlenstoffen haben viele Vorteile, siehe\u00a0<strong>Allgemeine Eigenschaften<\/strong>.<\/li>\n<li><strong>Einsatzbereich (Ergiebigkeit):<\/strong> Innen (7,5 m\u00b2\/l), Aussen (5 m\u00b2\/l).<\/li>\n<li><strong>Untergrund:<\/strong> Innen und Au\u00dfen.\u00a0Hervorragende Haftung auf fast allen Untergr\u00fcnden wie alten Farbanstrichen, Gipskartonplatten, Tapeten, Putz, Beton, Styropor, Holz, usw.<\/li>\n<li><strong>Deckbeschichtung:<\/strong> \u00dcberarbeitbar vorzugsweise mit kunststoffgebundenen Dispersionsfarben, Dispersionssilikatfarben, Fassadenfarben oder Silikonharzfarben. Rein mineralische Farben (Lehm, Kalk, Reinsilikat) empfehlen wir nicht. Konkrete Produktempfehlungen finden Sie im technischen Merkblatt. Aufgrund der hohen Haftzugfestigkeit (nach ETAG 004 f\u00fcr WDVS mit mindestens 0,08 N\/mm\u00b2) direkt unter rein organischem Putz verwendbar, kein mineralischer Putz!<\/li>\n<li><strong>Erdung<\/strong>:\u00a0Muss geerdet werden! Wir empfehlen im Innenbereich das Erdungsband EB2 plus Erdungsplatte GW (GB) plus Erdungsstecker GP, im Aussenbereich das Faseradditiv AF3 plus Erdungsplatte GE.<\/li>\n<li><strong>Inhaltsstoffe:<\/strong>\u00a0Reinacrylatdispersion, Graphit, Wasser, Kohlenstoffschwarz, Additive, Konservierungsmittel (MIT, BIT).<\/li>\n<li><strong>Technische Daten:<\/strong> VOC-Gehalt:\u00a00,2 g\/l (der EU-Grenzwert f\u00fcr Kategorie A\/a betr\u00e4gt 30 g\/l ab 2010). Sd-Wert: 0,1 m.\u00a0PH-Wert: 8.\u00a0Haftzugfestigkeit:\u00a02,3 N\/mm\u00b2. Lagerstabilit\u00e4t:\u00a012 Monate.\u00a0Farbe:\u00a0Schwarz. <strong>Mehr technische Daten in der Tabellen\u00fcbersicht<\/strong>.<\/li>\n<\/ul>\n","protected":false},"excerpt":{"rendered":"<p>HF+NF | 37 dB | Reinacrylat | Unser langj\u00e4hriger Klassiker, 2014 nochmals verbessert. Frostbest\u00e4ndig f\u00fcr weltweiten Versand.<\/p>\n<h4>Downloads<br \/>\n<a href=\"http:\/\/helseforhandleren.no\/wp-content\/uploads\/2015\/04\/y-hsf54-DB.pdf\">Gutachten Abschirmung<\/a><br \/>\n<a href=\"http:\/\/helseforhandleren.no\/wp-content\/uploads\/2015\/04\/y-Farben-TMB.pdf\">Technisches Merkblatt<br \/>\n<\/a><a href=\"http:\/\/helseforhandleren.no\/wp-content\/uploads\/2014\/08\/y-Katalogseiten-Farben.pdf\">Katalogseiten<\/a><\/h4>\n<h4><a href=\"http:\/\/helseforhandleren.no\/wp-content\/uploads\/2015\/04\/y-Farben-TMB.pdf\"><\/a><\/h4>\n","protected":false},"featured_media":81769,"comment_status":"closed","ping_status":"closed","template":"","meta":[],"product_brand":[],"product_cat":[1036],"product_tag":[1338,1275],"class_list":{"0":"post-32479","1":"product","2":"type-product","3":"status-publish","4":"has-post-thumbnail","6":"product_cat-abschirmfarbe","7":"product_tag-emf-de","8":"product_tag-skjerming-2","10":"first","11":"instock","12":"taxable","13":"shipping-taxable","14":"purchasable","15":"product-type-variable","16":"has-default-attributes"},"_links":{"self":[{"href":"https:\/\/helseforhandleren.no\/de\/wp-json\/wp\/v2\/product\/32479","targetHints":{"allow":["GET"]}}],"collection":[{"href":"https:\/\/helseforhandleren.no\/de\/wp-json\/wp\/v2\/product"}],"about":[{"href":"https:\/\/helseforhandleren.no\/de\/wp-json\/wp\/v2\/types\/product"}],"replies":[{"embeddable":true,"href":"https:\/\/helseforhandleren.no\/de\/wp-json\/wp\/v2\/comments?post=32479"}],"wp:featuredmedia":[{"embeddable":true,"href":"https:\/\/helseforhandleren.no\/de\/wp-json\/wp\/v2\/media\/81769"}],"wp:attachment":[{"href":"https:\/\/helseforhandleren.no\/de\/wp-json\/wp\/v2\/media?parent=32479"}],"wp:term":[{"taxonomy":"product_brand","embeddable":true,"href":"https:\/\/helseforhandleren.no\/de\/wp-json\/wp\/v2\/product_brand?post=32479"},{"taxonomy":"product_cat","embeddable":true,"href":"https:\/\/helseforhandleren.no\/de\/wp-json\/wp\/v2\/product_cat?post=32479"},{"taxonomy":"product_tag","embeddable":true,"href":"https:\/\/helseforhandleren.no\/de\/wp-json\/wp\/v2\/product_tag?post=32479"}],"curies":[{"name":"wp","href":"https:\/\/api.w.org\/{rel}","templated":true}]}}