{"id":32516,"date":"2014-08-10T10:00:37","date_gmt":"2014-08-10T10:00:37","guid":{"rendered":"http:\/\/helseforhandleren.no\/butikk\/uncategorized\/schirmfarbe-hsf-64\/"},"modified":"2024-04-05T09:27:10","modified_gmt":"2024-04-05T09:27:10","slug":"schirmfarbe-hsf-64","status":"publish","type":"product","link":"https:\/\/helseforhandleren.no\/de\/geschaeft\/abschirmung\/abschirmfarbe\/schirmfarbe-hsf-64\/","title":{"rendered":"Abschirmfarbe HSF 64"},"content":{"rendered":"<p>Schirmd\u00e4mpfung: D\u00e4mpfungswerte Applier 2.01 Ghz. Mess ASTM D4935-10 zwei, IEEE Std 299-2006, IEEEE Std 1128-1998, ASTM A698 \/ A698M-07.<br \/>\nAnwendung: Boden, Decke, Wand Innenfeldtyp: HF (Hochfrequenz), LF (Niederfrequenz) D\u00e4mpfung: hoch (30 bis 60 dB) \u00d6kologie: Normal Farbe: Schwarz<br \/>\n\u00d6kologische Kompromiss. Empfehlung f\u00fcr den Innenbereich. Ausgehend von Kaliumsilikat mit einem Reinacrylatbindemittels f\u00fcr verbesserte Haftung combinded. Dispersionssilikatfarbe mit begrenzten Feuchtigkeitsbest\u00e4ndigkeit, treten nur im Innenbereich. Wegen einem pH-Wert von 12 (Superalkaline) Anwendung nur mit Schutzausr\u00fcstung. Atmungsaktiv, l\u00f6semittelfrei, geruchsneutral und emissionsarme.<\/p>\n<p>Schirmd\u00e4mpfung: Eine Schicht 39dB, zwei Schichten 46 dB. Die Schirmd\u00e4mpfung wird regelm\u00e4\u00dfig in unserem eigenen EMV-Labor getestet. Wir haben Messaufbauten aufgrund der Anh\u00e4ngerschaft Fl\u00fcgel Normen: ASTM D4935-10, IEEE Std 299-2006, IEEEE Std 1128-1998, ASTM A698 \/ A698M-07.<br \/>\nH\u00e4ufig: Unsere Abschirmfarben, Abschirmung mit Kohlen havemany Vorteil sehen gemeinsame Merkmale.<br \/>\nAnwendung (Abdeckung): Interior (7,5 m\u00b2 \/ l).<br \/>\nU-Bahn: Interieur: Hervorragende Haftung auf fast allen Untergr\u00fcnden gleicherma\u00dfen vorhandenen Dispersionsfarben, Gipskartonplatten, Tapeten, Zement, Putz, Mauerwerk, Holz, Glas, Kunststoffsubstraten usw.<br \/>\nDeckbeschichtung: Vorzugsweise mit kunststoffgebundenen, Wasserdispersionsfarben oder Dispersionssilikatfarben abgedeckt. Wir empfehlen, rein mineralische eingeschr\u00e4nkt Farben (Ton, Lehm, Kalk, Silikat). Hier finden Sie geeignete Produkt Empfehlungen im technischen Datenblatt.<br \/>\nErdung: Muss geerdet werden! Wir empfehlen Innen das Erdungsband EB2 und Erdungsplatte GW (GB) plus GP, Au\u00dfen die Faser AF3 Additiv sowie die Erdungsplatte GE.<br \/>\nInhaltsstoffe: Kaliumsilikat, Graphit, Wasser, reines Acylic Dispersion, Ru\u00df, Additive, Konservierungsmittel (MIT, BIT).<br \/>\nTechnische Daten: VOC-Gehalt: 0,1 g \/ l (der EU-Grenzwert f\u00fcr Kategorie A \/ a ist 30 g \/ l aus dem Jahr 2010). Sd-Wert:. 0,05 m pH-Wert: 12 Klebefestigkeit: 2,2 N \/ mm\u00b2. Haltbarkeit: 12 Monate. Farbe: Schwarz. Weitere technische Informationen in unserem Tisch gesehen.<\/p>\n","protected":false},"excerpt":{"rendered":"<p>HF + NF | 39dB | Dispersionssilikat | Dispersionssilikatfarbe \u00f6kologische Kompromisse. Recommenation f\u00fcr den Innenbereich.<\/p>\n<h4>Downloads<br \/>\n<a href=\"http:\/\/helseforhandleren.no\/wp-content\/uploads\/2014\/08\/y-hsf64-DB.pdf\">Gutachten Abschirmung<\/a><br \/>\n<a href=\"http:\/\/helseforhandleren.no\/wp-content\/uploads\/2015\/04\/y-Farben-TMB.pdf\">Technisches Merkblatt<br \/>\n<\/a><a href=\"http:\/\/helseforhandleren.no\/wp-content\/uploads\/2014\/08\/y-Katalogseiten-Farben.pdf\">Katalogseiten<\/a><\/h4>\n<h4><a href=\"http:\/\/helseforhandleren.no\/wp-content\/uploads\/2015\/04\/y-Farben-TMB.pdf\"><\/a><\/h4>\n","protected":false},"featured_media":81782,"comment_status":"closed","ping_status":"closed","template":"","meta":[],"product_brand":[],"product_cat":[1036],"product_tag":[1338,1345,1346,1347,1348,572],"class_list":{"0":"post-32516","1":"product","2":"type-product","3":"status-publish","4":"has-post-thumbnail","6":"product_cat-abschirmfarbe","7":"product_tag-emf-de","8":"product_tag-maling-de","9":"product_tag-mobilstraling-de","10":"product_tag-skjermende-de","11":"product_tag-skjermende-maling-2-de","12":"product_tag-straling-de","14":"first","15":"instock","16":"taxable","17":"shipping-taxable","18":"purchasable","19":"product-type-variable"},"_links":{"self":[{"href":"https:\/\/helseforhandleren.no\/de\/wp-json\/wp\/v2\/product\/32516","targetHints":{"allow":["GET"]}}],"collection":[{"href":"https:\/\/helseforhandleren.no\/de\/wp-json\/wp\/v2\/product"}],"about":[{"href":"https:\/\/helseforhandleren.no\/de\/wp-json\/wp\/v2\/types\/product"}],"replies":[{"embeddable":true,"href":"https:\/\/helseforhandleren.no\/de\/wp-json\/wp\/v2\/comments?post=32516"}],"wp:featuredmedia":[{"embeddable":true,"href":"https:\/\/helseforhandleren.no\/de\/wp-json\/wp\/v2\/media\/81782"}],"wp:attachment":[{"href":"https:\/\/helseforhandleren.no\/de\/wp-json\/wp\/v2\/media?parent=32516"}],"wp:term":[{"taxonomy":"product_brand","embeddable":true,"href":"https:\/\/helseforhandleren.no\/de\/wp-json\/wp\/v2\/product_brand?post=32516"},{"taxonomy":"product_cat","embeddable":true,"href":"https:\/\/helseforhandleren.no\/de\/wp-json\/wp\/v2\/product_cat?post=32516"},{"taxonomy":"product_tag","embeddable":true,"href":"https:\/\/helseforhandleren.no\/de\/wp-json\/wp\/v2\/product_tag?post=32516"}],"curies":[{"name":"wp","href":"https:\/\/api.w.org\/{rel}","templated":true}]}}