{"id":32541,"date":"2014-10-22T20:49:58","date_gmt":"2014-10-22T20:49:58","guid":{"rendered":"http:\/\/helseforhandleren.no\/butikk\/uncategorized\/erdungsplatte-aussen-ge\/"},"modified":"2024-04-05T09:27:29","modified_gmt":"2024-04-05T09:27:29","slug":"erdungsplatte-aussen-ge","status":"publish","type":"product","link":"https:\/\/helseforhandleren.no\/de\/geschaeft\/abschirmung\/erdung-accessoires\/erdungsplatte-aussen-ge\/","title":{"rendered":"Erdungsplatte Aussen GE"},"content":{"rendered":"<ul class=\"description_properties\">\n<li class=\"article_properties\"><span class=\"property_value\"><strong>Anwendung:<\/strong> Erdung<\/span><\/li>\n<li class=\"article_properties\"><span class=\"property_value\"><strong>Farbe:<\/strong> Silber, Weiss<\/span><\/li>\n<\/ul>\n<p><strong>Erdungsplatte f\u00fcr Abschirmfarben im Au\u00dfenbereich. Die Abdeckkappe wird wasserdicht am Untergrund verklebt.<\/strong> Pro zusammenh\u00e4ngender Fl\u00e4che werden zwei GE ben\u00f6tigt. 1 Anschluss f\u00fcr Kabel bis 6 mm\u00b2.<\/p>\n<ul>\n<li>Lieferumfang: Erdungsplatte 75 x 75 x 6 mm, Abdeckkappe 85 x 85 x 8 mm, Dichtkleber, 4 Schrauben, 4 D\u00fcbel, 2 Kabelschuhe;<\/li>\n<\/ul>\n","protected":false},"excerpt":{"rendered":"<p>Erdungsplatte f\u00fcr Abschirmfarben im Au\u00dfenbereich. Die Abdeckkappe wird wasserdicht am Untergrund verklebt.<\/p>\n<h4>Downloads<br \/>\n<a href=\"http:\/\/helseforhandleren.no\/wp-content\/uploads\/2014\/10\/y-Erdung-TMB.pdf\">Technisches Merkblatt<br \/>\n<\/a><a href=\"http:\/\/helseforhandleren.no\/wp-content\/uploads\/2017\/01\/y-Katalogseiten-Erdung.pdf\">Katalogseiten<\/a><\/h4>\n<h4><a href=\"http:\/\/helseforhandleren.no\/wp-content\/uploads\/2014\/10\/y-Erdung-TMB.pdf\"><\/a><\/h4>\n","protected":false},"featured_media":81818,"comment_status":"closed","ping_status":"closed","template":"","meta":[],"product_brand":[],"product_cat":[1030],"product_tag":[1339,1345,1275,572],"class_list":{"0":"post-32541","1":"product","2":"type-product","3":"status-publish","4":"has-post-thumbnail","6":"product_cat-erdung-accessoires","7":"product_tag-jording-de","8":"product_tag-maling-de","9":"product_tag-skjerming-2","10":"product_tag-straling-de","12":"first","13":"instock","14":"purchasable","15":"product-type-simple"},"_links":{"self":[{"href":"https:\/\/helseforhandleren.no\/de\/wp-json\/wp\/v2\/product\/32541","targetHints":{"allow":["GET"]}}],"collection":[{"href":"https:\/\/helseforhandleren.no\/de\/wp-json\/wp\/v2\/product"}],"about":[{"href":"https:\/\/helseforhandleren.no\/de\/wp-json\/wp\/v2\/types\/product"}],"replies":[{"embeddable":true,"href":"https:\/\/helseforhandleren.no\/de\/wp-json\/wp\/v2\/comments?post=32541"}],"wp:featuredmedia":[{"embeddable":true,"href":"https:\/\/helseforhandleren.no\/de\/wp-json\/wp\/v2\/media\/81818"}],"wp:attachment":[{"href":"https:\/\/helseforhandleren.no\/de\/wp-json\/wp\/v2\/media?parent=32541"}],"wp:term":[{"taxonomy":"product_brand","embeddable":true,"href":"https:\/\/helseforhandleren.no\/de\/wp-json\/wp\/v2\/product_brand?post=32541"},{"taxonomy":"product_cat","embeddable":true,"href":"https:\/\/helseforhandleren.no\/de\/wp-json\/wp\/v2\/product_cat?post=32541"},{"taxonomy":"product_tag","embeddable":true,"href":"https:\/\/helseforhandleren.no\/de\/wp-json\/wp\/v2\/product_tag?post=32541"}],"curies":[{"name":"wp","href":"https:\/\/api.w.org\/{rel}","templated":true}]}}