{"id":32543,"date":"2014-10-22T11:46:01","date_gmt":"2014-10-22T11:46:01","guid":{"rendered":"http:\/\/helseforhandleren.no\/butikk\/uncategorized\/erdungsplatte-sockel-gb\/"},"modified":"2024-04-05T09:27:31","modified_gmt":"2024-04-05T09:27:31","slug":"erdungsplatte-sockel-gb","status":"publish","type":"product","link":"https:\/\/helseforhandleren.no\/de\/geschaeft\/abschirmung\/erdung-accessoires\/erdungsplatte-sockel-gb\/","title":{"rendered":"Erdungsplatte Sockel GB"},"content":{"rendered":"<ul class=\"description_properties\">\n<li class=\"article_properties\"><span class=\"property_value\"><strong>Anwendung:<\/strong> Erdung<\/span><\/li>\n<li class=\"article_properties\"><span class=\"property_value\"><strong>Farbe:<\/strong> Silber, Weiss<\/span><\/li>\n<\/ul>\n<p><strong>Erdungsplatte f\u00fcr Abschirmfarben, Vliese, Gewebe, usw. im Innenbereich. Schmale Ausf\u00fchrung zur Montage im Sockelleistenbereich.<\/strong> Pro zusammenh\u00e4ngender Fl\u00e4che wird ein GB ben\u00f6tigt. 4 Anschlussbuchsen.<\/p>\n<ul>\n<li>Lieferumfang: Erdungsplatte 150 x 30 x 6 mm, Abdeckkappe 155 x 35 x 8 mm, 3 D\u00fcbel, 3 Schrauben, 4 L\u00f6tstecker;<\/li>\n<li>Kein Kabel im Lieferumfang, wir empfehlen unsere fertig konfektionierten Kabel GC.<\/li>\n<\/ul>\n<p>&nbsp;<\/p>\n","protected":false},"excerpt":{"rendered":"<p>Erdungsplatte f\u00fcr Abschirmfarben, Vliese, Gewebe, usw. im Innenbereich. Schmale Ausf\u00fchrung zur Montage im Sockelleistenbereich.<\/p>\n<h4>Downloads<br \/>\n<a href=\"http:\/\/helseforhandleren.no\/wp-content\/uploads\/2014\/10\/y-Erdung-TMB.pdf\">Technisches Merkblatt<br \/>\n<\/a><a href=\"http:\/\/helseforhandleren.no\/wp-content\/uploads\/2017\/01\/y-Katalogseiten-Erdung.pdf\">Katalogseiten<\/a><\/h4>\n<h4><a href=\"http:\/\/helseforhandleren.no\/wp-content\/uploads\/2014\/10\/y-Erdung-TMB.pdf\"><\/a><\/h4>\n","protected":false},"featured_media":81824,"comment_status":"closed","ping_status":"closed","template":"","meta":[],"product_brand":[],"product_cat":[1030],"product_tag":[1339,2308,1345,1275,1293],"class_list":{"0":"post-32543","1":"product","2":"type-product","3":"status-publish","4":"has-post-thumbnail","6":"product_cat-erdung-accessoires","7":"product_tag-jording-de","8":"product_tag-jordingstilbehor-de","9":"product_tag-maling-de","10":"product_tag-skjerming-2","11":"product_tag-stoff-2","13":"first","14":"instock","15":"purchasable","16":"product-type-simple"},"_links":{"self":[{"href":"https:\/\/helseforhandleren.no\/de\/wp-json\/wp\/v2\/product\/32543","targetHints":{"allow":["GET"]}}],"collection":[{"href":"https:\/\/helseforhandleren.no\/de\/wp-json\/wp\/v2\/product"}],"about":[{"href":"https:\/\/helseforhandleren.no\/de\/wp-json\/wp\/v2\/types\/product"}],"replies":[{"embeddable":true,"href":"https:\/\/helseforhandleren.no\/de\/wp-json\/wp\/v2\/comments?post=32543"}],"wp:featuredmedia":[{"embeddable":true,"href":"https:\/\/helseforhandleren.no\/de\/wp-json\/wp\/v2\/media\/81824"}],"wp:attachment":[{"href":"https:\/\/helseforhandleren.no\/de\/wp-json\/wp\/v2\/media?parent=32543"}],"wp:term":[{"taxonomy":"product_brand","embeddable":true,"href":"https:\/\/helseforhandleren.no\/de\/wp-json\/wp\/v2\/product_brand?post=32543"},{"taxonomy":"product_cat","embeddable":true,"href":"https:\/\/helseforhandleren.no\/de\/wp-json\/wp\/v2\/product_cat?post=32543"},{"taxonomy":"product_tag","embeddable":true,"href":"https:\/\/helseforhandleren.no\/de\/wp-json\/wp\/v2\/product_tag?post=32543"}],"curies":[{"name":"wp","href":"https:\/\/api.w.org\/{rel}","templated":true}]}}