{"id":32545,"date":"2014-10-22T11:24:55","date_gmt":"2014-10-22T11:24:55","guid":{"rendered":"http:\/\/helseforhandleren.no\/butikk\/uncategorized\/erdungsplatte-wand-gw\/"},"modified":"2024-04-05T09:27:36","modified_gmt":"2024-04-05T09:27:36","slug":"erdungsplatte-wand-gw","status":"publish","type":"product","link":"https:\/\/helseforhandleren.no\/de\/geschaeft\/abschirmung\/erdung-accessoires\/erdungsplatte-wand-gw\/","title":{"rendered":"Erdungsplatte Wand GW"},"content":{"rendered":"<ul class=\"description_properties\">\n<li class=\"article_properties\"><span class=\"property_value\"><strong>Anwendung:<\/strong> Erdung<\/span><\/li>\n<li class=\"article_properties\"><span class=\"property_value\"><strong>Farbe:<\/strong> Silber, Weiss<\/span><\/li>\n<\/ul>\n<p><strong>Erdungsplatte f\u00fcr Abschirmfarben, Vliese, Gewebe, usw. im Innenbereich. Quadratische Ausf\u00fchrung zur Montage neben einer Steckdose.<\/strong> Pro zusammenh\u00e4ngender Fl\u00e4che wird ein GW ben\u00f6tigt. 3 Anschlussbuchsen.<\/p>\n<ul>\n<li>Lieferumfang: Erdungsplatte 75 x 75 x 6 mm, Abdeckkappe 80 x 80 x 8 mm, 4 D\u00fcbel, 4 Schrauben, 3 L\u00f6tstecker;<\/li>\n<li>Kein Kabel im Lieferumfang, wir empfehlen unsere fertig konfektionierten Kabel GC.<\/li>\n<\/ul>\n","protected":false},"excerpt":{"rendered":"<p>Erdungsplatte f\u00fcr Abschirmfarben, Vliese, Gewebe, usw. im Innenbereich. Ausf\u00fchrung zur Montage neben einer Steckdose.<\/p>\n<h4>Downloads<br \/>\n<a href=\"http:\/\/helseforhandleren.no\/wp-content\/uploads\/2014\/10\/y-Erdung-TMB.pdf\">Technisches Merkblatt<br \/>\n<\/a><a href=\"http:\/\/helseforhandleren.no\/wp-content\/uploads\/2017\/01\/y-Katalogseiten-Erdung.pdf\">Katalogseiten<\/a><\/h4>\n<h4><a href=\"http:\/\/helseforhandleren.no\/wp-content\/uploads\/2014\/10\/y-Erdung-TMB.pdf\"><\/a><\/h4>\n","protected":false},"featured_media":81830,"comment_status":"closed","ping_status":"closed","template":"","meta":[],"product_brand":[],"product_cat":[1030],"product_tag":[1339,2308,1345,1275],"class_list":{"0":"post-32545","1":"product","2":"type-product","3":"status-publish","4":"has-post-thumbnail","6":"product_cat-erdung-accessoires","7":"product_tag-jording-de","8":"product_tag-jordingstilbehor-de","9":"product_tag-maling-de","10":"product_tag-skjerming-2","12":"first","13":"instock","14":"purchasable","15":"product-type-simple"},"_links":{"self":[{"href":"https:\/\/helseforhandleren.no\/de\/wp-json\/wp\/v2\/product\/32545","targetHints":{"allow":["GET"]}}],"collection":[{"href":"https:\/\/helseforhandleren.no\/de\/wp-json\/wp\/v2\/product"}],"about":[{"href":"https:\/\/helseforhandleren.no\/de\/wp-json\/wp\/v2\/types\/product"}],"replies":[{"embeddable":true,"href":"https:\/\/helseforhandleren.no\/de\/wp-json\/wp\/v2\/comments?post=32545"}],"wp:featuredmedia":[{"embeddable":true,"href":"https:\/\/helseforhandleren.no\/de\/wp-json\/wp\/v2\/media\/81830"}],"wp:attachment":[{"href":"https:\/\/helseforhandleren.no\/de\/wp-json\/wp\/v2\/media?parent=32545"}],"wp:term":[{"taxonomy":"product_brand","embeddable":true,"href":"https:\/\/helseforhandleren.no\/de\/wp-json\/wp\/v2\/product_brand?post=32545"},{"taxonomy":"product_cat","embeddable":true,"href":"https:\/\/helseforhandleren.no\/de\/wp-json\/wp\/v2\/product_cat?post=32545"},{"taxonomy":"product_tag","embeddable":true,"href":"https:\/\/helseforhandleren.no\/de\/wp-json\/wp\/v2\/product_tag?post=32545"}],"curies":[{"name":"wp","href":"https:\/\/api.w.org\/{rel}","templated":true}]}}