{"id":32547,"date":"2015-01-21T17:44:54","date_gmt":"2015-01-21T17:44:54","guid":{"rendered":"http:\/\/helseforhandleren.no\/butikk\/uncategorized\/abschirmende-bettwasche-aus-steel-gray-tbl\/"},"modified":"2024-04-05T09:27:42","modified_gmt":"2024-04-05T09:27:42","slug":"abschirmende-bettwasche-aus-steel-gray-tbl","status":"publish","type":"product","link":"https:\/\/helseforhandleren.no\/de\/geschaeft\/abschirmung\/abschirmung-bett-baldachine-canopy\/schlafsack\/abschirmende-bettwasche-aus-steel-gray-tbl\/","title":{"rendered":"Abschirmende Bettw\u00e4sche aus Steel-Gray TBL"},"content":{"rendered":"<ul class=\"description_properties\">\n<li class=\"article_properties\"><span class=\"property_value\"><strong>Schirmd\u00e4mpfung:<\/strong> Alle Schirmd\u00e4mpfungswerte gelten bei 1 GHz. Messung nach ASTM D4935-10, IEEE Std 299-2006, IEEEE Std 1128-1998, ASTM A698\/A698M-07.<br \/>\n<\/span><\/li>\n<li class=\"article_properties\"><span class=\"property_value\"><strong>Stoffpflege:<\/strong> Waschen schonend bei 30\u00b0C, B\u00fcgeln ohne Dampf bei Stufe 1, Trocknen bei geringer Temperatur, Nicht bleichen, Keine chemische Reinigung.<br \/>\n<\/span><\/li>\n<li class=\"article_properties\"><span class=\"property_value\"><strong>Anwendung:<\/strong> Unterwegs<\/span><\/li>\n<li class=\"article_properties\"><span class=\"property_value\"><strong>Feldart:<\/strong> HF (Hochfrequenz), NF (Niederfrequenz)<\/span><\/li>\n<li class=\"article_properties\"><span class=\"property_value\"><strong>Schirmung:<\/strong> Hoch (30 bis 60 dB)<\/span><\/li>\n<li class=\"article_properties\"><span class=\"property_value\"><strong>\u00d6kologie:<\/strong> Normal<\/span><\/li>\n<li class=\"article_properties\"><span class=\"property_value\"><strong>Farbe:<\/strong> Grau, Weiss<\/span><\/li>\n<\/ul>\n<p><strong>Abschirmende Bettw\u00e4sche<\/strong> aus <strong>Steel-Gray<\/strong> zur HF Abschirmung. Diese Bettw\u00e4sche ist eine<strong>g\u00fcnstige Alternative zu Baldachinen<\/strong>.<\/p>\n<p>Das Set besteht aus <strong>Laken und Bettdecken\u00fcberzug<\/strong>. Das Laken ist aus Steel-Gray gen\u00e4ht und kann bei Bedarf mit einem weiteren Laken oder Spannbettuch abgedeckt werden. Der Bettdecken\u00fcberzug ist zweiseitig gen\u00e4ht: Mit Steel-Gray (grauer Stoff) nach unten ist die Schirmung besser, weil Abschirmstoff auf Abschirmstoff liegt. Mit dem Baumwollstoff (weisser Stoff) nach unten ist die Schirmung schlechter, es kratzt aber weniger. Einen Kopfkissen\u00fcberzug gibt es nicht, weil dieser wegen des vorhandenen Lakens keinen Sinn macht.<\/p>\n<p>Als Stoff verwenden wir <strong>Steel-Gray<\/strong>, weil dieser mit Edelstahlf\u00e4den bei viel Bewegung<strong>wesentlich langlebiger und stabiler<\/strong> ist wie Stoffe mit Silberf\u00e4den. Steel-Gray kratzt auf der Haut sehr schwach wie ein Wollpulli, schlafen Sie nackt kann das st\u00f6ren, mit einem Pyjama st\u00f6rt das nicht.<\/p>\n<h4>Technische Daten<\/h4>\n<ul>\n<li><strong>Gr\u00f6\u00dfe Laken: 240 cm x 140 cm<\/strong><\/li>\n<li><strong>Gr\u00f6\u00dfe Bettdecken\u00fcberzug: 200 cm x 135 cm<\/strong><\/li>\n<li><strong>Schirmd\u00e4mpfung: 35 dB<\/strong><\/li>\n<li>Farbe: Grau \/ Wei\u00df<\/li>\n<li>Rohstoffe: 40 % Baumwolle, 30 % Polyester, 30 % Edelstahl<\/li>\n<li>Oberfl\u00e4chenleitf\u00e4higkeit: 100-800 Ohm \/ Inch (2,54 cm)<\/li>\n<\/ul>\n<h4>Erdung<\/h4>\n<div>Theoretisch kann diese Bettw\u00e4sche zur NF-Schirmung geerdet werden. Dazu br\u00e4uchten Sie 2 x GS, 1 x GP, 1 x GC100, 1 x GC500. Zu empfehlen ist das aber wegen der Kabel im Bett nicht.<\/div>\n","protected":false},"excerpt":{"rendered":"<p>Bettw\u00e4sche aus Steel-Gray mit 35 dB. Gr\u00f6\u00dfe: 135 cm x 200 cm. Als g\u00fcnstige Alternative zu Baldachinen.<\/p>\n","protected":false},"featured_media":85655,"comment_status":"closed","ping_status":"closed","template":"","meta":[],"product_brand":[],"product_cat":[1269,726,1268],"product_tag":[1365,1275,1276,1277],"class_list":{"0":"post-32547","1":"product","2":"type-product","3":"status-publish","4":"has-post-thumbnail","6":"product_cat-baldachine","7":"product_cat-abschirmung-bett-baldachine-canopy","8":"product_cat-schlafsack","9":"product_tag-seng-de","10":"product_tag-skjerming-2","11":"product_tag-soverommet-2","12":"product_tag-sovn-2","14":"first","15":"onbackorder","16":"taxable","17":"shipping-taxable","18":"purchasable","19":"product-type-simple"},"_links":{"self":[{"href":"https:\/\/helseforhandleren.no\/de\/wp-json\/wp\/v2\/product\/32547","targetHints":{"allow":["GET"]}}],"collection":[{"href":"https:\/\/helseforhandleren.no\/de\/wp-json\/wp\/v2\/product"}],"about":[{"href":"https:\/\/helseforhandleren.no\/de\/wp-json\/wp\/v2\/types\/product"}],"replies":[{"embeddable":true,"href":"https:\/\/helseforhandleren.no\/de\/wp-json\/wp\/v2\/comments?post=32547"}],"wp:featuredmedia":[{"embeddable":true,"href":"https:\/\/helseforhandleren.no\/de\/wp-json\/wp\/v2\/media\/85655"}],"wp:attachment":[{"href":"https:\/\/helseforhandleren.no\/de\/wp-json\/wp\/v2\/media?parent=32547"}],"wp:term":[{"taxonomy":"product_brand","embeddable":true,"href":"https:\/\/helseforhandleren.no\/de\/wp-json\/wp\/v2\/product_brand?post=32547"},{"taxonomy":"product_cat","embeddable":true,"href":"https:\/\/helseforhandleren.no\/de\/wp-json\/wp\/v2\/product_cat?post=32547"},{"taxonomy":"product_tag","embeddable":true,"href":"https:\/\/helseforhandleren.no\/de\/wp-json\/wp\/v2\/product_tag?post=32547"}],"curies":[{"name":"wp","href":"https:\/\/api.w.org\/{rel}","templated":true}]}}