{"id":32548,"date":"2015-01-21T17:20:46","date_gmt":"2015-01-21T17:20:46","guid":{"rendered":"http:\/\/helseforhandleren.no\/butikk\/uncategorized\/abschirmender-schlafsack-aus-steel-gray-tsb\/"},"modified":"2024-04-05T09:27:46","modified_gmt":"2024-04-05T09:27:46","slug":"abschirmender-schlafsack-aus-steel-gray-tsb","status":"publish","type":"product","link":"https:\/\/helseforhandleren.no\/de\/geschaeft\/abschirmung\/abschirmung-bett-baldachine-canopy\/schlafsack\/abschirmender-schlafsack-aus-steel-gray-tsb\/","title":{"rendered":"Abschirmender Schlafsack aus Steel-Gray TSB"},"content":{"rendered":"<ul class=\"description_properties\">\n<li class=\"article_properties\"><span class=\"property_value\"><strong>Schirmd\u00e4mpfung:<\/strong> Alle Schirmd\u00e4mpfungswerte gelten bei 1 GHz. Messung nach ASTM D4935-10, IEEE Std 299-2006, IEEEE Std 1128-1998, ASTM A698\/A698M-07.<br \/><\/span><\/li>\n<li class=\"article_properties\"><span class=\"property_value\"><strong>Stoffpflege:<\/strong> Waschen schonend bei 30\u00b0C, B\u00fcgeln ohne Dampf bei Stufe 1, Trocknen bei geringer Temperatur, Nicht bleichen, Keine chemische Reinigung.<br \/><\/span><\/li>\n<li class=\"article_properties\"><span class=\"property_value\"><strong>Anwendung:<\/strong> Unterwegs<\/span><\/li>\n<li class=\"article_properties\"><span class=\"property_value\"><strong>Feldart:<\/strong> HF (Hochfrequenz), NF (Niederfrequenz)<\/span><\/li>\n<li class=\"article_properties\"><span class=\"property_value\"><strong>Schirmung:<\/strong> Hoch (30 bis 60 dB)<\/span><\/li>\n<li class=\"article_properties\"><span class=\"property_value\"><strong>\u00d6kologie:<\/strong> Normal<\/span><\/li>\n<li class=\"article_properties\"><span class=\"property_value\"><strong>Farbe:<\/strong> Grau, Weiss<\/span><\/li>\n<\/ul>\n<p>Abschirmender Schlafsack aus <strong>Steel-Gray<\/strong> zur HF Abschirmung. Dieser Schlafsack ist eine<strong>g\u00fcnstige Alternative zu Baldachinen<\/strong> und <strong>perfekt auf Reisen<\/strong>.<\/p>\n<p>Die <strong>Schlafsackh\u00fclle ist aus Steel-Gray<\/strong> gen\u00e4ht. Der seitliche Rei\u00dfverschluss auf halber L\u00e4nge ist zur durchg\u00e4ngigen Schirmung versilbert. Eine herausnehmbare <strong>Innenh\u00fclle aus Baumwollstoff<\/strong>, die mit Klettverschluss befestigt ist, sorgt f\u00fcr kratzfreies Schlafen auch ohne Pyjama. Der Kopfbereich kann bei Bedarf mit einer Gummikordel zusammengezogen werden, damit nur noch das Gesicht frei ist. Im Vergleich zu normalen Zelt-Schlafs\u00e4cken, ist dieser Abschirmschlafsack f\u00fcr dauerhaften Gebrauch ausgelegt und hat deshalb sehr gro\u00dfz\u00fcgige Ma\u00dfe.<\/p>\n<p>Als Stoff verwenden wir <strong>Steel-Gray<\/strong>, weil dieser mit Edelstahlf\u00e4den bei viel Bewegung<strong>wesentlich langlebiger und stabiler<\/strong> ist wie Stoffe mit Silberf\u00e4den. Steel-Gray kratzt auf der Haut sehr schwach wie ein Wollpulli, ohne Innenh\u00fclle wenn Sie nackt schlafen kann das st\u00f6ren, mit einem Pyjama st\u00f6rt das nicht.<\/p>\n<h4>Technische Daten<\/h4>\n<ul>\n<li><strong>Gr\u00f6\u00dfe: Breite 90 cm, L\u00e4nge 220 cm<\/strong><\/li>\n<li><strong>Schirmd\u00e4mpfung: 35 dB<\/strong><\/li>\n<li>Farbe: Grau \/ Wei\u00df<\/li>\n<li>Rohstoffe: 40 % Baumwolle, 30 % Polyester, 30 % Edelstahl<\/li>\n<li>Oberfl\u00e4chenleitf\u00e4higkeit: 100-800 Ohm \/ Inch (2,54 cm)<\/li>\n<\/ul>\n<h4>Erdung<\/h4>\n<div>Theoretisch kann dieser Schlafsack zur NF-Schirmung geerdet werden. Dazu br\u00e4uchten Sie 1 x GS, 1 x GP, 1 x GC500<\/div>\n","protected":false},"excerpt":{"rendered":"<p>Schlafsack aus Steel-Gray mit 35 dB. Gr\u00f6\u00dfe: 90 cm x 220 cm. Perfekt auf Reisen und g\u00fcnstige Alternative zu Baldachinen.<\/p>\n","protected":false},"featured_media":86509,"comment_status":"closed","ping_status":"closed","template":"","meta":[],"product_brand":[],"product_cat":[1269,1268],"product_tag":[569,1295,1275,1276,1277,808],"class_list":{"0":"post-32548","1":"product","2":"type-product","3":"status-publish","4":"has-post-thumbnail","6":"product_cat-baldachine","7":"product_cat-schlafsack","8":"product_tag-findeisen-straling-antroposofi-orgon-energi-de","9":"product_tag-reise-de","10":"product_tag-skjerming-2","11":"product_tag-soverommet-2","12":"product_tag-sovn-2","13":"product_tag-strahlung-emf-de","15":"first","16":"onbackorder","17":"taxable","18":"shipping-taxable","19":"purchasable","20":"product-type-simple"},"_links":{"self":[{"href":"https:\/\/helseforhandleren.no\/de\/wp-json\/wp\/v2\/product\/32548","targetHints":{"allow":["GET"]}}],"collection":[{"href":"https:\/\/helseforhandleren.no\/de\/wp-json\/wp\/v2\/product"}],"about":[{"href":"https:\/\/helseforhandleren.no\/de\/wp-json\/wp\/v2\/types\/product"}],"replies":[{"embeddable":true,"href":"https:\/\/helseforhandleren.no\/de\/wp-json\/wp\/v2\/comments?post=32548"}],"wp:featuredmedia":[{"embeddable":true,"href":"https:\/\/helseforhandleren.no\/de\/wp-json\/wp\/v2\/media\/86509"}],"wp:attachment":[{"href":"https:\/\/helseforhandleren.no\/de\/wp-json\/wp\/v2\/media?parent=32548"}],"wp:term":[{"taxonomy":"product_brand","embeddable":true,"href":"https:\/\/helseforhandleren.no\/de\/wp-json\/wp\/v2\/product_brand?post=32548"},{"taxonomy":"product_cat","embeddable":true,"href":"https:\/\/helseforhandleren.no\/de\/wp-json\/wp\/v2\/product_cat?post=32548"},{"taxonomy":"product_tag","embeddable":true,"href":"https:\/\/helseforhandleren.no\/de\/wp-json\/wp\/v2\/product_tag?post=32548"}],"curies":[{"name":"wp","href":"https:\/\/api.w.org\/{rel}","templated":true}]}}