{"id":32553,"date":"2014-08-10T10:00:46","date_gmt":"2014-08-10T10:00:46","guid":{"rendered":"http:\/\/helseforhandleren.no\/butikk\/uncategorized\/abschirmendes-kopftuch-aus-wear-tkw\/"},"modified":"2024-04-05T09:27:56","modified_gmt":"2024-04-05T09:27:56","slug":"abschirmendes-kopftuch-aus-wear-tkw","status":"publish","type":"product","link":"https:\/\/helseforhandleren.no\/de\/geschaeft\/abschirmung\/kleidung-de\/kopfbedeckung\/abschirmendes-kopftuch-aus-wear-tkw\/","title":{"rendered":"Abschirmendes Kopftuch aus Wear TKW"},"content":{"rendered":"<ul class=\"description_properties\">\n<li class=\"article_properties\"><span class=\"property_value\"><strong>Schirmd\u00e4mpfung:<\/strong> Alle Schirmd\u00e4mpfungswerte gelten bei 1 GHz. Messung nach ASTM D4935-10, IEEE Std 299-2006, IEEEE Std 1128-1998, ASTM A698\/A698M-07.<br \/>\n<\/span><\/li>\n<li class=\"article_properties\"><span class=\"property_value\"><strong>Stoffpflege:<\/strong> Waschen schonend bei 30\u00b0C, B\u00fcgeln ohne Dampf bei Stufe 1, Trocknen bei geringer Temperatur, Nicht bleichen, Keine chemische Reinigung.<br \/>\n<\/span><\/li>\n<li class=\"article_properties\"><span class=\"property_value\"><strong>SwissShield:<\/strong> Dieser Stoff wird von SwissShield\u00ae in der Schweiz mit einem patentierten, hauchd\u00fcnnen Hightech-Garn hergestellt. Wir bei YSHIELD sch\u00e4tzen die konstant hohe Qualit\u00e4t, nicht umsonst sind wir der weltweit gr\u00f6\u00dfte SwissShield\u00ae H\u00e4ndler!<br \/>\n<\/span><\/li>\n<li class=\"article_properties\"><span class=\"property_value\"><strong>Anwendung:<\/strong> Bekleidung, Unterwegs<\/span><\/li>\n<li class=\"article_properties\"><span class=\"property_value\"><strong>Feldart:<\/strong> HF (Hochfrequenz)<\/span><\/li>\n<li class=\"article_properties\"><span class=\"property_value\"><strong>Schirmung:<\/strong> Hoch (30 bis 60 dB)<\/span><\/li>\n<li class=\"article_properties\"><span class=\"property_value\"><strong>\u00d6kologie:<\/strong> Hoch<\/span><\/li>\n<li class=\"article_properties\"><span class=\"property_value\"><strong>Farbe:<\/strong> Weiss<\/span><\/li>\n<\/ul>\n<p>Abschirmendes Kopftuch aus <strong>Wear<\/strong>, dreieckig als klassisches Kopftuch, quadratisch als Bandana. Hochwertige Verarbeitung und Qualit\u00e4t.<\/p>\n<p>Wear ist der <strong>Klassiker von Swiss-Shield. Sehr weich und angenehm auf der Haut<\/strong>. Nicht elektrisch leitf\u00e4hig.<\/p>\n<h4>Technische Daten<\/h4>\n<ul>\n<li><strong>Gr\u00f6\u00dfe Dreieckig<\/strong>: 120 x 85 x 85 cm<\/li>\n<li><strong>Gr\u00f6\u00dfe Quadratisch<\/strong>: 70 x 70 cm<\/li>\n<li>Farben: Weiss<\/li>\n<li>Wear Schirmd\u00e4mpfung: 30 dB<\/li>\n<li>Wear Rohstoffe:\u00a090 % Baumwolle, 9.5 % Kupfer, 0.5 % Silber<\/li>\n<\/ul>\n","protected":false},"excerpt":{"rendered":"<p>Kopftuch (dreieckig oder quadratisch) aus Wear, 30 dB Schirmd\u00e4mpfung.<\/p>\n<h4>Downloads<br \/>\n<a href=\"http:\/\/helseforhandleren.no\/wp-content\/uploads\/2014\/08\/y-STEELGRAY-DB-2.pdf\">Gutachten Abschirmung<\/a><br \/>\n<a href=\"http:\/\/helseforhandleren.no\/wp-content\/uploads\/2014\/08\/YSHIELD-Textilien-GER.pdf\">Katalogseiten<\/a><\/h4>\n","protected":false},"featured_media":81855,"comment_status":"closed","ping_status":"closed","template":"","meta":[],"product_brand":[],"product_cat":[1035],"product_tag":[1292,1275],"class_list":{"0":"post-32553","1":"product","2":"type-product","3":"status-publish","4":"has-post-thumbnail","6":"product_cat-kopfbedeckung","7":"product_tag-skjermende-klaer-2","8":"product_tag-skjerming-2","10":"first","11":"instock","12":"purchasable","13":"product-type-variable"},"_links":{"self":[{"href":"https:\/\/helseforhandleren.no\/de\/wp-json\/wp\/v2\/product\/32553","targetHints":{"allow":["GET"]}}],"collection":[{"href":"https:\/\/helseforhandleren.no\/de\/wp-json\/wp\/v2\/product"}],"about":[{"href":"https:\/\/helseforhandleren.no\/de\/wp-json\/wp\/v2\/types\/product"}],"replies":[{"embeddable":true,"href":"https:\/\/helseforhandleren.no\/de\/wp-json\/wp\/v2\/comments?post=32553"}],"wp:featuredmedia":[{"embeddable":true,"href":"https:\/\/helseforhandleren.no\/de\/wp-json\/wp\/v2\/media\/81855"}],"wp:attachment":[{"href":"https:\/\/helseforhandleren.no\/de\/wp-json\/wp\/v2\/media?parent=32553"}],"wp:term":[{"taxonomy":"product_brand","embeddable":true,"href":"https:\/\/helseforhandleren.no\/de\/wp-json\/wp\/v2\/product_brand?post=32553"},{"taxonomy":"product_cat","embeddable":true,"href":"https:\/\/helseforhandleren.no\/de\/wp-json\/wp\/v2\/product_cat?post=32553"},{"taxonomy":"product_tag","embeddable":true,"href":"https:\/\/helseforhandleren.no\/de\/wp-json\/wp\/v2\/product_tag?post=32553"}],"curies":[{"name":"wp","href":"https:\/\/api.w.org\/{rel}","templated":true}]}}