{"id":32576,"date":"2014-08-10T09:59:54","date_gmt":"2014-08-10T09:59:54","guid":{"rendered":"http:\/\/helseforhandleren.no\/butikk\/uncategorized\/abschirmender-kopfschutz-aus-silver-elastic-tke\/"},"modified":"2024-04-05T09:28:23","modified_gmt":"2024-04-05T09:28:23","slug":"abschirmender-kopfschutz-aus-silver-elastic-tke","status":"publish","type":"product","link":"https:\/\/helseforhandleren.no\/de\/geschaeft\/abschirmung\/kleidung-de\/kopfbedeckung\/abschirmender-kopfschutz-aus-silver-elastic-tke\/","title":{"rendered":"Abschirmender Kopfschutz aus Silver-Elastic TKE"},"content":{"rendered":"<ul class=\"description_properties\">\n<li class=\"article_properties\"><span class=\"property_value\"><strong>Schirmd\u00e4mpfung:<\/strong> Alle Schirmd\u00e4mpfungswerte gelten bei 1 GHz. Messung nach ASTM D4935-10, IEEE Std 299-2006, IEEEE Std 1128-1998, ASTM A698\/A698M-07.<br \/>\n<\/span><\/li>\n<li class=\"article_properties\"><span class=\"property_value\"><strong>Stoffpflege:<\/strong> Waschen schonend bei 30\u00b0C, Nicht b\u00fcgeln, Trocknen bei geringer Temperatur, Nicht bleichen, Keine chemische Reinigung.<br \/>\n<\/span><\/li>\n<li class=\"article_properties\"><span class=\"property_value\"><strong>Silberprodukte:<\/strong> Silberprodukte verf\u00e4rben sich im Lauf der Zeit, was kein Qualit\u00e4tsmangel oder Reklamationsgrund ist. Silberprodukte haben eine begrenzte Haltbarkeit, die Lebensdauer h\u00e4ngt von der H\u00e4ufigkeit der Bewegung ab. Wir verwenden kein Nano-Silber.<br \/>\n<\/span><\/li>\n<li class=\"article_properties\"><span class=\"property_value\"><strong>Anwendung:<\/strong> Bekleidung<\/span><\/li>\n<li class=\"article_properties\"><span class=\"property_value\"><strong>Feldart:<\/strong> HF (Hochfrequenz), NF (Niederfrequenz)<\/span><\/li>\n<li class=\"article_properties\"><span class=\"property_value\"><strong>Schirmung:<\/strong> Hoch (30 bis 60 dB)<\/span><\/li>\n<li class=\"article_properties\"><span class=\"property_value\"><strong>\u00d6kologie:<\/strong> Normal<\/span><\/li>\n<li class=\"article_properties\"><span class=\"property_value\"><strong>Farbe:<\/strong> Metallisch<\/span><\/li>\n<\/ul>\n<p><strong>Die moderne Alternative zum Kopftuch!<\/strong> Dieses Headgear (ein Stoffschlauch) kann auf mehrere Arten getragen werden: Einzeln als M\u00fctze, Nase-\/Mund-\/Halsschutz oder mit zwei St\u00fcck davon f\u00fcr den gesamten Kopf. Silver-Elastic ist dabei \u00e4u\u00dferst <strong>flexibel<\/strong> und passt sich Ihrem Kopf an. Wegen des <strong>hohen Silberanteils<\/strong> ist Silver-Elastic<strong> sehr langlebig<\/strong> und schirmt mit 50 dB sehr gut ab.<\/p>\n<p>Aufgrund der beidseitig elektrisch leitf\u00e4higen Oberfl\u00e4che und den Kontakt zum K\u00f6rper, k\u00f6nnen niederfrequente Felder weniger ankoppeln und besser abgeleitet werden. Viele Elektrosensible empfinden das als besser wie mit nicht erdbaren Stoffen!<\/p>\n<h4>Technische Daten<\/h4>\n<ul>\n<li><strong>Durchmesser: 24 cm, L\u00e4nge 40 cm<\/strong><\/li>\n<li><strong>Schirmd\u00e4mpfung: 50 dB<\/strong><\/li>\n<li>Farbe: Silber<\/li>\n<li>Rohstoffe: 80 % Elastan, 20 % Silber<\/li>\n<li>Oberfl\u00e4chenleitf\u00e4higkeit: 0,5 Ohm (Quadratwiderstand)<\/li>\n<\/ul>\n<h4>Das Aufsetzen<\/h4>\n<p>Ein Headgear wird \u00fcblicherweise als &#8222;Piratentuch&#8220; getragen: 1) Drehen Sie den Schlauch um, dass die Naht nach aussen zeigt. 2) Legen Sie den Schlauch auf den Kopf (mittleres Bild). 3) Halten Sie die untere Seite fest und ziehen Sie die obere Seite mit den anderen Hand nach hinten \u00fcber den Kopf.<\/p>\n","protected":false},"excerpt":{"rendered":"<p>Die moderne Alternative zum Kopftuch, 50 dB Schirmd\u00e4mpfung. Elastischer Stoffschlauch aus Silver-Elastic.<\/p>\n<h4>Downloads<br \/>\n<a href=\"https:\/\/helseforhandleren.no\/wp-content\/uploads\/2014\/08\/y-SILVERELASTIC-DB-5.pdf\">Gutachten Abschirmung<\/a><br \/>\n<a href=\"https:\/\/helseforhandleren.no\/wp-content\/uploads\/2014\/08\/YSHIELD-Textilien-GER.pdf\">Katalogseiten<\/a><\/h4>\n","protected":false},"featured_media":86574,"comment_status":"closed","ping_status":"closed","template":"","meta":[],"product_brand":[],"product_cat":[1035],"product_tag":[1292,1275],"class_list":{"0":"post-32576","1":"product","2":"type-product","3":"status-publish","4":"has-post-thumbnail","6":"product_cat-kopfbedeckung","7":"product_tag-skjermende-klaer-2","8":"product_tag-skjerming-2","10":"first","11":"onbackorder","12":"taxable","13":"shipping-taxable","14":"purchasable","15":"product-type-simple"},"_links":{"self":[{"href":"https:\/\/helseforhandleren.no\/de\/wp-json\/wp\/v2\/product\/32576","targetHints":{"allow":["GET"]}}],"collection":[{"href":"https:\/\/helseforhandleren.no\/de\/wp-json\/wp\/v2\/product"}],"about":[{"href":"https:\/\/helseforhandleren.no\/de\/wp-json\/wp\/v2\/types\/product"}],"replies":[{"embeddable":true,"href":"https:\/\/helseforhandleren.no\/de\/wp-json\/wp\/v2\/comments?post=32576"}],"wp:featuredmedia":[{"embeddable":true,"href":"https:\/\/helseforhandleren.no\/de\/wp-json\/wp\/v2\/media\/86574"}],"wp:attachment":[{"href":"https:\/\/helseforhandleren.no\/de\/wp-json\/wp\/v2\/media?parent=32576"}],"wp:term":[{"taxonomy":"product_brand","embeddable":true,"href":"https:\/\/helseforhandleren.no\/de\/wp-json\/wp\/v2\/product_brand?post=32576"},{"taxonomy":"product_cat","embeddable":true,"href":"https:\/\/helseforhandleren.no\/de\/wp-json\/wp\/v2\/product_cat?post=32576"},{"taxonomy":"product_tag","embeddable":true,"href":"https:\/\/helseforhandleren.no\/de\/wp-json\/wp\/v2\/product_tag?post=32576"}],"curies":[{"name":"wp","href":"https:\/\/api.w.org\/{rel}","templated":true}]}}