{"id":32582,"date":"2014-08-10T10:00:25","date_gmt":"2014-08-10T10:00:25","guid":{"rendered":"http:\/\/helseforhandleren.no\/butikk\/uncategorized\/abschirmende-lange-unterhose-aus-silver-elastic-teu\/"},"modified":"2024-04-05T09:28:45","modified_gmt":"2024-04-05T09:28:45","slug":"abschirmende-lange-unterhose-aus-silver-elastic-teu","status":"publish","type":"product","link":"https:\/\/helseforhandleren.no\/de\/geschaeft\/abschirmung\/kleidung-de\/hosen-und-blusen\/abschirmende-lange-unterhose-aus-silver-elastic-teu\/","title":{"rendered":"Abschirmende lange Unterhose aus Silver-Elastic TEU"},"content":{"rendered":"<ul class=\"description_properties\">\n<li class=\"article_properties\"><span class=\"property_value\"><strong>Schirmd\u00e4mpfung:<\/strong> Alle Schirmd\u00e4mpfungswerte gelten bei 1 GHz. Messung nach ASTM D4935-10, IEEE Std 299-2006, IEEEE Std 1128-1998, ASTM A698\/A698M-07.<br \/>\n<\/span><\/li>\n<li class=\"article_properties\"><span class=\"property_value\"><strong>Stoffpflege:<\/strong> Waschen schonend bei 30\u00b0C, Nicht b\u00fcgeln, Trocknen bei geringer Temperatur, Nicht bleichen, Keine chemische Reinigung.<br \/>\n<\/span><\/li>\n<li class=\"article_properties\"><span class=\"property_value\"><strong>Silberprodukte:<\/strong> Silberprodukte verf\u00e4rben sich im Lauf der Zeit, was kein Qualit\u00e4tsmangel oder Reklamationsgrund ist. Silberprodukte haben eine begrenzte Haltbarkeit, die Lebensdauer h\u00e4ngt von der H\u00e4ufigkeit der Bewegung ab. Wir verwenden kein Nano-Silber.<br \/>\n<\/span><\/li>\n<li class=\"article_properties\"><span class=\"property_value\"><strong>Anwendung:<\/strong> Bekleidung, Unterwegs<\/span><\/li>\n<li class=\"article_properties\"><span class=\"property_value\"><strong>Feldart:<\/strong> HF (Hochfrequenz), NF (Niederfrequenz)<\/span><\/li>\n<li class=\"article_properties\"><span class=\"property_value\"><strong>Schirmung:<\/strong> Hoch (30 bis 60 dB)<\/span><\/li>\n<li class=\"article_properties\"><span class=\"property_value\"><strong>\u00d6kologie:<\/strong> Normal<\/span><\/li>\n<li class=\"article_properties\"><span class=\"property_value\"><strong>Farbe:<\/strong> Metallisch<\/span><\/li>\n<\/ul>\n<p>HF und NF abschirmende <strong>lange Unterhose<\/strong> aus <strong>Silver-Elastic<\/strong>. Zum Tragen als <strong>d\u00fcnne Unterhose <\/strong>oder als <strong>Schlafanzughose<\/strong> zusammen mit unserem Hoodie TEO. Hochwertige Einzelst\u00fccke aus unserer N\u00e4herei, keine Massenware! <strong>Perfekt Zuhause, im Urlaub oder auf Gesch\u00e4ftsreise!<\/strong><\/p>\n<h4>Eigenschaften Silver-Elastic<\/h4>\n<ul>\n<li><strong>Silver-Elastic ist sehr elastisch und passt sich Ihrer K\u00f6rperform an. Dadurch tr\u00e4gt er als Unterw\u00e4sche nicht auf.<\/strong><\/li>\n<li>Silver-Elastic hat eine <strong>sehr hohe Waschbest\u00e4ndigkeit<\/strong> ohne dass die Schirmung verloren geht, siehe &#8222;Waschtest&#8220; bei den Stoffseiten.<\/li>\n<li>Trotz der vollst\u00e4ndigen Metalloberfl\u00e4che ist Silver-Elastic\u00a0<strong>weich und angenehm auf der Haut<\/strong>.<\/li>\n<li>Aufgrund der beidseitig elektrisch leitf\u00e4higen Oberfl\u00e4che und den Kontakt zum K\u00f6rper, k\u00f6nnen niederfrequente Felder weniger ankoppeln und besser abgeleitet werden. Viele Elektrosensible empfinden das als angenehmer wie mit nicht erdbaren Stoffen!<\/li>\n<\/ul>\n<h4>Technische Daten<\/h4>\n<ul>\n<li><strong>Europ\u00e4ische Gr\u00f6\u00dfen: S, M, L, XL, XXL<br \/>\n<\/strong><\/li>\n<li><strong>Schirmd\u00e4mpfung: 50 dB<\/strong><\/li>\n<li>Farbe: Silber<\/li>\n<li>Rohstoffe: 80 % Elastan, 20 % Silber<\/li>\n<li>Fl\u00e4chengewicht: 130 g\/m\u00b2<\/li>\n<li>Oberfl\u00e4chenleitf\u00e4higkeit: 0,5 Ohm (Quadratwiderstand)<\/li>\n<\/ul>\n","protected":false},"excerpt":{"rendered":"<p>Abschirmende lange Unterhose in 5 Gr\u00f6\u00dfen. Aus Silver-Elastic mit 50 dB Schirmd\u00e4mpfung.<\/p>\n<h4>Downloads<br \/>\n<a href=\"http:\/\/helseforhandleren.no\/wp-content\/uploads\/2014\/08\/y-SILVERELASTIC-DB-4.pdf\">Gutachten Abschirmung<\/a><br \/>\n<a href=\"http:\/\/helseforhandleren.no\/wp-content\/uploads\/2014\/08\/YSHIELD-Textilien-GER.pdf\">Katalogseiten<\/a><\/h4>\n","protected":false},"featured_media":81909,"comment_status":"closed","ping_status":"closed","template":"","meta":[],"product_brand":[],"product_cat":[1033],"product_tag":[1292,1275],"class_list":{"0":"post-32582","1":"product","2":"type-product","3":"status-publish","4":"has-post-thumbnail","6":"product_cat-hosen-und-blusen","7":"product_tag-skjermende-klaer-2","8":"product_tag-skjerming-2","10":"first","11":"instock","12":"taxable","13":"shipping-taxable","14":"purchasable","15":"product-type-variable"},"_links":{"self":[{"href":"https:\/\/helseforhandleren.no\/de\/wp-json\/wp\/v2\/product\/32582","targetHints":{"allow":["GET"]}}],"collection":[{"href":"https:\/\/helseforhandleren.no\/de\/wp-json\/wp\/v2\/product"}],"about":[{"href":"https:\/\/helseforhandleren.no\/de\/wp-json\/wp\/v2\/types\/product"}],"replies":[{"embeddable":true,"href":"https:\/\/helseforhandleren.no\/de\/wp-json\/wp\/v2\/comments?post=32582"}],"wp:featuredmedia":[{"embeddable":true,"href":"https:\/\/helseforhandleren.no\/de\/wp-json\/wp\/v2\/media\/81909"}],"wp:attachment":[{"href":"https:\/\/helseforhandleren.no\/de\/wp-json\/wp\/v2\/media?parent=32582"}],"wp:term":[{"taxonomy":"product_brand","embeddable":true,"href":"https:\/\/helseforhandleren.no\/de\/wp-json\/wp\/v2\/product_brand?post=32582"},{"taxonomy":"product_cat","embeddable":true,"href":"https:\/\/helseforhandleren.no\/de\/wp-json\/wp\/v2\/product_cat?post=32582"},{"taxonomy":"product_tag","embeddable":true,"href":"https:\/\/helseforhandleren.no\/de\/wp-json\/wp\/v2\/product_tag?post=32582"}],"curies":[{"name":"wp","href":"https:\/\/api.w.org\/{rel}","templated":true}]}}