{"id":32595,"date":"2014-08-10T09:55:55","date_gmt":"2014-08-10T09:55:55","guid":{"rendered":"http:\/\/helseforhandleren.no\/butikk\/uncategorized\/powertube-gold-2\/"},"modified":"2024-04-09T14:19:57","modified_gmt":"2024-04-09T12:19:57","slug":"powertube-gold-2","status":"publish","type":"product","link":"https:\/\/helseforhandleren.no\/de\/geschaeft\/gesundheit-de\/quickzap-de\/powertube-gold-2\/","title":{"rendered":"PowerTube Gold"},"content":{"rendered":"<ul>\n<li>TENS-Therapieger\u00e4t<\/li>\n<li>F\u00fcr Schmerzbehandlung<\/li>\n<li>Behandlungszeit 3 &#8211; 21 Minuten<\/li>\n<li>Vollautomatisierte Programmabl\u00e4ufe in 3 Schritten<\/li>\n<li>PowerTube vergoldet f\u00fcr optimale Hygiene und guten Kontakt<\/li>\n<li>Wechselspannung, daher kein Metalltransport in den K\u00f6rper<\/li>\n<li>Stabile Ausgangsspannungen und Frequenzen<\/li>\n<li>9-Volt Batteriebetrieb f\u00fcr unabh\u00e4ngigen Betrieb<\/li>\n<li>LED-Anzeige f\u00fcr Therapiezeiten und Therapieschritte<\/li>\n<li>Abmessungen: L\u00e4nge 18 cm, Durchmesser 3,1 cm<\/li>\n<li>Gewicht: ca. 1100 gr<\/li>\n<li>Anwendungsklasse: BF, Klasse: IIa-Ger\u00e4t<\/li>\n<li>Zertifiziert CE 0482<\/li>\n<li>ISO-Zertifizierung nach 13485<\/li>\n<li>CE 0482<\/li>\n<\/ul>\n","protected":false},"excerpt":{"rendered":"<p>TENS-Therapieger\u00e4t F\u00fcr Schmerzbehandlung Behandlungszeit 3 &#8211; 21 Minuten Vollautomatisierte Programmabl\u00e4ufe  [&#8230;]<\/p>\n","protected":false},"featured_media":81912,"comment_status":"closed","ping_status":"closed","template":"","meta":[],"product_brand":[],"product_cat":[995],"product_tag":[],"class_list":{"0":"post-32595","1":"product","2":"type-product","3":"status-publish","4":"has-post-thumbnail","6":"product_cat-quickzap-de","8":"first","9":"instock","10":"taxable","11":"shipping-taxable","12":"purchasable","13":"product-type-simple"},"_links":{"self":[{"href":"https:\/\/helseforhandleren.no\/de\/wp-json\/wp\/v2\/product\/32595","targetHints":{"allow":["GET"]}}],"collection":[{"href":"https:\/\/helseforhandleren.no\/de\/wp-json\/wp\/v2\/product"}],"about":[{"href":"https:\/\/helseforhandleren.no\/de\/wp-json\/wp\/v2\/types\/product"}],"replies":[{"embeddable":true,"href":"https:\/\/helseforhandleren.no\/de\/wp-json\/wp\/v2\/comments?post=32595"}],"wp:featuredmedia":[{"embeddable":true,"href":"https:\/\/helseforhandleren.no\/de\/wp-json\/wp\/v2\/media\/81912"}],"wp:attachment":[{"href":"https:\/\/helseforhandleren.no\/de\/wp-json\/wp\/v2\/media?parent=32595"}],"wp:term":[{"taxonomy":"product_brand","embeddable":true,"href":"https:\/\/helseforhandleren.no\/de\/wp-json\/wp\/v2\/product_brand?post=32595"},{"taxonomy":"product_cat","embeddable":true,"href":"https:\/\/helseforhandleren.no\/de\/wp-json\/wp\/v2\/product_cat?post=32595"},{"taxonomy":"product_tag","embeddable":true,"href":"https:\/\/helseforhandleren.no\/de\/wp-json\/wp\/v2\/product_tag?post=32595"}],"curies":[{"name":"wp","href":"https:\/\/api.w.org\/{rel}","templated":true}]}}