{"id":32835,"date":"2014-08-10T09:57:56","date_gmt":"2014-08-10T09:57:56","guid":{"rendered":"http:\/\/helseforhandleren.no\/butikk\/uncategorized\/edelstahlgewebe-heg10\/"},"modified":"2024-04-05T09:28:58","modified_gmt":"2024-04-05T09:28:58","slug":"edelstahlgewebe-heg10","status":"publish","type":"product","link":"https:\/\/helseforhandleren.no\/de\/geschaeft\/abschirmung\/tapete\/edelstahlgewebe-heg10\/","title":{"rendered":"Edelstahlgewebe HEG10"},"content":{"rendered":"<ul class=\"description_properties\">\n<li class=\"article_properties\"><span class=\"property_value\"><strong>Bestellmenge:<\/strong> In Schritten von 0,1 Laufmeter. Wird kundenspezifisch abgeschnitten, eine R\u00fccknahme ist nicht m\u00f6glich. Fordern Sie vor der Bestellung ein kostenloses Muster an.<\/span><\/li>\n<li class=\"article_properties\"><span class=\"property_value\"><strong>Schirmd\u00e4mpfung:<\/strong> Alle Schirmd\u00e4mpfungswerte gelten bei 1 GHz. Messung nach ASTM D4935-10, IEEE Std 299-2006, IEEEE Std 1128-1998, ASTM A698\/A698M-07.<br \/>\n<\/span><\/li>\n<li class=\"article_properties\"><span class=\"property_value\"><strong>Erdung:<\/strong> Elektrisch leitf\u00e4hig. Kann zur Abschirmung von elektrischen Wechselfeldern (NF) kontaktiert und geerdet werden! Passende Komponenten finden Sie unter &#8222;Erdung&#8220;. Eine Empfehlung hier ist schwierig weil abh\u00e4ngig von der Anwendung. Fragen Sie uns!<\/span><\/li>\n<li class=\"article_properties\"><span class=\"property_value\"><strong>Anwendung:<\/strong> Boden, Decke, Wand Aussenbereich, Wand Innenbereich<\/span><\/li>\n<li class=\"article_properties\"><span class=\"property_value\"><strong>Feldart:<\/strong> HF (Hochfrequenz), NF (Niederfrequenz)<\/span><\/li>\n<li class=\"article_properties\"><span class=\"property_value\"><strong>Schirmung:<\/strong> Hoch (30 bis 60 dB)<\/span><\/li>\n<li class=\"article_properties\"><span class=\"property_value\"><strong>\u00d6kologie:<\/strong> Sehr hoch<\/span><\/li>\n<li class=\"article_properties\"><span class=\"property_value\"><strong>Farbe:<\/strong> Silber<\/span><\/li>\n<\/ul>\n<p>HEG10 ist ein feinmaschiges, <strong>korrosionsbest\u00e4ndiges Edelstahlgewebe<\/strong> zur Abschirmung hochfrequenter elektromagnetischer Strahlung (HF) und niederfrequenter elektrischer Wechselfelder (NF).<\/p>\n<p>Typische Anwendung im <strong>Innen- und Au\u00dfenbereich<\/strong> unter Putz im <strong>Vollw\u00e4rmeschutz<\/strong>, im<strong>Dachbereich<\/strong>, im <strong>Trockenbau<\/strong>, als stabiles <strong>Fliegengitter<\/strong>, zur <strong>losen Verlegung<\/strong>, usw.<\/p>\n<h4>Technische Daten<\/h4>\n<ul>\n<li><strong>Breite: 100 cm<\/strong><\/li>\n<li><strong>L\u00e4nge: 25 m Rolle \/ Meterware<\/strong><\/li>\n<li><strong>Schirmd\u00e4mpfung: 42 dB<\/strong>, zweilagig 60 dB<\/li>\n<li>Maschenweite: 1,0 mm<\/li>\n<li>Drahtdurchmesser: 0,16 mm<\/li>\n<li>Materialst\u00e4rke: 0,32 mm<\/li>\n<li>Offene Fl\u00e4che: 74 %<\/li>\n<li>Fl\u00e4chengewicht: 260 g\/m\u00b2<\/li>\n<li>Farbe: Silber<\/li>\n<li>Nicht brennbarer Baustoff, A1 nach DIN 4102:1994<\/li>\n<li>Oberfl\u00e4chenleitf\u00e4higkeit: 0,1 Ohm (Quadratwiderstand)<\/li>\n<\/ul>\n<h4>Verarbeitung<\/h4>\n<p>Bei Verarbeitung unter Putz sollte HEG10 mit m\u00f6glichst feiner organischer Spachtelmasse verklebt werden. Bei Verarbeitung unter Fu\u00dfbodenbel\u00e4gen (Laminat, Parkett, PVC-Bel\u00e4gen, usw.) wird HEG10 zusammen mit dem Kleber verklebt. Bei Verarbeitung im Trockenbau und im Dachbereich die Bahnen nach Bedarf verschrauben oder vertackern. <strong>Immer gilt:<\/strong> Die Bahnen werden 5 cm \u00fcberlappend verlegt. Zur Erdung wird das Edelstahl-Lochband ELB quer \u00fcber allen Bahnen fest mit dem Untergrund \/ den Bahnen verschraubt.<\/p>\n","protected":false},"excerpt":{"rendered":"<p>Halbtransparentes Edelstahlgewebe, 42 dB Schirmd\u00e4mpfung.<\/p>\n","protected":false},"featured_media":82166,"comment_status":"closed","ping_status":"closed","template":"","meta":[],"product_brand":[],"product_cat":[1041,1415],"product_tag":[1275,39,38,572],"class_list":{"0":"post-32835","1":"product","2":"type-product","3":"status-publish","4":"has-post-thumbnail","6":"product_cat-tapete","7":"product_cat-unkategorisiert","8":"product_tag-skjerming-2","9":"product_tag-skjerming","10":"product_tag-straling","11":"product_tag-straling-de","13":"first","14":"instock","15":"taxable","16":"shipping-taxable","17":"purchasable","18":"product-type-variable"},"_links":{"self":[{"href":"https:\/\/helseforhandleren.no\/de\/wp-json\/wp\/v2\/product\/32835","targetHints":{"allow":["GET"]}}],"collection":[{"href":"https:\/\/helseforhandleren.no\/de\/wp-json\/wp\/v2\/product"}],"about":[{"href":"https:\/\/helseforhandleren.no\/de\/wp-json\/wp\/v2\/types\/product"}],"replies":[{"embeddable":true,"href":"https:\/\/helseforhandleren.no\/de\/wp-json\/wp\/v2\/comments?post=32835"}],"wp:featuredmedia":[{"embeddable":true,"href":"https:\/\/helseforhandleren.no\/de\/wp-json\/wp\/v2\/media\/82166"}],"wp:attachment":[{"href":"https:\/\/helseforhandleren.no\/de\/wp-json\/wp\/v2\/media?parent=32835"}],"wp:term":[{"taxonomy":"product_brand","embeddable":true,"href":"https:\/\/helseforhandleren.no\/de\/wp-json\/wp\/v2\/product_brand?post=32835"},{"taxonomy":"product_cat","embeddable":true,"href":"https:\/\/helseforhandleren.no\/de\/wp-json\/wp\/v2\/product_cat?post=32835"},{"taxonomy":"product_tag","embeddable":true,"href":"https:\/\/helseforhandleren.no\/de\/wp-json\/wp\/v2\/product_tag?post=32835"}],"curies":[{"name":"wp","href":"https:\/\/api.w.org\/{rel}","templated":true}]}}