{"id":32839,"date":"2014-08-10T09:56:46","date_gmt":"2014-08-10T09:56:46","guid":{"rendered":"http:\/\/helseforhandleren.no\/butikk\/uncategorized\/abschirmvlies-ncv95-breite-95-cm-1-laufmeter\/"},"modified":"2024-04-05T09:29:04","modified_gmt":"2024-04-05T09:29:04","slug":"abschirmvlies-ncv95-breite-95-cm-1-laufmeter","status":"publish","type":"product","link":"https:\/\/helseforhandleren.no\/de\/geschaeft\/abschirmung\/vlies-und-gewebe\/abschirmvlies-ncv95-breite-95-cm-1-laufmeter\/","title":{"rendered":"Abschirmvlies NCV95 | Breite 95 cm | 1 Laufmeter"},"content":{"rendered":"<ul class=\"description_properties\">\n<li class=\"article_properties\"><span class=\"property_value\"><strong>Bestellmenge:<\/strong> In Schritten von 0,1 Laufmeter. Wird kundenspezifisch abgeschnitten, eine R\u00fccknahme ist nicht m\u00f6glich. Fordern Sie vor der Bestellung ein kostenloses Muster an.<\/span><\/li>\n<li class=\"article_properties\"><span class=\"property_value\"><strong>Schirmd\u00e4mpfung:<\/strong> Alle Schirmd\u00e4mpfungswerte gelten bei 1 GHz. Messung nach ASTM D4935-10, IEEE Std 299-2006, IEEEE Std 1128-1998, ASTM A698\/A698M-07.<br \/><\/span><\/li>\n<li class=\"article_properties\"><span class=\"property_value\"><strong>Erdung:<\/strong> Elektrisch leitf\u00e4hig. Kann zur Abschirmung von elektrischen Wechselfeldern (NF) kontaktiert und geerdet werden! Passende Komponenten finden Sie unter &#8222;Erdung&#8220;. Eine Empfehlung hier ist schwierig weil abh\u00e4ngig von der Anwendung. Fragen Sie uns!<\/span><\/li>\n<li class=\"article_properties\"><span class=\"property_value\"><strong>Anwendung:<\/strong> Boden, Decke, Wand Innenbereich<\/span><\/li>\n<li class=\"article_properties\"><span class=\"property_value\"><strong>Feldart:<\/strong> NF (Niederfrequenz)<\/span><\/li>\n<li class=\"article_properties\"><span class=\"property_value\"><strong>Schirmung:<\/strong> Hoch (30 bis 60 dB)<\/span><\/li>\n<li class=\"article_properties\"><span class=\"property_value\"><strong>\u00d6kologie:<\/strong> Normal<\/span><\/li>\n<li class=\"article_properties\"><span class=\"property_value\"><strong>Farbe:<\/strong> Schwarz<\/span><\/li>\n<\/ul>\n<p>NCV95 ist ein carbonbeschichtetes Polyestervlies zur Abschirmung niederfrequenter elektrischer Felder (NF).<\/p>\n<p>Typische Anwendung im Innenbereich f\u00fcr W\u00e4nde, Decken, B\u00f6den als Untertapete, im Trockenbau, zur losen Verlegung usw. Weiter zusammen mit Erdungsstecker EST auch als g\u00fcnstige \u201egeerdete Matratzenunterlage\u201c.<\/p>\n<h4>Technische Daten<\/h4>\n<ul>\n<li><strong>Breite: 95 cm<\/strong><\/li>\n<li><strong>L\u00e4nge: Meterware \/ 20 m Rolle<\/strong><\/li>\n<li><strong>Schirmd\u00e4mpfung: 80 dB (99,99 %)<\/strong><\/li>\n<li>Fl\u00e4chengewicht: 90 g\/m\u00b2<\/li>\n<li>Dicke: 0,55 mm<\/li>\n<li>Farbe: Schwarz<\/li>\n<li>Rei\u00dffestigkeit: 260 N\/mm in L\u00e4ngerichtung, 35 N\/mm in Querrichtung<\/li>\n<li>Materialien: Polyester, Carbonbeschichtung<\/li>\n<li>Gutachten Schirmd\u00e4mpfung verf\u00fcgbar<\/li>\n<\/ul>\n<h4>Verarbeitung<\/h4>\n<p>Bei Verarbeitung als Untertapete empfehlen wir zur Verklebung unseren Dispersionskleber DKL90. Die Wandfl\u00e4che und die R\u00fcckseite von NCV95 werden mit einer Malerwalze mit DKL90 vorgestrichen. NCV95 Nass-auf-Nass einlegen, per Hand (mit Einweghandschuh) fixieren und mit einem gummierten Andr\u00fcckroller faltenfrei andr\u00fccken. Schnell und nur Bahn f\u00fcr Bahn arbeiten, damit DKL90 nicht antrocknet. <strong>Eine faltenfreie Verklebung ist nur auf absolut ebenen Untergr\u00fcnden m\u00f6glich!<\/strong> Untergr\u00fcnde mit Struktur (Rauhfaser, Strukturputz, Walzenstruktur von Farbe) m\u00fcssen glattgespachtelt werden, sollte dies nicht m\u00f6glich sein, empfehlen wir unsere Abschirmfarbe NSF34. Bei Verwendung als \u201egeerdete Matratzenunterlage\u201c muss die Bahn mit unserem Erdungsstecker GD oder GP von einem Elektriker geerdet werden.<\/p>\n","protected":false},"excerpt":{"rendered":"<p>Carbonisiertes Polyestervlies zur Abschirmung elektrischer Felder (NF). 80 dB. Wird als \u201egeerdete Matratzenunterlage\u201c verwendet.<\/p>\n","protected":false},"featured_media":81935,"comment_status":"closed","ping_status":"closed","template":"","meta":[],"product_brand":[],"product_cat":[679,559,733],"product_tag":[],"class_list":{"0":"post-32839","1":"product","2":"type-product","3":"status-publish","4":"has-post-thumbnail","6":"product_cat-abschirmung","7":"product_cat-strahlung-emf-de","8":"product_cat-vlies-und-gewebe","10":"first","11":"instock","12":"purchasable","13":"product-type-simple"},"_links":{"self":[{"href":"https:\/\/helseforhandleren.no\/de\/wp-json\/wp\/v2\/product\/32839","targetHints":{"allow":["GET"]}}],"collection":[{"href":"https:\/\/helseforhandleren.no\/de\/wp-json\/wp\/v2\/product"}],"about":[{"href":"https:\/\/helseforhandleren.no\/de\/wp-json\/wp\/v2\/types\/product"}],"replies":[{"embeddable":true,"href":"https:\/\/helseforhandleren.no\/de\/wp-json\/wp\/v2\/comments?post=32839"}],"wp:featuredmedia":[{"embeddable":true,"href":"https:\/\/helseforhandleren.no\/de\/wp-json\/wp\/v2\/media\/81935"}],"wp:attachment":[{"href":"https:\/\/helseforhandleren.no\/de\/wp-json\/wp\/v2\/media?parent=32839"}],"wp:term":[{"taxonomy":"product_brand","embeddable":true,"href":"https:\/\/helseforhandleren.no\/de\/wp-json\/wp\/v2\/product_brand?post=32839"},{"taxonomy":"product_cat","embeddable":true,"href":"https:\/\/helseforhandleren.no\/de\/wp-json\/wp\/v2\/product_cat?post=32839"},{"taxonomy":"product_tag","embeddable":true,"href":"https:\/\/helseforhandleren.no\/de\/wp-json\/wp\/v2\/product_tag?post=32839"}],"curies":[{"name":"wp","href":"https:\/\/api.w.org\/{rel}","templated":true}]}}