{"id":32843,"date":"2014-08-10T09:58:06","date_gmt":"2014-08-10T09:58:06","guid":{"rendered":"http:\/\/helseforhandleren.no\/butikk\/uncategorized\/abschirmende-fensterfolie-rdf72-breite-76-cm-1-laufmeter\/"},"modified":"2024-04-05T09:29:07","modified_gmt":"2024-04-05T09:29:07","slug":"abschirmende-fensterfolie-rdf72-breite-76-cm-1-laufmeter","status":"publish","type":"product","link":"https:\/\/helseforhandleren.no\/de\/geschaeft\/abschirmung\/fensterfolie\/abschirmende-fensterfolie-rdf72-breite-76-cm-1-laufmeter\/","title":{"rendered":"Abschirmende Fensterfolie RDF72 | Breite 76 cm | 1 Laufmeter"},"content":{"rendered":"<ul class=\"description_properties\">\n<li class=\"article_properties\"><span class=\"property_value\"><strong>Bestellmenge:<\/strong> In Schritten von 0,1 Laufmeter. Wird kundenspezifisch abgeschnitten, eine R\u00fccknahme ist nicht m\u00f6glich. Fordern Sie vor der Bestellung ein kostenloses Muster an.<\/span><\/li>\n<li class=\"article_properties\"><span class=\"property_value\"><strong>Schirmd\u00e4mpfung:<\/strong> Alle Schirmd\u00e4mpfungswerte gelten bei 1 GHz. Messung nach ASTM D4935-10, IEEE Std 299-2006, IEEEE Std 1128-1998, ASTM A698\/A698M-07.<br \/><\/span><\/li>\n<li class=\"article_properties\"><span class=\"property_value\"><strong>Erdung:<\/strong> Elektrisch nicht leitf\u00e4hig. Keine Abschirmung von elektrischen Wechselfeldern (NF).<\/span><\/li>\n<li class=\"article_properties\"><span class=\"property_value\"><strong>Anwendung:<\/strong> Fenster<\/span><\/li>\n<li class=\"article_properties\"><span class=\"property_value\"><strong>Feldart:<\/strong> HF (Hochfrequenz)<\/span><\/li>\n<li class=\"article_properties\"><span class=\"property_value\"><strong>Schirmung:<\/strong> Hoch (30 bis 60 dB)<\/span><\/li>\n<li class=\"article_properties\"><span class=\"property_value\"><strong>\u00d6kologie:<\/strong> Normal<\/span><\/li>\n<\/ul>\n<p>Edelmetallbeschichtete, selbstklebende Spezialfolie zur Abschirmung hochfrequenter elektromagnetischer Strahlung (HF). Typische Anwendung auf der Innenseite von Fenstern ohne W\u00e4rmeschutzverglasung. <strong>Wegen der eingeschr\u00e4nkten Schirmd\u00e4mpfung nur bei geringer Belastung zu empfehlen.<\/strong><\/p>\n<h4>Technische Daten<\/h4>\n<ul>\n<li>Breite: 76 cm.<\/li>\n<li>L\u00e4nge: Meterware.<\/li>\n<li><strong>Schirmd\u00e4mpfung 32 dB<\/strong> (99,94 % Abschirmwirkung) bei 1 GHz, Diagramm f\u00fcr alle Frequenzen siehe Bild oben. Schirmd\u00e4mpfung gepr\u00fcft von Prof. Dipl.-Ing. P. Pauli an der Universit\u00e4t der deutschen Bundeswehr M\u00fcnchen, nach MIL-STD 285 und IEEE-Standard 299-1997.<\/li>\n<li><strong>Lichttransmission (Lichtdurchl\u00e4ssigkeit): 72 %<\/strong>.<\/li>\n<li>Lichtfarbe (Einf\u00e4rbung des Tageslichtes): Ein Hauch von Gr\u00fcn.<\/li>\n<li>Innenverlegung, vorwiegend auf Glas, aber auch auf T\u00fcren und anderen ebenen Untergr\u00fcnden.<\/li>\n<li>Montage: R\u00fcckseitiger wasser- und druckaktivierter Kleber.<\/li>\n<li>Materialst\u00e4rke: 75 \u00b5m.<\/li>\n<li><strong>Ausschliesslich zur Innenverlegung auf Glasfl\u00e4chen ohne W\u00e4rmeschutz!<\/strong> Hintergrund: W\u00e4rmeschutzverglasung ist bereits metallbeschichtet. Dringt Sonnenstrahlung durch die bereits vorhandene Metallisierung und trifft danach auf die Abschirmfensterfolie, kann es zu Mehrfachreflektionen kommen. Die Fensterscheibe heizt sich unn\u00f6tig stark auf und es kann durch Volumenvergr\u00f6\u00dferung im Randverbund zu Undichtigkeiten oder sogar zu Rissen kommen! Vorab deshalb unbedingt die Glasart feststellen!<\/li>\n<\/ul>\n","protected":false},"excerpt":{"rendered":"<p>32 dB Schirmd\u00e4mpfung, 72 % Lichtdurchl\u00e4\u00dfigkeit. Premium-Folie mit 12 Metallschichten f\u00fcr h\u00f6chste Anspr\u00fcche.<\/p>\n","protected":false},"featured_media":81940,"comment_status":"closed","ping_status":"closed","template":"","meta":[],"product_brand":[],"product_cat":[732],"product_tag":[],"class_list":{"0":"post-32843","1":"product","2":"type-product","3":"status-publish","4":"has-post-thumbnail","6":"product_cat-fensterfolie","8":"first","9":"instock","10":"taxable","11":"shipping-taxable","12":"purchasable","13":"product-type-simple"},"_links":{"self":[{"href":"https:\/\/helseforhandleren.no\/de\/wp-json\/wp\/v2\/product\/32843","targetHints":{"allow":["GET"]}}],"collection":[{"href":"https:\/\/helseforhandleren.no\/de\/wp-json\/wp\/v2\/product"}],"about":[{"href":"https:\/\/helseforhandleren.no\/de\/wp-json\/wp\/v2\/types\/product"}],"replies":[{"embeddable":true,"href":"https:\/\/helseforhandleren.no\/de\/wp-json\/wp\/v2\/comments?post=32843"}],"wp:featuredmedia":[{"embeddable":true,"href":"https:\/\/helseforhandleren.no\/de\/wp-json\/wp\/v2\/media\/81940"}],"wp:attachment":[{"href":"https:\/\/helseforhandleren.no\/de\/wp-json\/wp\/v2\/media?parent=32843"}],"wp:term":[{"taxonomy":"product_brand","embeddable":true,"href":"https:\/\/helseforhandleren.no\/de\/wp-json\/wp\/v2\/product_brand?post=32843"},{"taxonomy":"product_cat","embeddable":true,"href":"https:\/\/helseforhandleren.no\/de\/wp-json\/wp\/v2\/product_cat?post=32843"},{"taxonomy":"product_tag","embeddable":true,"href":"https:\/\/helseforhandleren.no\/de\/wp-json\/wp\/v2\/product_tag?post=32843"}],"curies":[{"name":"wp","href":"https:\/\/api.w.org\/{rel}","templated":true}]}}