{"id":33777,"date":"2015-09-30T11:02:24","date_gmt":"2015-09-30T11:02:24","guid":{"rendered":""},"modified":"2024-04-05T09:29:49","modified_gmt":"2024-04-05T09:29:49","slug":"aetherquelle-anhanger-copy-copy-3","status":"publish","type":"product","link":"https:\/\/helseforhandleren.no\/de\/geschaeft\/abschirmung\/skjerming-de\/abschirmung-von-mobilfunkstrahlung-hf\/aetherquelle-anhanger-copy-copy-3\/","title":{"rendered":"Aetherquelle Anh\u00e4nger (Copy) (Copy)"},"content":{"rendered":"<div class=\"ce_text block\">\n<h3>Funktion und Anwendung<\/h3>\n<\/div>\n<section class=\"ce_colsetStart equalize subcolumns colcount_2\">\n<div class=\"c50l col_1 first\">\n<div class=\"subcl\">\n<div class=\"ce_text block\">\n<p>Unser durch das spezielle Raumpotenzierungsverfahren behandelte Mineralienpulver wird in einer deutschen Glasbl\u00e4serei in Borosilikatglas eingeschmolzen und zu Anh\u00e4ngern verarbeitet.<\/p>\n<p>Durch seine konvexe Form kann ein sehr kr\u00e4ftiges Energiefeld aufgebaut werden.<\/p>\n<\/div>\n<\/div>\n<\/div>\n<div class=\"mod_colsetPart c50r col_2 last\">\n<div class=\"subcr\">\n<div class=\"ce_text block\">\n<p>Der Aetherquelle Ferrum Anh\u00e4nger kann ein erfrischendes Energiefeld aufbauen, k\u00f6rpereigene Energien beleben und st\u00e4rken, die Selbstheilungskr\u00e4fte anregen und die Konzentrationsf\u00e4higkeit im Alltag f\u00f6rdern.<\/p>\n<p>Der Aetherquelle Ferrum Anh\u00e4nger kann um den Hals getragen, oder direkt auf belastete K\u00f6rperstellen aufgelegt werden.<\/p>\n<\/div>\n<\/div>\n<\/div>\n<\/section>\n","protected":false},"excerpt":{"rendered":"<p>Funktion und Anwendung Unser durch das spezielle Raumpotenzierungsverfahren behandelte Mineralienpulver  [&#8230;]<\/p>\n","protected":false},"featured_media":81996,"comment_status":"closed","ping_status":"closed","template":"","meta":[],"product_brand":[],"product_cat":[1783,943,553],"product_tag":[560,561,562,564,803,565,804,566,567,805,807,808,572],"class_list":{"0":"post-33777","1":"product","2":"type-product","3":"status-publish","4":"has-post-thumbnail","6":"product_cat-abschirmung-von-mobilfunkstrahlung-hf","7":"product_cat-australian-bush-essences-de","8":"product_cat-skjerming-de","9":"product_tag-alternativ-de","10":"product_tag-alternativ-helse-de","11":"product_tag-amulett-de","12":"product_tag-antroposofi-de","13":"product_tag-energetisk-skjerming-de","14":"product_tag-energi-de","15":"product_tag-energimedisin-de","16":"product_tag-eter-de","17":"product_tag-eterteknologi-de","18":"product_tag-gesundheit-de","19":"product_tag-skjerming-alternativ-de","20":"product_tag-strahlung-emf-de","21":"product_tag-straling-de","23":"first","24":"instock","25":"purchasable","26":"product-type-simple"},"_links":{"self":[{"href":"https:\/\/helseforhandleren.no\/de\/wp-json\/wp\/v2\/product\/33777","targetHints":{"allow":["GET"]}}],"collection":[{"href":"https:\/\/helseforhandleren.no\/de\/wp-json\/wp\/v2\/product"}],"about":[{"href":"https:\/\/helseforhandleren.no\/de\/wp-json\/wp\/v2\/types\/product"}],"replies":[{"embeddable":true,"href":"https:\/\/helseforhandleren.no\/de\/wp-json\/wp\/v2\/comments?post=33777"}],"wp:featuredmedia":[{"embeddable":true,"href":"https:\/\/helseforhandleren.no\/de\/wp-json\/wp\/v2\/media\/81996"}],"wp:attachment":[{"href":"https:\/\/helseforhandleren.no\/de\/wp-json\/wp\/v2\/media?parent=33777"}],"wp:term":[{"taxonomy":"product_brand","embeddable":true,"href":"https:\/\/helseforhandleren.no\/de\/wp-json\/wp\/v2\/product_brand?post=33777"},{"taxonomy":"product_cat","embeddable":true,"href":"https:\/\/helseforhandleren.no\/de\/wp-json\/wp\/v2\/product_cat?post=33777"},{"taxonomy":"product_tag","embeddable":true,"href":"https:\/\/helseforhandleren.no\/de\/wp-json\/wp\/v2\/product_tag?post=33777"}],"curies":[{"name":"wp","href":"https:\/\/api.w.org\/{rel}","templated":true}]}}