{"id":34384,"date":"2014-08-10T09:57:58","date_gmt":"2014-08-10T09:57:58","guid":{"rendered":"http:\/\/helseforhandleren.no\/butikk\/ukategorisert\/abschirmstoff-voile-hf-breite-250-cm\/"},"modified":"2024-04-05T09:30:35","modified_gmt":"2024-04-05T09:30:35","slug":"abschirmstoff-voile-hf-breite-250-cm","status":"publish","type":"product","link":"https:\/\/helseforhandleren.no\/de\/geschaeft\/abschirmung\/fabric-vorhang-de\/abschirmstoff-voile-hf-breite-250-cm\/","title":{"rendered":"Abschirmstoff VOILE, HF, Breite 250 cm"},"content":{"rendered":"<div class=\"product--description\">\n<p>VOILE ist ein transparenter Voile-Stoff zur Abschirmung hochfrequenter elektromagnetischer Felder (HF). Typische Anwendung als eleganter Store oder zum N\u00e4hen eines Bettbaldachins. Nicht elektrisch leitf\u00e4hig.<\/p>\n<ul>\n<li>Hohe Lichtdurchl\u00e4\u00dfigkeit bei hoher Schirmd\u00e4mpfung<\/li>\n<li>Sehr elegant und leicht gl\u00e4nzend<\/li>\n<li>Knitterarmes Polyester<\/li>\n<li>Textile Eigenschaften: Waschbar, b\u00fcgelbar, n\u00e4hbar<\/li>\n<li>Qualit\u00e4tseinstufung: Sehr hoch<\/li>\n<\/ul>\n<p>Technische Daten<\/p>\n<ul>\n<li>Breite: 250 cm, +\/- 2 cm<\/li>\n<li>L\u00e4nge: Meterware<\/li>\n<li>Schirmd\u00e4mpfung: 36 dB, zweilagig 51 dB<\/li>\n<li>Farbe: Wei\u00df<\/li>\n<li>Rohstoffe: 83 % Polyester, 16 % Kupfer, 1 % Silber<\/li>\n<li>Fl\u00e4chengewicht: 65 g\/m\u00b2<\/li>\n<li>Dimensionsstabilit\u00e4t: +\/- 1 %<\/li>\n<\/ul>\n<\/div>\n","protected":false},"excerpt":{"rendered":"<p>VOILE ist ein transparenter Voile-Stoff zur Abschirmung hochfrequenter elektromagnetischer Felder (HF). Typische Anwendung als eleganter Store oder zum N\u00e4hen eines Bettbaldachins. Nicht elektrisch leitf\u00e4hig.<\/p>\n","protected":false},"featured_media":86601,"comment_status":"closed","ping_status":"closed","template":"","meta":[],"product_brand":[],"product_cat":[736],"product_tag":[1275,1293,572],"class_list":{"0":"post-34384","1":"product","2":"type-product","3":"status-publish","4":"has-post-thumbnail","6":"product_cat-fabric-vorhang-de","7":"product_tag-skjerming-2","8":"product_tag-stoff-2","9":"product_tag-straling-de","10":"pa_lengde-cm-de","12":"first","13":"instock","14":"purchasable","15":"product-type-simple"},"_links":{"self":[{"href":"https:\/\/helseforhandleren.no\/de\/wp-json\/wp\/v2\/product\/34384","targetHints":{"allow":["GET"]}}],"collection":[{"href":"https:\/\/helseforhandleren.no\/de\/wp-json\/wp\/v2\/product"}],"about":[{"href":"https:\/\/helseforhandleren.no\/de\/wp-json\/wp\/v2\/types\/product"}],"replies":[{"embeddable":true,"href":"https:\/\/helseforhandleren.no\/de\/wp-json\/wp\/v2\/comments?post=34384"}],"wp:featuredmedia":[{"embeddable":true,"href":"https:\/\/helseforhandleren.no\/de\/wp-json\/wp\/v2\/media\/86601"}],"wp:attachment":[{"href":"https:\/\/helseforhandleren.no\/de\/wp-json\/wp\/v2\/media?parent=34384"}],"wp:term":[{"taxonomy":"product_brand","embeddable":true,"href":"https:\/\/helseforhandleren.no\/de\/wp-json\/wp\/v2\/product_brand?post=34384"},{"taxonomy":"product_cat","embeddable":true,"href":"https:\/\/helseforhandleren.no\/de\/wp-json\/wp\/v2\/product_cat?post=34384"},{"taxonomy":"product_tag","embeddable":true,"href":"https:\/\/helseforhandleren.no\/de\/wp-json\/wp\/v2\/product_tag?post=34384"}],"curies":[{"name":"wp","href":"https:\/\/api.w.org\/{rel}","templated":true}]}}