{"id":34398,"date":"2014-09-15T17:54:48","date_gmt":"2014-09-15T17:54:48","guid":{"rendered":"http:\/\/helseforhandleren.no\/butikk\/ukategorisert\/abschirmstoff-evolution-hf-breite-250-cm\/"},"modified":"2024-04-05T09:30:37","modified_gmt":"2024-04-05T09:30:37","slug":"abschirmstoff-evolution-hf-breite-250-cm","status":"publish","type":"product","link":"https:\/\/helseforhandleren.no\/de\/geschaeft\/abschirmung\/fabric-vorhang-de\/abschirmstoff-evolution-hf-breite-250-cm\/","title":{"rendered":"Abschirmstoff EVOLUTION HF, Breite 250 cm"},"content":{"rendered":"<div class=\"product--description\">\n<p>EVOLUTION ist ein halbtransparenter Stoff aus Trevira\u00ae zur Abschirmung hochfrequenter elektromagnetischer Felder (HF). Typische Anwendung als Vorhangstoff. Nicht elektrisch leitf\u00e4hig.<\/p>\n<ul>\n<li>Knitterarm durch Trevira\u00ae<\/li>\n<li>Textile Eigenschaften: Waschbar, b\u00fcgelbar, n\u00e4hbar<\/li>\n<li>Qualit\u00e4tseinstufung: Sehr hoch<\/li>\n<\/ul>\n<p>Technische Daten<\/p>\n<ul>\n<li>Breite: 250 cm, +\/- 2 cm<\/li>\n<li>L\u00e4nge: Meterware<\/li>\n<li>Schirmd\u00e4mpfung: 30 dB, zweilagig 43 dB<\/li>\n<li>Farbe: Wei\u00df<\/li>\n<li>Rohstoffe: 91 % Polyester (Trevira), 8.5 % Kupfer, 0.5 % Silber<\/li>\n<li>Fl\u00e4chengewicht: 80 g\/m\u00b2<\/li>\n<li>Dimensionsstabilit\u00e4t: +\/- 1 %<\/li>\n<\/ul>\n<p>Erdung: Elektrisch nicht leitf\u00e4hig. Keine Abschirmung von elektrischen Wechselfeldern (NF), diese m\u00fcssen durch erg\u00e4nzende Ma\u00dfnahmen reduziert werden. Wir empfehlen die Abschirmung mit NSF34, NCV95 oder die Freischaltung mit einem Netzabkoppler.<\/p>\n<p>Schirmd\u00e4mpfung: Alle angegebenen Schirmd\u00e4mpfungswerte gelten bei 1 GHz. Messung nach ASTM D4935-10 oder IEEE Std 299-2006 oder IEEEE Std 1128-1998 oder ASTM A698\/A698M-07. Das Messprotokoll finden Sie oben unter &#8222;Gutachten Schirmung&#8220;.<\/p>\n<\/div>\n","protected":false},"excerpt":{"rendered":"<p>EVOLUTION ist ein halbtransparenter Stoff aus Trevira\u00ae zur Abschirmung hochfrequenter elektromagnetischer Felder (HF). Typische Anwendung als Vorhangstoff. Nicht elektrisch leitf\u00e4hig.<\/p>\n","protected":false},"featured_media":86563,"comment_status":"closed","ping_status":"closed","template":"","meta":[],"product_brand":[],"product_cat":[736],"product_tag":[1347],"class_list":{"0":"post-34398","1":"product","2":"type-product","3":"status-publish","4":"has-post-thumbnail","6":"product_cat-fabric-vorhang-de","7":"product_tag-skjermende-de","9":"first","10":"instock","11":"purchasable","12":"product-type-simple"},"_links":{"self":[{"href":"https:\/\/helseforhandleren.no\/de\/wp-json\/wp\/v2\/product\/34398","targetHints":{"allow":["GET"]}}],"collection":[{"href":"https:\/\/helseforhandleren.no\/de\/wp-json\/wp\/v2\/product"}],"about":[{"href":"https:\/\/helseforhandleren.no\/de\/wp-json\/wp\/v2\/types\/product"}],"replies":[{"embeddable":true,"href":"https:\/\/helseforhandleren.no\/de\/wp-json\/wp\/v2\/comments?post=34398"}],"wp:featuredmedia":[{"embeddable":true,"href":"https:\/\/helseforhandleren.no\/de\/wp-json\/wp\/v2\/media\/86563"}],"wp:attachment":[{"href":"https:\/\/helseforhandleren.no\/de\/wp-json\/wp\/v2\/media?parent=34398"}],"wp:term":[{"taxonomy":"product_brand","embeddable":true,"href":"https:\/\/helseforhandleren.no\/de\/wp-json\/wp\/v2\/product_brand?post=34398"},{"taxonomy":"product_cat","embeddable":true,"href":"https:\/\/helseforhandleren.no\/de\/wp-json\/wp\/v2\/product_cat?post=34398"},{"taxonomy":"product_tag","embeddable":true,"href":"https:\/\/helseforhandleren.no\/de\/wp-json\/wp\/v2\/product_tag?post=34398"}],"curies":[{"name":"wp","href":"https:\/\/api.w.org\/{rel}","templated":true}]}}