{"id":34400,"date":"2014-08-10T10:00:43","date_gmt":"2014-08-10T10:00:43","guid":{"rendered":"http:\/\/helseforhandleren.no\/de\/?post_type=product&#038;p=34400"},"modified":"2024-04-05T09:30:38","modified_gmt":"2024-04-05T09:30:38","slug":"abschirmstoff-silver-light-hfnf-breite-145-cm-1-laufmeter","status":"publish","type":"product","link":"https:\/\/helseforhandleren.no\/de\/geschaeft\/skjerming-straling-emf\/stoff-gardin\/abschirmstoff-silver-light-hfnf-breite-145-cm-1-laufmeter\/","title":{"rendered":"Abschirmstoff SILVER-LIGHT, HF+NF, Breite 145 cm, 1 Laufmeter"},"content":{"rendered":"<p>SILVER-LIGHT ist ein<strong> lichtdurchl\u00e4ssiges vollversilbertes Polyamidgewirke<\/strong> zur Abschirmung hochfrequenter elektromagnetischer Strahlung (HF) und niederfrequenter elektrischer Wechselfelder (NF). Typische Anwendung als <strong>Store<\/strong>, <strong>Raumteiler, <\/strong>f\u00fcr<strong> technische Anwendungen.<\/strong>.<\/p>\n<p><strong>Besonderheiten:<\/strong>\u00a01) SILVER-LIGHT ist leichter und enth\u00e4lt daher weniger Silber wie unser SILVER-TULLE. Bei Anwendungen mit h\u00e4ufiger Bewegung ist SILVER-TULLE stabiler. 2) Wettbewerber bewerben exakt dieses Gewirke mit 48-50 dB Schirmung, was falsch ist. SILVER-LIGHT hat 40 dB, was aber bei einem so leichten und d\u00fcnnen Gewirke immer noch hervorragend ist.<\/p>\n<ul>\n<li>Gute Lichtdurchl\u00e4\u00dfigkeit bei hoher Schirmd\u00e4mpfung<\/li>\n<li><strong>Kontaktierbar (erdbar) zur Abschirmung von NF-Feldern<\/strong><\/li>\n<li>Textil\u00e4hnliche Eigenschaften: Waschbar, einfach n\u00e4hbar. Ausnahme: Nicht b\u00fcgelbar!<\/li>\n<li>Qualit\u00e4tseinstufung: Hoch<\/li>\n<\/ul>\n<h4>Technische Daten<\/h4>\n<ul>\n<li><strong>Breite: 145 cm, +\/- 2 cm<\/strong><\/li>\n<li>L\u00e4nge: Meterware<\/li>\n<li><strong>Schirmd\u00e4mpfung: 40 dB<\/strong><\/li>\n<li>Farbe: Braun<\/li>\n<li>Rohstoffe: 80 % Polyamid, 20 % Silber<\/li>\n<li>Fl\u00e4chengewicht: 30 g\/m\u00b2<\/li>\n<li>Dimensionsstabilit\u00e4t: +\/- 1 %<\/li>\n<li>Oberfl\u00e4chenleitf\u00e4higkeit: 1,6 Ohm \/ Inch (2,54 cm)<\/li>\n<\/ul>\n<h4>Erdung<\/h4>\n<p>Elektrisch leitf\u00e4hig. Kann zur Abschirmung von elektrischen Wechselfeldern (NF) kontaktiert und geerdet werden! Wir empfehlen einen Stecker GP oder GD, mit einer Platte GM oder GS, plus ein Kabel GC.<\/p>\n<h4>Schirmd\u00e4mpfung<\/h4>\n<p><strong>Alle angegebenen Schirmd\u00e4mpfungswerte gelten bei 1 GHz<\/strong>. Messung nach ASTM D4935-10 oder IEEE Std 299-2006 oder IEEEE Std 1128-1998 oder ASTM A698\/A698M-07. Das Messprotokoll finden Sie oben unter &#8222;Gutachten Schirmung&#8220;.<\/p>\n<h4><strong>Stoffpflege<\/strong><\/h4>\n<table style=\"width: 710px;\" border=\"0\" cellspacing=\"0\" cellpadding=\"0\">\n<tbody>\n<tr>\n<td><strong><img class=\"lazyload\" decoding=\"async\" style=\"margin-right: 2px; margin-left: 2px; float: left;\" src=\"data:image\/gif;base64,R0lGODlhAQABAAAAACH5BAEKAAEALAAAAAABAAEAAAICTAEAOw==\" data-orig-src=\"http:\/\/www.yshield.com\/img\/w-waschen30grad.gif\" alt=\"\" \/>Waschen schonend bei 30\u00b0C<br \/>\n<\/strong><\/td>\n<td><strong><img class=\"lazyload\" decoding=\"async\" style=\"margin-right: 2px; margin-left: 2px; float: left;\" src=\"data:image\/gif;base64,R0lGODlhAQABAAAAACH5BAEKAAEALAAAAAABAAEAAAICTAEAOw==\" data-orig-src=\"http:\/\/www.yshield.com\/img\/w-nichtbuegeln.gif\" alt=\"\" \/>Nicht b\u00fcgeln<br \/>\n<\/strong><\/td>\n<td><strong><img class=\"lazyload\" decoding=\"async\" style=\"margin-right: 4px; margin-left: 4px; float: left;\" src=\"data:image\/gif;base64,R0lGODlhAQABAAAAACH5BAEKAAEALAAAAAABAAEAAAICTAEAOw==\" data-orig-src=\"http:\/\/www.yshield.com\/img\/w-trocknen-stufe1.gif\" alt=\"\" \/>Nicht im Trockner trocknen<br \/>\n<\/strong><\/td>\n<td><strong><img class=\"lazyload\" decoding=\"async\" style=\"margin-right: 2px; margin-left: 2px; float: left;\" src=\"data:image\/gif;base64,R0lGODlhAQABAAAAACH5BAEKAAEALAAAAAABAAEAAAICTAEAOw==\" data-orig-src=\"http:\/\/www.yshield.com\/img\/w-nichtbleichen.gif\" alt=\"\" \/> Nicht bleichen<br \/>\n<\/strong><\/td>\n<td><strong><img class=\"lazyload\" decoding=\"async\" style=\"margin-right: 2px; margin-left: 2px; float: left;\" src=\"data:image\/gif;base64,R0lGODlhAQABAAAAACH5BAEKAAEALAAAAAABAAEAAAICTAEAOw==\" data-orig-src=\"http:\/\/www.yshield.com\/img\/w-keinereinigung.gif\" alt=\"\" \/>Nicht chemisch reinigen<\/strong><\/td>\n<\/tr>\n<\/tbody>\n<\/table>\n","protected":false},"excerpt":{"rendered":"<p>SILVER-LIGHT ist ein<strong> lichtdurchl\u00e4ssiges vollversilbertes Polyamidgewirke<\/strong> zur Abschirmung hochfrequenter elektromagnetischer Strahlung (HF) und niederfrequenter elektrischer Wechselfelder (NF). Typische Anwendung als <strong>Store<\/strong>, <strong>Raumteiler, <\/strong>f\u00fcr<strong> technische Anwendungen.<\/strong><\/p>\n","protected":false},"featured_media":82053,"comment_status":"closed","ping_status":"closed","template":"","meta":[],"product_brand":[],"product_cat":[258,33],"product_tag":[1292,1275],"class_list":{"0":"post-34400","1":"product","2":"type-product","3":"status-publish","4":"has-post-thumbnail","6":"product_cat-skjerming-straling-emf","7":"product_cat-stoff-gardin","8":"product_tag-skjermende-klaer-2","9":"product_tag-skjerming-2","11":"first","12":"instock","13":"featured","14":"purchasable","15":"product-type-simple"},"_links":{"self":[{"href":"https:\/\/helseforhandleren.no\/de\/wp-json\/wp\/v2\/product\/34400","targetHints":{"allow":["GET"]}}],"collection":[{"href":"https:\/\/helseforhandleren.no\/de\/wp-json\/wp\/v2\/product"}],"about":[{"href":"https:\/\/helseforhandleren.no\/de\/wp-json\/wp\/v2\/types\/product"}],"replies":[{"embeddable":true,"href":"https:\/\/helseforhandleren.no\/de\/wp-json\/wp\/v2\/comments?post=34400"}],"wp:featuredmedia":[{"embeddable":true,"href":"https:\/\/helseforhandleren.no\/de\/wp-json\/wp\/v2\/media\/82053"}],"wp:attachment":[{"href":"https:\/\/helseforhandleren.no\/de\/wp-json\/wp\/v2\/media?parent=34400"}],"wp:term":[{"taxonomy":"product_brand","embeddable":true,"href":"https:\/\/helseforhandleren.no\/de\/wp-json\/wp\/v2\/product_brand?post=34400"},{"taxonomy":"product_cat","embeddable":true,"href":"https:\/\/helseforhandleren.no\/de\/wp-json\/wp\/v2\/product_cat?post=34400"},{"taxonomy":"product_tag","embeddable":true,"href":"https:\/\/helseforhandleren.no\/de\/wp-json\/wp\/v2\/product_tag?post=34400"}],"curies":[{"name":"wp","href":"https:\/\/api.w.org\/{rel}","templated":true}]}}