{"id":34407,"date":"2014-08-10T09:54:46","date_gmt":"2014-08-10T09:54:46","guid":{"rendered":"http:\/\/helseforhandleren.no\/butikk\/ukategorisert\/abschirmstoff-wear-hf-150-cm\/"},"modified":"2024-04-05T09:30:40","modified_gmt":"2024-04-05T09:30:40","slug":"abschirmstoff-wear-hf-150-cm","status":"publish","type":"product","link":"https:\/\/helseforhandleren.no\/de\/geschaeft\/abschirmung\/fabric-vorhang-de\/abschirmstoff-wear-hf-150-cm\/","title":{"rendered":"Abschirmstoff WEAR, HF, 150 cm"},"content":{"rendered":"<div class=\"product--description\">\n<p>WEAR ist ein <strong>dichter Baumwollstoff<\/strong> zur Abschirmung hochfrequenter elektromagnetischer Felder (HF). <strong>Typische Anwendung zum N\u00e4hen von Abschirmbekleidung<\/strong>. Nicht elektrisch leitf\u00e4hig.<\/p>\n<ul>\n<li>Gute Haptik und angenehmes Hautgef\u00fchl<\/li>\n<li>Textile Eigenschaften: Waschbar, b\u00fcgelbar, n\u00e4hbar<\/li>\n<li>Qualit\u00e4tseinstufung: Sehr hoch<\/li>\n<\/ul>\n<p>Technische Daten<\/p>\n<ul>\n<li><strong>Breite: 150 cm, +\/- 2 cm<\/strong><\/li>\n<li>L\u00e4nge: Meterware<\/li>\n<li><strong>Schirmd\u00e4mpfung: 30 dB<\/strong>, zweilagig 39 dB<\/li>\n<li>Farbe: Wei\u00df<\/li>\n<li>Rohstoffe: 90 % Baumwolle, 9.5 % Kupfer, 0.5 % Silber<\/li>\n<li>Fl\u00e4chengewicht: 70 g\/m\u00b2<\/li>\n<li>Dimensionsstabilit\u00e4t: +\/- 3 %<\/li>\n<\/ul>\n<\/div>\n<div class=\"content--title\">\n<div class=\"unterlinie\"><strong>Schirmd\u00e4mpfung:<\/strong> Alle angegebenen Schirmd\u00e4mpfungswerte gelten bei 1 GHz. Messung nach ASTM D4935-10 oder IEEE Std 299-2006 oder IEEEE Std 1128-1998 oder ASTM A698\/A698M-07. Das Messprotokoll finden Sie oben unter &#8222;Gutachten Schirmung&#8220;.<\/div>\n<div class=\"unterlinie\"><\/div>\n<div class=\"unterlinie\"><strong>Erdung:<\/strong> Elektrisch nicht leitf\u00e4hig. Keine Abschirmung von elektrischen Wechselfeldern (NF), diese m\u00fcssen durch erg\u00e4nzende Ma\u00dfnahmen reduziert werden. Wir empfehlen die Abschirmung mit NSF34, NCV95 oder die Freischaltung mit einem Netzabkoppler.<\/div>\n<\/div>\n","protected":false},"excerpt":{"rendered":"<p>WEAR ist ein <strong>dichter Baumwollstoff<\/strong> zur Abschirmung hochfrequenter elektromagnetischer Felder (HF). <strong>Typische Anwendung zum N\u00e4hen von Abschirmbekleidung<\/strong>. Nicht elektrisch leitf\u00e4hig.<\/p>\n","protected":false},"featured_media":86613,"comment_status":"closed","ping_status":"closed","template":"","meta":[],"product_brand":[],"product_cat":[736],"product_tag":[1290,1275,1293,572],"class_list":{"0":"post-34407","1":"product","2":"type-product","3":"status-publish","4":"has-post-thumbnail","6":"product_cat-fabric-vorhang-de","7":"product_tag-klaer-2-2","8":"product_tag-skjerming-2","9":"product_tag-stoff-2","10":"product_tag-straling-de","12":"first","13":"onbackorder","14":"taxable","15":"shipping-taxable","16":"purchasable","17":"product-type-simple"},"_links":{"self":[{"href":"https:\/\/helseforhandleren.no\/de\/wp-json\/wp\/v2\/product\/34407","targetHints":{"allow":["GET"]}}],"collection":[{"href":"https:\/\/helseforhandleren.no\/de\/wp-json\/wp\/v2\/product"}],"about":[{"href":"https:\/\/helseforhandleren.no\/de\/wp-json\/wp\/v2\/types\/product"}],"replies":[{"embeddable":true,"href":"https:\/\/helseforhandleren.no\/de\/wp-json\/wp\/v2\/comments?post=34407"}],"wp:featuredmedia":[{"embeddable":true,"href":"https:\/\/helseforhandleren.no\/de\/wp-json\/wp\/v2\/media\/86613"}],"wp:attachment":[{"href":"https:\/\/helseforhandleren.no\/de\/wp-json\/wp\/v2\/media?parent=34407"}],"wp:term":[{"taxonomy":"product_brand","embeddable":true,"href":"https:\/\/helseforhandleren.no\/de\/wp-json\/wp\/v2\/product_brand?post=34407"},{"taxonomy":"product_cat","embeddable":true,"href":"https:\/\/helseforhandleren.no\/de\/wp-json\/wp\/v2\/product_cat?post=34407"},{"taxonomy":"product_tag","embeddable":true,"href":"https:\/\/helseforhandleren.no\/de\/wp-json\/wp\/v2\/product_tag?post=34407"}],"curies":[{"name":"wp","href":"https:\/\/api.w.org\/{rel}","templated":true}]}}